{"id":32578,"date":"2025-12-11T12:01:12","date_gmt":"2025-12-11T12:01:12","guid":{"rendered":"https:\/\/xn--kbrsglobalstore-7kcc.com\/?post_type=product&#038;p=32578"},"modified":"2025-12-17T20:11:36","modified_gmt":"2025-12-17T20:11:36","slug":"manfinity-homme-mens-solid-color-long-sleeve-zip-up-pu-leather-jacket-winter-jacket-for-men-brown-jacket-men","status":"publish","type":"product","link":"https:\/\/xn--kbrsglobalstore-7kcc.com\/tr\/urun\/manfinity-homme-mens-solid-color-long-sleeve-zip-up-pu-leather-jacket-winter-jacket-for-men-brown-jacket-men\/","title":{"rendered":"Manfinity Homme Erkek D\u00fcz Renk Uzun Kollu Fermuarl\u0131 PU Deri K\u0131\u015fl\u0131k Ceket, Kahverengi Erkek Ceket"},"content":{"rendered":"<div class=\"ds-message _63c77b1\">\n<div class=\"ds-markdown\">\n<p class=\"ds-markdown-paragraph translation-block\">Manfinity Homme Erkek PU Deri Ceket ile keskin ve \u00e7a\u011fda\u015f bir tarzla dikkatleri \u00fczerinize \u00e7ekin. Zengin ve \u00e7ok y\u00f6nl\u00fc bir kahverengi tonunda y\u00fcksek kaliteli sentetik PU deriden \u00fcretilen bu ceket, ger\u00e7ek derinin \u015f\u0131k ve parlak g\u00f6r\u00fcn\u00fcm\u00fcn\u00fc kolay bak\u0131m dayan\u0131kl\u0131l\u0131\u011f\u0131yla birle\u015ftiriyor.<\/p>\n<p class=\"ds-markdown-paragraph translation-block\">So\u011fuk havalar i\u00e7in tasarlanan bu \u00fcr\u00fcn, uzun kollar\u0131 ve tam fermuarl\u0131 \u00f6n\u00fcyle pratik bir s\u0131cakl\u0131k ve v\u00fccuda oturan bir kesim sunar. D\u00fcz renk tasar\u0131m\u0131 ve minimalist metal aksesuarlar\u0131, g\u00fcndelik gezilerde, gece k\u0131yafetlerinde veya k\u0131\u015f gard\u0131robunuzda dikkat \u00e7ekici bir katman olarak zahmetsizce kullan\u0131labilen temiz ve modern bir sil\u00fcet olu\u015fturur.<\/p>\n<p class=\"ds-markdown-paragraph\">Her erke\u011fin gard\u0131robuna zamans\u0131z bir katk\u0131 sa\u011flayacak olan bu ceket, kot pantolon, chino pantolon veya g\u00fcnl\u00fck pantolonlarla kolayca kombinlenebilir. Modern erkek i\u00e7in sa\u011flam \u015f\u0131kl\u0131k ve g\u00fcnl\u00fck rahatl\u0131\u011f\u0131n m\u00fckemmel bir kar\u0131\u015f\u0131m\u0131d\u0131r.<\/p>\n<\/div>\n<\/div>\n<div class=\"ds-theme\"><\/div>\n<div class=\"ds-flex _0a3d93b\">\n<div class=\"ds-flex _965abe9 _54866f7\">\n<div class=\"db183363 ds-icon-button ds-icon-button--m ds-icon-button--sizing-container\" tabindex=\"0\" role=\"button\" aria-disabled=\"false\">\n<div class=\"ds-icon-button__hover-bg\"><\/div>\n<div class=\"ds-icon\"><\/div>\n<div class=\"ds-focus-ring\"><\/div>\n<\/div>\n<div class=\"db183363 ds-icon-button ds-icon-button--m ds-icon-button--sizing-container\" tabindex=\"0\" role=\"button\" aria-disabled=\"false\">\n<div class=\"ds-icon-button__hover-bg\"><\/div>\n<div class=\"ds-icon\"><\/div>\n<div class=\"ds-focus-ring\"><\/div>\n<\/div>\n<div class=\"db183363 ds-icon-button ds-icon-button--m ds-icon-button--sizing-container\" tabindex=\"0\" role=\"button\" aria-disabled=\"false\">\n<div class=\"ds-icon-button__hover-bg\"><\/div>\n<div class=\"ds-icon\"><\/div>\n<div class=\"ds-focus-ring\"><\/div>\n<\/div>\n<div class=\"db183363 ds-icon-button ds-icon-button--m ds-icon-button--sizing-container\" tabindex=\"0\" role=\"button\" aria-disabled=\"false\">\n<div class=\"ds-icon-button__hover-bg\"><\/div>\n<div class=\"ds-icon\"><\/div>\n<div class=\"ds-focus-ring\"><\/div>\n<\/div>\n<div class=\"db183363 ds-icon-button ds-icon-button--m ds-icon-button--sizing-container\" tabindex=\"0\" role=\"button\" aria-disabled=\"false\">\n<div class=\"ds-icon-button__hover-bg\"><\/div>\n<div class=\"ds-icon\"><\/div>\n<\/div>\n<\/div>\n<\/div>","protected":false},"excerpt":{"rendered":"<p>Command attention with sharp, contemporary style in the Manfinity Homme Men&#8217;s PU Leather Jacket. Crafted from high-quality\u00a0synthetic PU leather\u00a0in a rich, versatile\u00a0brown, this jacket delivers the sleek, polished look of genuine leather with easy-care durability. Designed for colder weather, its\u00a0long sleeves and full-zip front\u00a0offer practical warmth and a tailored fit. The\u00a0solid color design\u00a0and minimalist hardware [&hellip;]<\/p>","protected":false},"featured_media":32597,"comment_status":"open","ping_status":"closed","template":"","meta":{"_monsterinsights_skip_tracking":false,"_monsterinsights_sitenote_active":false,"_monsterinsights_sitenote_note":"","_monsterinsights_sitenote_category":0},"product_brand":[],"product_cat":[15,75,140],"product_tag":[],"class_list":{"0":"post-32578","1":"product","2":"type-product","3":"status-publish","4":"has-post-thumbnail","6":"product_cat-uncategorized","7":"product_cat-mens-clothing","8":"product_cat-outwear-mens","10":"first","11":"instock","12":"shipping-taxable","13":"purchasable","14":"product-type-simple"},"aioseo_notices":[],"_links":{"self":[{"href":"https:\/\/xn--kbrsglobalstore-7kcc.com\/tr\/wp-json\/wp\/v2\/product\/32578","targetHints":{"allow":["GET"]}}],"collection":[{"href":"https:\/\/xn--kbrsglobalstore-7kcc.com\/tr\/wp-json\/wp\/v2\/product"}],"about":[{"href":"https:\/\/xn--kbrsglobalstore-7kcc.com\/tr\/wp-json\/wp\/v2\/types\/product"}],"replies":[{"embeddable":true,"href":"https:\/\/xn--kbrsglobalstore-7kcc.com\/tr\/wp-json\/wp\/v2\/comments?post=32578"}],"wp:featuredmedia":[{"embeddable":true,"href":"https:\/\/xn--kbrsglobalstore-7kcc.com\/tr\/wp-json\/wp\/v2\/media\/32597"}],"wp:attachment":[{"href":"https:\/\/xn--kbrsglobalstore-7kcc.com\/tr\/wp-json\/wp\/v2\/media?parent=32578"}],"wp:term":[{"taxonomy":"product_brand","embeddable":true,"href":"https:\/\/xn--kbrsglobalstore-7kcc.com\/tr\/wp-json\/wp\/v2\/product_brand?post=32578"},{"taxonomy":"product_cat","embeddable":true,"href":"https:\/\/xn--kbrsglobalstore-7kcc.com\/tr\/wp-json\/wp\/v2\/product_cat?post=32578"},{"taxonomy":"product_tag","embeddable":true,"href":"https:\/\/xn--kbrsglobalstore-7kcc.com\/tr\/wp-json\/wp\/v2\/product_tag?post=32578"}],"curies":[{"name":"wp","href":"https:\/\/api.w.org\/{rel}","templated":true}]}}