{"id":32577,"date":"2025-12-11T11:59:26","date_gmt":"2025-12-11T11:59:26","guid":{"rendered":"https:\/\/xn--kbrsglobalstore-7kcc.com\/?post_type=product&#038;p=32577"},"modified":"2025-12-17T20:11:36","modified_gmt":"2025-12-17T20:11:36","slug":"manfinity-homme-mens-solid-color-zip-up-long-sleeve-outdoor-windbreaker-jacket-fashionable-summer-casual-zip-ups-men-bomber-jacket-navy-blue-jacket-for-fall","status":"publish","type":"product","link":"https:\/\/xn--kbrsglobalstore-7kcc.com\/tr\/urun\/manfinity-homme-mens-solid-color-zip-up-long-sleeve-outdoor-windbreaker-jacket-fashionable-summer-casual-zip-ups-men-bomber-jacket-navy-blue-jacket-for-fall\/","title":{"rendered":"Manfinity Homme Erkek D\u00fcz Renk Fermuarl\u0131 Uzun Kollu D\u0131\u015f Mekan R\u00fczgarl\u0131k Ceket, \u015e\u0131k Yazl\u0131k G\u00fcnl\u00fck Fermuarl\u0131 Erkek Bomber Ceket Lacivert Ceket, Sonbahar \u0130\u00e7in"},"content":{"rendered":"<p class=\"ds-markdown-paragraph translation-block\">Ge\u00e7i\u015f mevsimleri i\u00e7in vazge\u00e7ilmez katman\u0131n\u0131zla tan\u0131\u015f\u0131n: Manfinity Homme Erkek Fermuarl\u0131 R\u00fczgarl\u0131k. \u00c7ok y\u00f6nl\u00fc lacivert renkte tasarlanan bu ceket, yaz esintileri ve serin sonbahar g\u00fcnleri i\u00e7in m\u00fckemmel, hafif ve r\u00fczgara dayan\u0131kl\u0131 bir yap\u0131 sunuyor.<\/p>\n<p class=\"ds-markdown-paragraph translation-block\">Rahat, bomber tarz\u0131 sil\u00fceti ve p\u00fcr\u00fczs\u00fcz, tam fermuarl\u0131 \u00f6n k\u0131sm\u0131 ve uzun kollar\u0131yla, hacimli olmadan do\u011fru miktarda koruma sa\u011flar. Nefes alabilen, rahat kuma\u015f\u0131 sayesinde a\u00e7\u0131k hava aktiviteleri, seyahat veya g\u00fcnl\u00fck rahat giyim i\u00e7in idealdir.<\/p>\n<p class=\"ds-markdown-paragraph translation-block\">Ti\u015f\u00f6rtlerin veya kazaklar\u0131n \u00fczerine kolayca giyilebilen bu \u015f\u0131k fermuarl\u0131 ceket, modern gard\u0131robun vazge\u00e7ilmez bir par\u00e7as\u0131d\u0131r. Kullan\u0131\u015fl\u0131l\u0131k ve stilin m\u00fckemmel birle\u015fimi, her t\u00fcrl\u00fc maceraya haz\u0131r.<\/p>","protected":false},"excerpt":{"rendered":"<p>Meet your go-to layer for transitional weather: the Manfinity Homme Men&#8217;s Zip-Up Windbreaker. Designed with a\u00a0clean, solid color\u00a0in a versatile\u00a0navy blue, this jacket offers a\u00a0lightweight, wind-resistant\u00a0build perfect for\u00a0summer breezes and crisp fall days. Featuring a\u00a0casual bomber-inspired silhouette\u00a0with a smooth\u00a0full-zip front\u00a0and long sleeves, it provides just the right amount of coverage without bulk. Its\u00a0breathable, comfortable fabric\u00a0makes [&hellip;]<\/p>","protected":false},"featured_media":32593,"comment_status":"open","ping_status":"closed","template":"","meta":{"_monsterinsights_skip_tracking":false,"_monsterinsights_sitenote_active":false,"_monsterinsights_sitenote_note":"","_monsterinsights_sitenote_category":0},"product_brand":[],"product_cat":[15,75,140],"product_tag":[],"class_list":{"0":"post-32577","1":"product","2":"type-product","3":"status-publish","4":"has-post-thumbnail","6":"product_cat-uncategorized","7":"product_cat-mens-clothing","8":"product_cat-outwear-mens","10":"first","11":"instock","12":"shipping-taxable","13":"purchasable","14":"product-type-simple"},"aioseo_notices":[],"_links":{"self":[{"href":"https:\/\/xn--kbrsglobalstore-7kcc.com\/tr\/wp-json\/wp\/v2\/product\/32577","targetHints":{"allow":["GET"]}}],"collection":[{"href":"https:\/\/xn--kbrsglobalstore-7kcc.com\/tr\/wp-json\/wp\/v2\/product"}],"about":[{"href":"https:\/\/xn--kbrsglobalstore-7kcc.com\/tr\/wp-json\/wp\/v2\/types\/product"}],"replies":[{"embeddable":true,"href":"https:\/\/xn--kbrsglobalstore-7kcc.com\/tr\/wp-json\/wp\/v2\/comments?post=32577"}],"wp:featuredmedia":[{"embeddable":true,"href":"https:\/\/xn--kbrsglobalstore-7kcc.com\/tr\/wp-json\/wp\/v2\/media\/32593"}],"wp:attachment":[{"href":"https:\/\/xn--kbrsglobalstore-7kcc.com\/tr\/wp-json\/wp\/v2\/media?parent=32577"}],"wp:term":[{"taxonomy":"product_brand","embeddable":true,"href":"https:\/\/xn--kbrsglobalstore-7kcc.com\/tr\/wp-json\/wp\/v2\/product_brand?post=32577"},{"taxonomy":"product_cat","embeddable":true,"href":"https:\/\/xn--kbrsglobalstore-7kcc.com\/tr\/wp-json\/wp\/v2\/product_cat?post=32577"},{"taxonomy":"product_tag","embeddable":true,"href":"https:\/\/xn--kbrsglobalstore-7kcc.com\/tr\/wp-json\/wp\/v2\/product_tag?post=32577"}],"curies":[{"name":"wp","href":"https:\/\/api.w.org\/{rel}","templated":true}]}}