{"id":32576,"date":"2025-12-11T11:57:33","date_gmt":"2025-12-11T11:57:33","guid":{"rendered":"https:\/\/xn--kbrsglobalstore-7kcc.com\/?post_type=product&#038;p=32576"},"modified":"2025-12-17T20:11:36","modified_gmt":"2025-12-17T20:11:36","slug":"manfinity-homme-mens-long-sleeve-zip-up-collar-casual-loose-fit-thermal-lined-jacket-autumn-winter","status":"publish","type":"product","link":"https:\/\/xn--kbrsglobalstore-7kcc.com\/tr\/urun\/manfinity-homme-mens-long-sleeve-zip-up-collar-casual-loose-fit-thermal-lined-jacket-autumn-winter\/","title":{"rendered":"Manfinity Homme Erkek Uzun Kollu Fermuarl\u0131 Yaka G\u00fcnl\u00fck Bol Kesim Termal Astarl\u0131 Ceket, Sonbahar K\u0131\u015f"},"content":{"rendered":"<div class=\"ds-message _63c77b1\">\n<div class=\"ds-markdown\">\n<p class=\"ds-markdown-paragraph translation-block\">So\u011fuk aylarda Manfinity Homme Erkek Fermuarl\u0131 Yaka Ceket ile hem s\u0131cak kal\u0131n hem de \u015f\u0131k g\u00f6r\u00fcn\u00fcn. Sonbahar ve k\u0131\u015f i\u00e7in tasarlanan bu ceket, rahat ve bol kesimi, so\u011fu\u011fa kar\u015f\u0131 konforlu yal\u0131t\u0131m sa\u011flayan rahat termal astar\u0131 sayesinde pratik bir s\u0131cakl\u0131kla birle\u015ftiriyor.<\/p>\n<p class=\"ds-markdown-paragraph translation-block\">Modern dik yakas\u0131 ve p\u00fcr\u00fczs\u00fcz tam boy fermuarl\u0131 \u00f6n k\u0131sm\u0131 ile kolay katmanlama ve temiz, \u015f\u0131k bir g\u00f6r\u00fcn\u00fcm sunar. Dayan\u0131kl\u0131 kuma\u015f\u0131 ve \u00f6zenli tasar\u0131m\u0131, i\u015fe gidip gelirken, al\u0131\u015fveri\u015f yaparken veya hafta sonu gezilerinde g\u00fcnl\u00fck kullan\u0131m i\u00e7in g\u00fcvenilir bir se\u00e7im olmas\u0131n\u0131 sa\u011flar.<\/p>\n<p class=\"ds-markdown-paragraph\">So\u011fuk havalarda gard\u0131robunuzun olmazsa olmaz\u0131 olan bu \u00e7ok y\u00f6nl\u00fc ceket, kot pantolon veya chino pantolonlarla zahmetsizce kombinlenebilir. Konfor, i\u015flevsellik ve sade stilin mevsim i\u00e7in m\u00fckemmel bir kar\u0131\u015f\u0131m\u0131d\u0131r.<\/p>\n<\/div>\n<\/div>\n<div class=\"ds-theme\"><\/div>\n<div class=\"ds-flex _0a3d93b\">\n<div class=\"ds-flex _965abe9 _54866f7\">\n<div class=\"db183363 ds-icon-button ds-icon-button--m ds-icon-button--sizing-container\" tabindex=\"0\" role=\"button\" aria-disabled=\"false\">\n<div class=\"ds-icon-button__hover-bg\"><\/div>\n<div class=\"ds-icon\"><\/div>\n<div class=\"ds-focus-ring\"><\/div>\n<\/div>\n<div class=\"db183363 ds-icon-button ds-icon-button--m ds-icon-button--sizing-container\" tabindex=\"0\" role=\"button\" aria-disabled=\"false\">\n<div class=\"ds-icon-button__hover-bg\"><\/div>\n<div class=\"ds-icon\"><\/div>\n<div class=\"ds-focus-ring\"><\/div>\n<\/div>\n<div class=\"db183363 ds-icon-button ds-icon-button--m ds-icon-button--sizing-container\" tabindex=\"0\" role=\"button\" aria-disabled=\"false\">\n<div class=\"ds-icon-button__hover-bg\"><\/div>\n<div class=\"ds-icon\"><\/div>\n<div class=\"ds-focus-ring\"><\/div>\n<\/div>\n<div class=\"db183363 ds-icon-button ds-icon-button--m ds-icon-button--sizing-container\" tabindex=\"0\" role=\"button\" aria-disabled=\"false\">\n<div class=\"ds-icon-button__hover-bg\"><\/div>\n<div class=\"ds-icon\"><\/div>\n<div class=\"ds-focus-ring\"><\/div>\n<\/div>\n<div class=\"db183363 ds-icon-button ds-icon-button--m ds-icon-button--sizing-container\" tabindex=\"0\" role=\"button\" aria-disabled=\"false\">\n<div class=\"ds-icon-button__hover-bg\"><\/div>\n<div class=\"ds-icon\"><\/div>\n<\/div>\n<\/div>\n<\/div>","protected":false},"excerpt":{"rendered":"<p>Stay warm and stylish through the cooler months with the Manfinity Homme Men&#8217;s Zip-Up Collar Jacket. Designed for\u00a0autumn and winter, this jacket combines a\u00a0casual, loose fit\u00a0with practical warmth, thanks to its\u00a0cozy thermal lining\u00a0that provides comfortable insulation against the chill. Featuring a modern\u00a0stand collar\u00a0and a smooth\u00a0full-length zip front, it offers easy layering and a clean, polished [&hellip;]<\/p>","protected":false},"featured_media":32590,"comment_status":"open","ping_status":"closed","template":"","meta":{"_monsterinsights_skip_tracking":false,"_monsterinsights_sitenote_active":false,"_monsterinsights_sitenote_note":"","_monsterinsights_sitenote_category":0},"product_brand":[],"product_cat":[15,75,140],"product_tag":[],"class_list":{"0":"post-32576","1":"product","2":"type-product","3":"status-publish","4":"has-post-thumbnail","6":"product_cat-uncategorized","7":"product_cat-mens-clothing","8":"product_cat-outwear-mens","10":"first","11":"instock","12":"shipping-taxable","13":"purchasable","14":"product-type-simple"},"aioseo_notices":[],"_links":{"self":[{"href":"https:\/\/xn--kbrsglobalstore-7kcc.com\/tr\/wp-json\/wp\/v2\/product\/32576","targetHints":{"allow":["GET"]}}],"collection":[{"href":"https:\/\/xn--kbrsglobalstore-7kcc.com\/tr\/wp-json\/wp\/v2\/product"}],"about":[{"href":"https:\/\/xn--kbrsglobalstore-7kcc.com\/tr\/wp-json\/wp\/v2\/types\/product"}],"replies":[{"embeddable":true,"href":"https:\/\/xn--kbrsglobalstore-7kcc.com\/tr\/wp-json\/wp\/v2\/comments?post=32576"}],"wp:featuredmedia":[{"embeddable":true,"href":"https:\/\/xn--kbrsglobalstore-7kcc.com\/tr\/wp-json\/wp\/v2\/media\/32590"}],"wp:attachment":[{"href":"https:\/\/xn--kbrsglobalstore-7kcc.com\/tr\/wp-json\/wp\/v2\/media?parent=32576"}],"wp:term":[{"taxonomy":"product_brand","embeddable":true,"href":"https:\/\/xn--kbrsglobalstore-7kcc.com\/tr\/wp-json\/wp\/v2\/product_brand?post=32576"},{"taxonomy":"product_cat","embeddable":true,"href":"https:\/\/xn--kbrsglobalstore-7kcc.com\/tr\/wp-json\/wp\/v2\/product_cat?post=32576"},{"taxonomy":"product_tag","embeddable":true,"href":"https:\/\/xn--kbrsglobalstore-7kcc.com\/tr\/wp-json\/wp\/v2\/product_tag?post=32576"}],"curies":[{"name":"wp","href":"https:\/\/api.w.org\/{rel}","templated":true}]}}