{"id":32575,"date":"2025-12-11T11:55:24","date_gmt":"2025-12-11T11:55:24","guid":{"rendered":"https:\/\/xn--kbrsglobalstore-7kcc.com\/?post_type=product&#038;p=32575"},"modified":"2025-12-17T20:11:37","modified_gmt":"2025-12-17T20:11:37","slug":"manfinity-homme-mens-solid-color-long-sleeve-stand-collar-zip-front-casual-jacket-men-zip-up-jacket-brown-jacket-men-mens-mocha-bomber-jacket-mens-casual-jacket-mens-bomber-jacket-mens-brown-bomber","status":"publish","type":"product","link":"https:\/\/xn--kbrsglobalstore-7kcc.com\/tr\/urun\/manfinity-homme-mens-solid-color-long-sleeve-stand-collar-zip-front-casual-jacket-men-zip-up-jacket-brown-jacket-men-mens-mocha-bomber-jacket-mens-casual-jacket-mens-bomber-jacket-mens-brown-bomber\/","title":{"rendered":"Manfinity Homme Erkek D\u00fcz Renk Uzun Kollu Dik Yaka Fermuarl\u0131 G\u00fcnl\u00fck Ceket"},"content":{"rendered":"<p class=\"ds-markdown-paragraph translation-block\">Manfinity Homme Erkek Bomber Ceket ile g\u00fcnl\u00fck gard\u0131robunuzu bir \u00fcst seviyeye ta\u015f\u0131y\u0131n; zamans\u0131z bir sil\u00fcetin modern bir yorumu. Zengin ve \u00e7ok y\u00f6nl\u00fc bir mocha kahverengi tonunda \u00fcretilen bu ceket, sade bir d\u00fcz renk tasar\u0131m\u0131na, \u015f\u0131k bir dik yakaya ve kolay katmanlama ve \u015f\u0131k bir g\u00f6r\u00fcn\u00fcm i\u00e7in p\u00fcr\u00fczs\u00fcz bir tam fermuarl\u0131 \u00f6n k\u0131sma sahiptir.<\/p>\n<p class=\"ds-markdown-paragraph translation-block\">Hafif ve rahat bir kuma\u015ftan \u00fcretilen bu ceket, sonbahar ve serin ak\u015famlar i\u00e7in m\u00fckemmel bir ge\u00e7i\u015f par\u00e7as\u0131d\u0131r. Ribanal\u0131 man\u015fetleri ve etek ucuyla klasik bomber ceket modeli, hafta sonu gezilerinden rahat Cuma g\u00fcnlerine kadar sorunsuz bir \u015fekilde uyum sa\u011flayan \u00f6zel bir kesim sunar.<\/p>\n<p class=\"ds-markdown-paragraph translation-block\">Zahmetsiz bir stil i\u00e7in sade bir ti\u015f\u00f6rt ve kot pantolonla kombinleyin. Bu bej ceket, sade \u015f\u0131kl\u0131\u011f\u0131 g\u00fcnl\u00fck rahatl\u0131k ve \u00e7ok y\u00f6nl\u00fcl\u00fckle harmanlayarak her erke\u011fin gard\u0131robunun temel par\u00e7alar\u0131ndan biridir.<\/p>","protected":false},"excerpt":{"rendered":"<p>Elevate your casual wardrobe with the Manfinity Homme Men&#8217;s Bomber Jacket, a modern take on a timeless silhouette. Crafted in a rich, versatile\u00a0mocha brown, this jacket features a clean\u00a0solid color design, a sleek\u00a0stand collar, and a smooth\u00a0full-zip front\u00a0for easy layering and a polished look. Made from a lightweight, comfortable fabric, it&#8217;s the perfect\u00a0transitional piece for [&hellip;]<\/p>","protected":false},"featured_media":32585,"comment_status":"open","ping_status":"closed","template":"","meta":{"_monsterinsights_skip_tracking":false,"_monsterinsights_sitenote_active":false,"_monsterinsights_sitenote_note":"","_monsterinsights_sitenote_category":0},"product_brand":[],"product_cat":[15,75,140],"product_tag":[],"class_list":{"0":"post-32575","1":"product","2":"type-product","3":"status-publish","4":"has-post-thumbnail","6":"product_cat-uncategorized","7":"product_cat-mens-clothing","8":"product_cat-outwear-mens","10":"first","11":"instock","12":"shipping-taxable","13":"purchasable","14":"product-type-simple"},"aioseo_notices":[],"_links":{"self":[{"href":"https:\/\/xn--kbrsglobalstore-7kcc.com\/tr\/wp-json\/wp\/v2\/product\/32575","targetHints":{"allow":["GET"]}}],"collection":[{"href":"https:\/\/xn--kbrsglobalstore-7kcc.com\/tr\/wp-json\/wp\/v2\/product"}],"about":[{"href":"https:\/\/xn--kbrsglobalstore-7kcc.com\/tr\/wp-json\/wp\/v2\/types\/product"}],"replies":[{"embeddable":true,"href":"https:\/\/xn--kbrsglobalstore-7kcc.com\/tr\/wp-json\/wp\/v2\/comments?post=32575"}],"wp:featuredmedia":[{"embeddable":true,"href":"https:\/\/xn--kbrsglobalstore-7kcc.com\/tr\/wp-json\/wp\/v2\/media\/32585"}],"wp:attachment":[{"href":"https:\/\/xn--kbrsglobalstore-7kcc.com\/tr\/wp-json\/wp\/v2\/media?parent=32575"}],"wp:term":[{"taxonomy":"product_brand","embeddable":true,"href":"https:\/\/xn--kbrsglobalstore-7kcc.com\/tr\/wp-json\/wp\/v2\/product_brand?post=32575"},{"taxonomy":"product_cat","embeddable":true,"href":"https:\/\/xn--kbrsglobalstore-7kcc.com\/tr\/wp-json\/wp\/v2\/product_cat?post=32575"},{"taxonomy":"product_tag","embeddable":true,"href":"https:\/\/xn--kbrsglobalstore-7kcc.com\/tr\/wp-json\/wp\/v2\/product_tag?post=32575"}],"curies":[{"name":"wp","href":"https:\/\/api.w.org\/{rel}","templated":true}]}}