{"id":32523,"date":"2025-12-11T02:29:20","date_gmt":"2025-12-11T02:29:20","guid":{"rendered":"https:\/\/xn--kbrsglobalstore-7kcc.com\/?post_type=product&#038;p=32523"},"modified":"2025-12-17T20:14:01","modified_gmt":"2025-12-17T20:14:01","slug":"summer-fashion-niche-slip-on-casual-breathable-outdoor-loafers-men-slouchy-shoes-chic-autumn","status":"publish","type":"product","link":"https:\/\/xn--kbrsglobalstore-7kcc.com\/tr\/urun\/summer-fashion-niche-slip-on-casual-breathable-outdoor-loafers-men-slouchy-shoes-chic-autumn\/","title":{"rendered":"Erkek Kol Saatleri Orijinal POEDAGAR Marka 50M Su Ge\u00e7irmez Hassas Japon \u0130thal Kuvars Mekanizmal\u0131 Saat"},"content":{"rendered":"<p class=\"ds-markdown-paragraph translation-block\">Orijinal POEDAGAR Erkek \u0130\u015f Saati ile zamans\u0131z profesyonelli\u011fi ve sa\u011flam m\u00fchendisli\u011fi somutla\u015ft\u0131r\u0131n. Bu sofistike saat, modern ve hareketli erkek i\u00e7in ola\u011fan\u00fcst\u00fc do\u011fruluk ve g\u00fcvenilirlik sa\u011flayan, Japonya'dan ithal edilmi\u015f hassas bir kuvars mekanizmas\u0131yla \u00e7al\u0131\u015fmaktad\u0131r.<\/p>\n<p class=\"ds-markdown-paragraph translation-block\">Dayan\u0131kl\u0131l\u0131k i\u00e7in tasarlanan bu saat, 50 metreye kadar su ge\u00e7irmez kasaya ve paslanmaz 316L \u00e7elik kay\u0131\u015fa sahip olup, sa\u011flaml\u0131\u011f\u0131 parlak g\u00fcm\u00fc\u015f esteti\u011fiyle birle\u015ftiriyor. Pratik \u0130ngilizce takvim fonksiyonu ve fosforlu ibreler, gece g\u00fcnd\u00fcz m\u00fckemmel okunabilirlik ve d\u00fczen sa\u011fl\u0131yor.<\/p>\n<p class=\"ds-markdown-paragraph translation-block\">Bir aksesuardan \u00e7ok daha fazlas\u0131, kal\u0131c\u0131 bir stil ifadesi. Do\u011fum g\u00fcnleri, Babalar G\u00fcn\u00fc veya e\u015finiz i\u00e7in unutulmaz bir hediye olarak sunulan bu saat, ayn\u0131 zamanda kariyerine yeni ba\u015flayanlar i\u00e7in de \u00f6ne \u00e7\u0131kan bir okul ba\u015flang\u0131c\u0131 aksesuar\u0131. \u00d6nemli anlar\u0131 hassasiyet ve zarafetle i\u015faretlemek i\u00e7in tasarlanm\u0131\u015f, nesilden nesile aktar\u0131lacak bir par\u00e7a.<\/p>","protected":false},"excerpt":{"rendered":"<p>Embody timeless professionalism and robust engineering with the genuine POEDAGAR Men&#8217;s Business Watch. This sophisticated timepiece is powered by a\u00a0precision Japan-imported quartz movement, ensuring exceptional accuracy and reliability for the modern man on the move. Built for durability, it features a\u00a050-meter water-resistant case\u00a0and a\u00a0rust-proof 316L stainless steel strap, combining resilience with a polished silver aesthetic. [&hellip;]<\/p>","protected":false},"featured_media":32571,"comment_status":"open","ping_status":"closed","template":"","meta":{"_monsterinsights_skip_tracking":false,"_monsterinsights_sitenote_active":false,"_monsterinsights_sitenote_note":"","_monsterinsights_sitenote_category":0},"product_brand":[],"product_cat":[15,114,141],"product_tag":[],"class_list":{"0":"post-32523","1":"product","2":"type-product","3":"status-publish","4":"has-post-thumbnail","6":"product_cat-uncategorized","7":"product_cat-jewelry-and-accessories","8":"product_cat-watches","10":"first","11":"instock","12":"shipping-taxable","13":"purchasable","14":"product-type-simple"},"aioseo_notices":[],"_links":{"self":[{"href":"https:\/\/xn--kbrsglobalstore-7kcc.com\/tr\/wp-json\/wp\/v2\/product\/32523","targetHints":{"allow":["GET"]}}],"collection":[{"href":"https:\/\/xn--kbrsglobalstore-7kcc.com\/tr\/wp-json\/wp\/v2\/product"}],"about":[{"href":"https:\/\/xn--kbrsglobalstore-7kcc.com\/tr\/wp-json\/wp\/v2\/types\/product"}],"replies":[{"embeddable":true,"href":"https:\/\/xn--kbrsglobalstore-7kcc.com\/tr\/wp-json\/wp\/v2\/comments?post=32523"}],"wp:featuredmedia":[{"embeddable":true,"href":"https:\/\/xn--kbrsglobalstore-7kcc.com\/tr\/wp-json\/wp\/v2\/media\/32571"}],"wp:attachment":[{"href":"https:\/\/xn--kbrsglobalstore-7kcc.com\/tr\/wp-json\/wp\/v2\/media?parent=32523"}],"wp:term":[{"taxonomy":"product_brand","embeddable":true,"href":"https:\/\/xn--kbrsglobalstore-7kcc.com\/tr\/wp-json\/wp\/v2\/product_brand?post=32523"},{"taxonomy":"product_cat","embeddable":true,"href":"https:\/\/xn--kbrsglobalstore-7kcc.com\/tr\/wp-json\/wp\/v2\/product_cat?post=32523"},{"taxonomy":"product_tag","embeddable":true,"href":"https:\/\/xn--kbrsglobalstore-7kcc.com\/tr\/wp-json\/wp\/v2\/product_tag?post=32523"}],"curies":[{"name":"wp","href":"https:\/\/api.w.org\/{rel}","templated":true}]}}