{"id":32507,"date":"2025-12-11T02:25:21","date_gmt":"2025-12-11T02:25:21","guid":{"rendered":"https:\/\/xn--kbrsglobalstore-7kcc.com\/?post_type=product&#038;p=32507"},"modified":"2025-12-15T11:51:18","modified_gmt":"2025-12-15T11:51:18","slug":"mens-womens-casual-sports-shoes-lightweight-breathable-mesh-fabric-herringbone-outsole-comfortable-walking-shoes","status":"publish","type":"product","link":"https:\/\/xn--kbrsglobalstore-7kcc.com\/tr\/urun\/mens-womens-casual-sports-shoes-lightweight-breathable-mesh-fabric-herringbone-outsole-comfortable-walking-shoes\/","title":{"rendered":"Erkek ve Kad\u0131n G\u00fcnl\u00fck Spor Ayakkab\u0131lar\u0131, Hafif Nefes Alabilen File Kuma\u015f, Bal\u0131ks\u0131rt\u0131 Desenli D\u0131\u015f Taban, Rahat Y\u00fcr\u00fcy\u00fc\u015f Ayakkab\u0131lar\u0131"},"content":{"rendered":"<div class=\"ds-message _63c77b1\">\n<div class=\"ds-markdown\">\n<p class=\"ds-markdown-paragraph translation-block\">Hem erkekler hem de kad\u0131nlar i\u00e7in tasarlanm\u0131\u015f bu \u00e7ok y\u00f6nl\u00fc g\u00fcnl\u00fck spor ayakkab\u0131larla g\u00fcn boyu zahmetsiz konforun tad\u0131n\u0131 \u00e7\u0131kar\u0131n. Hafif ve nefes alabilen file \u00fcst k\u0131sm\u0131 sayesinde, ister hareket halinde olun ister rahatlay\u0131n, uzun s\u00fcreli kullan\u0131mda ayaklar\u0131n\u0131z\u0131 serin ve rahat tutar.<\/p>\n<p class=\"ds-markdown-paragraph translation-block\">Dayan\u0131kl\u0131 bal\u0131ks\u0131rt\u0131 desenli d\u0131\u015f taban, \u00e7e\u015fitli y\u00fczeylerde g\u00fcvenilir \u00e7eki\u015f ve denge sa\u011flayarak her ad\u0131m\u0131 g\u00fcvenli hale getirir. Yast\u0131kl\u0131 destek ve esnek tasar\u0131mla \u00fcretilen bu ayakkab\u0131lar, g\u00fcnl\u00fck i\u015fe gidip gelmeler, hafif egzersizler veya g\u00fcndelik geziler i\u00e7in m\u00fckemmel rahat y\u00fcr\u00fcy\u00fc\u015f ayakkab\u0131lar\u0131d\u0131r.<\/p>\n<p class=\"ds-markdown-paragraph\">Sportif i\u015flevselli\u011fi temiz, \u00e7a\u011fda\u015f bir g\u00f6r\u00fcn\u00fcmle birle\u015ftiren bu \u00fcr\u00fcnler, aktif ve hareketli bir ya\u015fam tarz\u0131 i\u00e7in ideal bir se\u00e7imdir. G\u00fcnl\u00fck maceralar i\u00e7in pratiklik ve stilin m\u00fckemmel birle\u015fimi.<\/p>\n<\/div>\n<\/div>\n<div class=\"ds-theme\"><\/div>\n<div class=\"ds-flex _0a3d93b\">\n<div class=\"ds-flex _965abe9 _54866f7\">\n<div class=\"db183363 ds-icon-button ds-icon-button--m ds-icon-button--sizing-container\" tabindex=\"0\" role=\"button\" aria-disabled=\"false\">\n<div class=\"ds-icon-button__hover-bg\"><\/div>\n<div class=\"ds-icon\"><\/div>\n<div class=\"ds-focus-ring\"><\/div>\n<\/div>\n<div class=\"db183363 ds-icon-button ds-icon-button--m ds-icon-button--sizing-container\" tabindex=\"0\" role=\"button\" aria-disabled=\"false\">\n<div class=\"ds-icon-button__hover-bg\"><\/div>\n<div class=\"ds-icon\"><\/div>\n<div class=\"ds-focus-ring\"><\/div>\n<\/div>\n<div class=\"db183363 ds-icon-button ds-icon-button--m ds-icon-button--sizing-container\" tabindex=\"0\" role=\"button\" aria-disabled=\"false\">\n<div class=\"ds-icon-button__hover-bg\"><\/div>\n<div class=\"ds-icon\"><\/div>\n<div class=\"ds-focus-ring\"><\/div>\n<\/div>\n<div class=\"db183363 ds-icon-button ds-icon-button--m ds-icon-button--sizing-container\" tabindex=\"0\" role=\"button\" aria-disabled=\"false\">\n<div class=\"ds-icon-button__hover-bg\"><\/div>\n<div class=\"ds-icon\"><\/div>\n<div class=\"ds-focus-ring\"><\/div>\n<\/div>\n<div class=\"db183363 ds-icon-button ds-icon-button--m ds-icon-button--sizing-container\" tabindex=\"0\" role=\"button\" aria-disabled=\"false\">\n<div class=\"ds-icon-button__hover-bg\"><\/div>\n<div class=\"ds-icon\"><\/div>\n<\/div>\n<\/div>\n<\/div>","protected":false},"excerpt":{"rendered":"<p>Step into effortless all-day comfort with these versatile Casual Sports Shoes, designed for both men and women. Engineered with a\u00a0lightweight, breathable mesh upper, they keep your feet cool and comfortable during extended wear, whether you&#8217;re on the move or relaxing. The\u00a0durable herringbone-pattern outsole\u00a0provides reliable traction and stability on various surfaces, making every step secure. Built [&hellip;]<\/p>","protected":false},"featured_media":32508,"comment_status":"open","ping_status":"closed","template":"","meta":{"_monsterinsights_skip_tracking":false,"_monsterinsights_sitenote_active":false,"_monsterinsights_sitenote_note":"","_monsterinsights_sitenote_category":0},"product_brand":[],"product_cat":[15,142],"product_tag":[],"class_list":{"0":"post-32507","1":"product","2":"type-product","3":"status-publish","4":"has-post-thumbnail","6":"product_cat-uncategorized","7":"product_cat-shoes","9":"first","10":"instock","11":"shipping-taxable","12":"purchasable","13":"product-type-simple"},"aioseo_notices":[],"_links":{"self":[{"href":"https:\/\/xn--kbrsglobalstore-7kcc.com\/tr\/wp-json\/wp\/v2\/product\/32507","targetHints":{"allow":["GET"]}}],"collection":[{"href":"https:\/\/xn--kbrsglobalstore-7kcc.com\/tr\/wp-json\/wp\/v2\/product"}],"about":[{"href":"https:\/\/xn--kbrsglobalstore-7kcc.com\/tr\/wp-json\/wp\/v2\/types\/product"}],"replies":[{"embeddable":true,"href":"https:\/\/xn--kbrsglobalstore-7kcc.com\/tr\/wp-json\/wp\/v2\/comments?post=32507"}],"wp:featuredmedia":[{"embeddable":true,"href":"https:\/\/xn--kbrsglobalstore-7kcc.com\/tr\/wp-json\/wp\/v2\/media\/32508"}],"wp:attachment":[{"href":"https:\/\/xn--kbrsglobalstore-7kcc.com\/tr\/wp-json\/wp\/v2\/media?parent=32507"}],"wp:term":[{"taxonomy":"product_brand","embeddable":true,"href":"https:\/\/xn--kbrsglobalstore-7kcc.com\/tr\/wp-json\/wp\/v2\/product_brand?post=32507"},{"taxonomy":"product_cat","embeddable":true,"href":"https:\/\/xn--kbrsglobalstore-7kcc.com\/tr\/wp-json\/wp\/v2\/product_cat?post=32507"},{"taxonomy":"product_tag","embeddable":true,"href":"https:\/\/xn--kbrsglobalstore-7kcc.com\/tr\/wp-json\/wp\/v2\/product_tag?post=32507"}],"curies":[{"name":"wp","href":"https:\/\/api.w.org\/{rel}","templated":true}]}}