{"id":32496,"date":"2025-12-11T01:11:24","date_gmt":"2025-12-11T01:11:24","guid":{"rendered":"https:\/\/xn--kbrsglobalstore-7kcc.com\/?post_type=product&#038;p=32496"},"modified":"2025-12-15T15:50:23","modified_gmt":"2025-12-15T15:50:23","slug":"spring-summer-new-arrival-sock-shoes-for-men-solid-color-casual-black-shoes","status":"publish","type":"product","link":"https:\/\/xn--kbrsglobalstore-7kcc.com\/tr\/urun\/spring-summer-new-arrival-sock-shoes-for-men-solid-color-casual-black-shoes\/","title":{"rendered":"\u0130lkbahar\/Yaz Yeni Gelen Erkek \u00c7orap Ayakkab\u0131lar\u0131, D\u00fcz Renk G\u00fcnl\u00fck Siyah Ayakkab\u0131lar"},"content":{"rendered":"<p class=\"ds-markdown-paragraph translation-block\">Erkekler i\u00e7in \u0130lkbahar\/Yaz \u00c7orap Ayakkab\u0131lar\u0131 ile zahmetsiz ve modern bir stile ad\u0131m at\u0131n. Bu yenilik\u00e7i tasar\u0131m, bir \u00e7orab\u0131n esnek, eldiven gibi oturan yap\u0131s\u0131n\u0131, g\u00fcnl\u00fck bir ayakkab\u0131n\u0131n yap\u0131land\u0131r\u0131lm\u0131\u015f taban\u0131yla birle\u015ftirerek, s\u0131cak havalarda giymek i\u00e7in m\u00fckemmel, \u015f\u0131k ve minimalist bir sil\u00fcet yarat\u0131yor.<\/p>\n<p class=\"ds-markdown-paragraph translation-block\">\u00c7ok y\u00f6nl\u00fc d\u00fcz siyah renkte \u00fcretilen bu ayakkab\u0131lar, \u015fortlar, chino pantolonlar veya g\u00fcnl\u00fck pantolonlarla kusursuz bir \u015fekilde uyum sa\u011flayarak benzersiz bir \u00e7ok y\u00f6nl\u00fcl\u00fck sunar. Nefes alabilen \u00f6rg\u00fc \u00fcst k\u0131s\u0131m g\u00fcn boyu konfor ve s\u0131cakl\u0131k d\u00fczenlemesi sa\u011flarken, hafif ve esnek taban g\u00fcnl\u00fck aktiviteler i\u00e7in destek sunar.<\/p>\n<p class=\"ds-markdown-paragraph translation-block\">\u0130lkbahar ve yaz mevsimleri i\u00e7in ideal olan bu \u00e7orap ayakkab\u0131lar, rahatl\u0131\u011f\u0131, modern stili ve kolay, g\u00fcnl\u00fck giyimi \u00f6nemseyen erkekler i\u00e7in m\u00fckemmel bir se\u00e7imdir. Her g\u00fcnl\u00fck gard\u0131robun olmazsa olmaz\u0131.<\/p>","protected":false},"excerpt":{"rendered":"<p>Step into effortless, modern style with the Spring\/Summer Sock-Shoes for Men. This innovative design combines the\u00a0flexible, glove-like fit of a sock\u00a0with the structured sole of a casual shoe, creating a sleek, minimalist silhouette perfect for warm-weather wear. Crafted in a versatile\u00a0solid black color, they offer unmatched versatility, pairing seamlessly with shorts, chinos, or casual trousers. [&hellip;]<\/p>","protected":false},"featured_media":32497,"comment_status":"open","ping_status":"closed","template":"","meta":{"_monsterinsights_skip_tracking":false,"_monsterinsights_sitenote_active":false,"_monsterinsights_sitenote_note":"","_monsterinsights_sitenote_category":0},"product_brand":[],"product_cat":[15,142],"product_tag":[],"class_list":{"0":"post-32496","1":"product","2":"type-product","3":"status-publish","4":"has-post-thumbnail","6":"product_cat-uncategorized","7":"product_cat-shoes","9":"first","10":"instock","11":"shipping-taxable","12":"purchasable","13":"product-type-simple"},"aioseo_notices":[],"_links":{"self":[{"href":"https:\/\/xn--kbrsglobalstore-7kcc.com\/tr\/wp-json\/wp\/v2\/product\/32496","targetHints":{"allow":["GET"]}}],"collection":[{"href":"https:\/\/xn--kbrsglobalstore-7kcc.com\/tr\/wp-json\/wp\/v2\/product"}],"about":[{"href":"https:\/\/xn--kbrsglobalstore-7kcc.com\/tr\/wp-json\/wp\/v2\/types\/product"}],"replies":[{"embeddable":true,"href":"https:\/\/xn--kbrsglobalstore-7kcc.com\/tr\/wp-json\/wp\/v2\/comments?post=32496"}],"wp:featuredmedia":[{"embeddable":true,"href":"https:\/\/xn--kbrsglobalstore-7kcc.com\/tr\/wp-json\/wp\/v2\/media\/32497"}],"wp:attachment":[{"href":"https:\/\/xn--kbrsglobalstore-7kcc.com\/tr\/wp-json\/wp\/v2\/media?parent=32496"}],"wp:term":[{"taxonomy":"product_brand","embeddable":true,"href":"https:\/\/xn--kbrsglobalstore-7kcc.com\/tr\/wp-json\/wp\/v2\/product_brand?post=32496"},{"taxonomy":"product_cat","embeddable":true,"href":"https:\/\/xn--kbrsglobalstore-7kcc.com\/tr\/wp-json\/wp\/v2\/product_cat?post=32496"},{"taxonomy":"product_tag","embeddable":true,"href":"https:\/\/xn--kbrsglobalstore-7kcc.com\/tr\/wp-json\/wp\/v2\/product_tag?post=32496"}],"curies":[{"name":"wp","href":"https:\/\/api.w.org\/{rel}","templated":true}]}}