{"id":32456,"date":"2025-12-10T23:52:00","date_gmt":"2025-12-10T23:52:00","guid":{"rendered":"https:\/\/xn--kbrsglobalstore-7kcc.com\/?post_type=product&#038;p=32456"},"modified":"2025-12-16T21:33:37","modified_gmt":"2025-12-16T21:33:37","slug":"couples-snow-boots-mens-snow-boots-outdoor-sports-shoes-boots-for-autumn-winter-mens-winter-boots-womens-ankle-boots-autumn-ankle-boots-hiking-boots-outdoor-camping-adventure-trekking-boo","status":"publish","type":"product","link":"https:\/\/xn--kbrsglobalstore-7kcc.com\/tr\/urun\/couples-snow-boots-mens-snow-boots-outdoor-sports-shoes-boots-for-autumn-winter-mens-winter-boots-womens-ankle-boots-autumn-ankle-boots-hiking-boots-outdoor-camping-adventure-trekking-boo\/","title":{"rendered":"\u00c7iftler i\u00e7in Kar Botlar\u0131, Erkek Kar Botlar\u0131, Sonbahar\/K\u0131\u015f \u0130\u00e7in A\u00e7\u0131k Hava Spor Ayakkab\u0131lar\u0131\/Botlar\u0131, Erkek K\u0131\u015fl\u0131k Botlar\u0131"},"content":{"rendered":"<p class=\"ds-markdown-paragraph translation-block\">Bu \u00e7ok y\u00f6nl\u00fc \u00c7iftler \u0130\u00e7in Sonbahar\/K\u0131\u015f Bilek Boyu Kar Botlar\u0131yla so\u011fu\u011fa birlikte meydan okuyun. Hem erkekler hem de kad\u0131nlar i\u00e7in tasarlanan bu botlar, pratik k\u0131\u015f korumas\u0131n\u0131 \u015f\u0131k ve sportif bir sil\u00fcetle birle\u015ftirerek so\u011fuk maceralar i\u00e7in m\u00fckemmel bir ortak ayakkab\u0131 haline geliyor.<\/p>\n<p class=\"ds-markdown-paragraph translation-block\">Bu \u00e7ok y\u00f6nl\u00fc \u00c7iftler \u0130\u00e7in Sonbahar\/K\u0131\u015f Bilek Boyu Kar Botlar\u0131yla so\u011fu\u011fa birlikte meydan okuyun. Hem erkekler hem de kad\u0131nlar i\u00e7in tasarlanan bu botlar, pratik k\u0131\u015f korumas\u0131n\u0131 \u015f\u0131k ve sportif bir sil\u00fcetle birle\u015ftirerek so\u011fuk maceralar i\u00e7in m\u00fckemmel bir ortak ayakkab\u0131 haline geliyor.<\/p>\n<p class=\"ds-markdown-paragraph translation-block\">\u0130ster \u015fehir sokaklar\u0131nda ister karl\u0131 bir patikada dola\u015f\u0131n, bu botlar mevsim i\u00e7in i\u015flevsellik ve \u015f\u0131kl\u0131\u011f\u0131n m\u00fckemmel bir dengesini sunuyor. Sonbahar ve k\u0131\u015f boyunca s\u0131cak, kuru ve \u015f\u0131k kalmak i\u00e7in g\u00fcvenilir, unisex bir se\u00e7im.<\/p>","protected":false},"excerpt":{"rendered":"<p>Conquer the cold together with these versatile Couples Autumn\/Winter Ankle Snow Boots. Designed for\u00a0both men and women, these boots blend practical winter protection with a stylish, sporty silhouette, making them the perfect shared footwear for chilly adventures. Built for resilience, they feature a\u00a0water-resistant upper,\u00a0insulated lining\u00a0for warmth, and a\u00a0deep-lug, non-slip outsole\u00a0that provides secure traction on snow, [&hellip;]<\/p>","protected":false},"featured_media":32472,"comment_status":"open","ping_status":"closed","template":"","meta":{"_monsterinsights_skip_tracking":false,"_monsterinsights_sitenote_active":false,"_monsterinsights_sitenote_note":"","_monsterinsights_sitenote_category":0},"product_brand":[],"product_cat":[15,142],"product_tag":[],"class_list":{"0":"post-32456","1":"product","2":"type-product","3":"status-publish","4":"has-post-thumbnail","6":"product_cat-uncategorized","7":"product_cat-shoes","9":"first","10":"instock","11":"shipping-taxable","12":"purchasable","13":"product-type-simple"},"aioseo_notices":[],"_links":{"self":[{"href":"https:\/\/xn--kbrsglobalstore-7kcc.com\/tr\/wp-json\/wp\/v2\/product\/32456","targetHints":{"allow":["GET"]}}],"collection":[{"href":"https:\/\/xn--kbrsglobalstore-7kcc.com\/tr\/wp-json\/wp\/v2\/product"}],"about":[{"href":"https:\/\/xn--kbrsglobalstore-7kcc.com\/tr\/wp-json\/wp\/v2\/types\/product"}],"replies":[{"embeddable":true,"href":"https:\/\/xn--kbrsglobalstore-7kcc.com\/tr\/wp-json\/wp\/v2\/comments?post=32456"}],"wp:featuredmedia":[{"embeddable":true,"href":"https:\/\/xn--kbrsglobalstore-7kcc.com\/tr\/wp-json\/wp\/v2\/media\/32472"}],"wp:attachment":[{"href":"https:\/\/xn--kbrsglobalstore-7kcc.com\/tr\/wp-json\/wp\/v2\/media?parent=32456"}],"wp:term":[{"taxonomy":"product_brand","embeddable":true,"href":"https:\/\/xn--kbrsglobalstore-7kcc.com\/tr\/wp-json\/wp\/v2\/product_brand?post=32456"},{"taxonomy":"product_cat","embeddable":true,"href":"https:\/\/xn--kbrsglobalstore-7kcc.com\/tr\/wp-json\/wp\/v2\/product_cat?post=32456"},{"taxonomy":"product_tag","embeddable":true,"href":"https:\/\/xn--kbrsglobalstore-7kcc.com\/tr\/wp-json\/wp\/v2\/product_tag?post=32456"}],"curies":[{"name":"wp","href":"https:\/\/api.w.org\/{rel}","templated":true}]}}