{"id":32455,"date":"2025-12-11T00:15:35","date_gmt":"2025-12-11T00:15:35","guid":{"rendered":"https:\/\/xn--kbrsglobalstore-7kcc.com\/?post_type=product&#038;p=32455"},"modified":"2025-12-16T21:33:16","modified_gmt":"2025-12-16T21:33:16","slug":"mens-boots-new-design-suitable-for-all-seasons-thick-sole-height-increasing-wear-resistant-non-slip-round-toe-lace-up-design-classic-retro-leather-upper-waterproof-lace-up-high-top-thick-so","status":"publish","type":"product","link":"https:\/\/xn--kbrsglobalstore-7kcc.com\/tr\/urun\/mens-boots-new-design-suitable-for-all-seasons-thick-sole-height-increasing-wear-resistant-non-slip-round-toe-lace-up-design-classic-retro-leather-upper-waterproof-lace-up-high-top-thick-so\/","title":{"rendered":"Erkek Botlar\u0131, Yeni Tasar\u0131m, Her Mevsime Uygun"},"content":{"rendered":"<p class=\"ds-markdown-paragraph translation-block\">Bu kal\u0131n tabanl\u0131, her mevsim ve her araziye uygun retro erkek botlar\u0131yla her ko\u015fula h\u00fckmedin. Klasik sa\u011flam esteti\u011fi modern performansla birle\u015ftiren bu botlar, dayan\u0131kl\u0131 deri g\u00f6r\u00fcn\u00fcml\u00fc \u00fcst k\u0131s\u0131m, sa\u011flam yuvarlak burun ve g\u00fcvenli ba\u011fc\u0131kl\u0131 tasar\u0131m\u0131yla zamans\u0131z ve \u00e7ok y\u00f6nl\u00fc bir sil\u00fcet sunuyor.<\/p>\n<p class=\"ds-markdown-paragraph translation-block\">Dayan\u0131kl\u0131l\u0131k ve konfor i\u00e7in tasarlanan, a\u015f\u0131nmaya dayan\u0131kl\u0131 kal\u0131n taban, \u00e7e\u015fitli y\u00fczeylerde geli\u015fmi\u015f y\u00fckseklik, g\u00fcvenilir \u015fok emilimi ve \u00fcst\u00fcn kaymaz tutu\u015f sa\u011flar. Su ge\u00e7irmez yap\u0131s\u0131, de\u011fi\u015fken hava ko\u015fullar\u0131nda ayaklar\u0131n kuru kalmas\u0131n\u0131 sa\u011flayarak, i\u015fe gidip gelme, hafif y\u00fcr\u00fcy\u00fc\u015f, bisiklet s\u00fcrme ve d\u0131\u015f mekan \u00e7al\u0131\u015fmalar\u0131 i\u00e7in uygun hale getirir.<\/p>\n<p class=\"ds-markdown-paragraph translation-block\">Erkek \u00f6\u011frenciler, gen\u00e7ler ve sert sokak stilini benimseyen herkes i\u00e7in m\u00fckemmel olan bu botlar, kamp\u00fcs hayat\u0131, \u015fehir maceralar\u0131 ve g\u00fcndelik geziler i\u00e7in \u00e7ok y\u00f6nl\u00fc bir temel par\u00e7ad\u0131r. Modern, aktif erkek i\u00e7in retro cazibe ve pratik dayan\u0131kl\u0131l\u0131\u011f\u0131n birle\u015fimi.<\/p>","protected":false},"excerpt":{"rendered":"<p>Command every terrain and season with these Men&#8217;s All-Season Thick-Sole Retro Boots. Merging\u00a0classic rugged aesthetics\u00a0with modern performance, they feature a durable\u00a0leather-look upper, a\u00a0robust round toe, and a\u00a0secure lace-up design\u00a0for a timeless, versatile silhouette. Engineered for resilience and comfort, the\u00a0substantial, wear-resistant thick sole\u00a0provides enhanced height, reliable shock absorption, and\u00a0superior non-slip traction\u00a0on various surfaces. Their\u00a0waterproof construction\u00a0ensures dry [&hellip;]<\/p>","protected":false},"featured_media":32479,"comment_status":"open","ping_status":"closed","template":"","meta":{"_monsterinsights_skip_tracking":false,"_monsterinsights_sitenote_active":false,"_monsterinsights_sitenote_note":"","_monsterinsights_sitenote_category":0},"product_brand":[],"product_cat":[15,142],"product_tag":[],"class_list":{"0":"post-32455","1":"product","2":"type-product","3":"status-publish","4":"has-post-thumbnail","6":"product_cat-uncategorized","7":"product_cat-shoes","9":"first","10":"instock","11":"shipping-taxable","12":"purchasable","13":"product-type-simple"},"aioseo_notices":[],"_links":{"self":[{"href":"https:\/\/xn--kbrsglobalstore-7kcc.com\/tr\/wp-json\/wp\/v2\/product\/32455","targetHints":{"allow":["GET"]}}],"collection":[{"href":"https:\/\/xn--kbrsglobalstore-7kcc.com\/tr\/wp-json\/wp\/v2\/product"}],"about":[{"href":"https:\/\/xn--kbrsglobalstore-7kcc.com\/tr\/wp-json\/wp\/v2\/types\/product"}],"replies":[{"embeddable":true,"href":"https:\/\/xn--kbrsglobalstore-7kcc.com\/tr\/wp-json\/wp\/v2\/comments?post=32455"}],"wp:featuredmedia":[{"embeddable":true,"href":"https:\/\/xn--kbrsglobalstore-7kcc.com\/tr\/wp-json\/wp\/v2\/media\/32479"}],"wp:attachment":[{"href":"https:\/\/xn--kbrsglobalstore-7kcc.com\/tr\/wp-json\/wp\/v2\/media?parent=32455"}],"wp:term":[{"taxonomy":"product_brand","embeddable":true,"href":"https:\/\/xn--kbrsglobalstore-7kcc.com\/tr\/wp-json\/wp\/v2\/product_brand?post=32455"},{"taxonomy":"product_cat","embeddable":true,"href":"https:\/\/xn--kbrsglobalstore-7kcc.com\/tr\/wp-json\/wp\/v2\/product_cat?post=32455"},{"taxonomy":"product_tag","embeddable":true,"href":"https:\/\/xn--kbrsglobalstore-7kcc.com\/tr\/wp-json\/wp\/v2\/product_tag?post=32455"}],"curies":[{"name":"wp","href":"https:\/\/api.w.org\/{rel}","templated":true}]}}