{"id":32454,"date":"2025-12-11T00:17:49","date_gmt":"2025-12-11T00:17:49","guid":{"rendered":"https:\/\/xn--kbrsglobalstore-7kcc.com\/?post_type=product&#038;p=32454"},"modified":"2025-12-16T21:38:21","modified_gmt":"2025-12-16T21:38:21","slug":"the-shoe-size-is-a-bit-smallbreathable-mens-shoes-summer-casual-sports-sandalsnon-slip-sole-beach-walking-shoes-fashion-outdoor-slippers-forvacation-travel","status":"publish","type":"product","link":"https:\/\/xn--kbrsglobalstore-7kcc.com\/tr\/urun\/the-shoe-size-is-a-bit-smallbreathable-mens-shoes-summer-casual-sports-sandalsnon-slip-sole-beach-walking-shoes-fashion-outdoor-slippers-forvacation-travel\/","title":{"rendered":"Nefes Alabilen Erkek Ayakkab\u0131lar\u0131, Yazl\u0131k G\u00fcnl\u00fck Spor Sandaletler, Kaymaz Tabanl\u0131 Plaj Y\u00fcr\u00fcy\u00fc\u015f Ayakkab\u0131lar\u0131, \u015e\u0131k D\u0131\u015f Mekan Terlikleri, Tatil ve Seyahat \u0130\u00e7in Uygun"},"content":{"rendered":"<p class=\"ds-markdown-paragraph translation-block\">Bu nefes alabilen erkek g\u00fcnl\u00fck spor sandaletleriyle s\u0131cak havalarda rahatl\u0131\u011f\u0131 ve \u00e7ok y\u00f6nl\u00fc stili kucaklay\u0131n. Aktif bo\u015f zaman aktiviteleri i\u00e7in tasarlanan bu sandaletler, g\u00fcvenli ve ki\u015fiselle\u015ftirilebilir bir uyum i\u00e7in ayarlanabilir kay\u0131\u015flara sahip havadar, a\u00e7\u0131k bir yap\u0131ya sahiptir ve yaz gezilerinde, plaj y\u00fcr\u00fcy\u00fc\u015flerinde veya tatil seyahatlerinde g\u00fcn boyu nefes alabilirlik sa\u011flar.<\/p>\n<p class=\"ds-markdown-paragraph translation-block\">Sa\u011flam, kaymaz taban\u0131yla \u0131slak y\u00fczeylerde, kumlu plajlarda ve \u015fehir sokaklar\u0131nda g\u00fcvenilir tutu\u015f sa\u011flarlar. Yast\u0131kl\u0131 i\u00e7 taban\u0131 uzun s\u00fcreli kullan\u0131mda konfor sunarak, onlar\u0131 sahilden rahat bir kafeye sorunsuz ge\u00e7i\u015f yapabilen \u015f\u0131k d\u0131\u015f mekan terlikleri olarak ideal hale getirir.<\/p>\n<p class=\"ds-markdown-paragraph translation-block\"><strong>L\u00fctfen Dikkat: Ayakkab\u0131 numaras\u0131 biraz k\u00fc\u00e7\u00fck kal\u0131pt\u0131r.<\/strong> M\u00fckemmel uyum i\u00e7in beden tablosunu kontrol etmenizi veya yar\u0131m ya da bir numara b\u00fcy\u00fck sipari\u015f vermenizi \u00f6neririz. Zahmetsiz ve hareket halindeyken konfor i\u00e7in ideal arkada\u015f\u0131n\u0131z.<\/p>","protected":false},"excerpt":{"rendered":"<p>Embrace warm-weather comfort and versatile style with these Men&#8217;s Breathable Casual Sports Sandals. Designed for active leisure, they feature an\u00a0airy, open construction\u00a0with adjustable straps for a secure,\u00a0customizable fit, ensuring all-day breathability during\u00a0summer outings, beach walks, or vacation travel. Built with a\u00a0robust, non-slip sole, they provide reliable traction on wet surfaces, sandy beaches, and city streets. [&hellip;]<\/p>","protected":false},"featured_media":32484,"comment_status":"open","ping_status":"closed","template":"","meta":{"_monsterinsights_skip_tracking":false,"_monsterinsights_sitenote_active":false,"_monsterinsights_sitenote_note":"","_monsterinsights_sitenote_category":0},"product_brand":[],"product_cat":[15,142],"product_tag":[],"class_list":{"0":"post-32454","1":"product","2":"type-product","3":"status-publish","4":"has-post-thumbnail","6":"product_cat-uncategorized","7":"product_cat-shoes","9":"first","10":"instock","11":"shipping-taxable","12":"purchasable","13":"product-type-simple"},"aioseo_notices":[],"_links":{"self":[{"href":"https:\/\/xn--kbrsglobalstore-7kcc.com\/tr\/wp-json\/wp\/v2\/product\/32454","targetHints":{"allow":["GET"]}}],"collection":[{"href":"https:\/\/xn--kbrsglobalstore-7kcc.com\/tr\/wp-json\/wp\/v2\/product"}],"about":[{"href":"https:\/\/xn--kbrsglobalstore-7kcc.com\/tr\/wp-json\/wp\/v2\/types\/product"}],"replies":[{"embeddable":true,"href":"https:\/\/xn--kbrsglobalstore-7kcc.com\/tr\/wp-json\/wp\/v2\/comments?post=32454"}],"wp:featuredmedia":[{"embeddable":true,"href":"https:\/\/xn--kbrsglobalstore-7kcc.com\/tr\/wp-json\/wp\/v2\/media\/32484"}],"wp:attachment":[{"href":"https:\/\/xn--kbrsglobalstore-7kcc.com\/tr\/wp-json\/wp\/v2\/media?parent=32454"}],"wp:term":[{"taxonomy":"product_brand","embeddable":true,"href":"https:\/\/xn--kbrsglobalstore-7kcc.com\/tr\/wp-json\/wp\/v2\/product_brand?post=32454"},{"taxonomy":"product_cat","embeddable":true,"href":"https:\/\/xn--kbrsglobalstore-7kcc.com\/tr\/wp-json\/wp\/v2\/product_cat?post=32454"},{"taxonomy":"product_tag","embeddable":true,"href":"https:\/\/xn--kbrsglobalstore-7kcc.com\/tr\/wp-json\/wp\/v2\/product_tag?post=32454"}],"curies":[{"name":"wp","href":"https:\/\/api.w.org\/{rel}","templated":true}]}}