{"id":32453,"date":"2025-12-11T01:02:19","date_gmt":"2025-12-11T01:02:19","guid":{"rendered":"https:\/\/xn--kbrsglobalstore-7kcc.com\/?post_type=product&#038;p=32453"},"modified":"2025-12-15T17:26:13","modified_gmt":"2025-12-15T17:26:13","slug":"mens-casual-slip-on-loafers-versatile-black-driving-loafers-outdoor-wear-soft-lightweight-non-slip-soles-easy-to-slip-on-comfortable-daily-footwear","status":"publish","type":"product","link":"https:\/\/xn--kbrsglobalstore-7kcc.com\/tr\/urun\/mens-casual-slip-on-loafers-versatile-black-driving-loafers-outdoor-wear-soft-lightweight-non-slip-soles-easy-to-slip-on-comfortable-daily-footwear\/","title":{"rendered":"Erkekler i\u00e7in G\u00fcnl\u00fck Kullan\u0131ma Uygun, \u00c7ok Y\u00f6nl\u00fc Siyah S\u00fcr\u00fc\u015f Ayakkab\u0131s\u0131, D\u0131\u015f Giyim, Yumu\u015fak ve Hafif, Kaymaz Tabanl\u0131, Kolay Giyilebilir, Rahat G\u00fcnl\u00fck Ayakkab\u0131"},"content":{"rendered":"<p class=\"ds-markdown-paragraph translation-block\">Erkekler i\u00e7in tasarlanan bu g\u00fcnl\u00fck kullan\u0131m kolayl\u0131\u011f\u0131 ve rahat tarz\u0131n m\u00fckemmel birle\u015fimini, rahat bir tarz ve g\u00fcnl\u00fck kullan\u0131m rahatl\u0131\u011f\u0131yla deneyimleyin. Maksimum rahatl\u0131k i\u00e7in tasarlanan bu \u00e7ok y\u00f6nl\u00fc siyah loafer ayakkab\u0131lar, klasik mokasen burunlu tasar\u0131m\u0131 ve zahmetsiz giyilebilir yap\u0131s\u0131yla yo\u011fun g\u00fcnlerinizde tercih edece\u011finiz ayakkab\u0131lar\u0131n\u0131z olacak.<\/p>\n<p class=\"ds-markdown-paragraph translation-block\">Yumu\u015fak ve esnek \u00fcst k\u0131sm\u0131 ve hafif, yast\u0131kl\u0131 i\u00e7 taban\u0131yla \u00fcretilen bu ayakkab\u0131lar, sabahtan ak\u015fama ola\u011fan\u00fcst\u00fc konfor sunar. G\u00fcvenilir kaymaz kau\u00e7uk taban\u0131, g\u00fcvenli tutu\u015f sa\u011flayarak onlar\u0131 rahat s\u00fcr\u00fc\u015f ayakkab\u0131lar\u0131 olarak uygun hale getirir ve g\u00fcnl\u00fck d\u0131\u015f giyim, al\u0131\u015fveri\u015f veya keyifli y\u00fcr\u00fcy\u00fc\u015fler i\u00e7in idealdir.<\/p>\n<p class=\"ds-markdown-paragraph translation-block\">\u00c7ok y\u00f6nl\u00fc ayakkab\u0131lar\u0131n vazge\u00e7ilmezi olan bu mokasenler, chino pantolonlar, kot pantolonlar veya g\u00fcnl\u00fck pantolonlarla zahmetsizce uyum sa\u011flar. Hem stile hem de pratikli\u011fe de\u011fer veren modern erkek i\u00e7in olmazsa olmaz rahat g\u00fcnl\u00fck ayakkab\u0131d\u0131r.<\/p>","protected":false},"excerpt":{"rendered":"<p>Experience the perfect blend of relaxed style and everyday ease with the Men&#8217;s Casual Slip-On Loafers. Designed for ultimate convenience, these\u00a0versatile black loafers\u00a0feature a classic moc-toe design and a\u00a0effortless slip-on construction, making them your go-to choice for busy days. Crafted with a\u00a0soft, flexible upper\u00a0and a\u00a0lightweight, cushioned footbed, they deliver exceptional comfort from morning to night. [&hellip;]<\/p>","protected":false},"featured_media":32488,"comment_status":"open","ping_status":"closed","template":"","meta":{"_monsterinsights_skip_tracking":false,"_monsterinsights_sitenote_active":false,"_monsterinsights_sitenote_note":"","_monsterinsights_sitenote_category":0},"product_brand":[],"product_cat":[15,142],"product_tag":[],"class_list":{"0":"post-32453","1":"product","2":"type-product","3":"status-publish","4":"has-post-thumbnail","6":"product_cat-uncategorized","7":"product_cat-shoes","9":"first","10":"instock","11":"shipping-taxable","12":"purchasable","13":"product-type-simple"},"aioseo_notices":[],"_links":{"self":[{"href":"https:\/\/xn--kbrsglobalstore-7kcc.com\/tr\/wp-json\/wp\/v2\/product\/32453","targetHints":{"allow":["GET"]}}],"collection":[{"href":"https:\/\/xn--kbrsglobalstore-7kcc.com\/tr\/wp-json\/wp\/v2\/product"}],"about":[{"href":"https:\/\/xn--kbrsglobalstore-7kcc.com\/tr\/wp-json\/wp\/v2\/types\/product"}],"replies":[{"embeddable":true,"href":"https:\/\/xn--kbrsglobalstore-7kcc.com\/tr\/wp-json\/wp\/v2\/comments?post=32453"}],"wp:featuredmedia":[{"embeddable":true,"href":"https:\/\/xn--kbrsglobalstore-7kcc.com\/tr\/wp-json\/wp\/v2\/media\/32488"}],"wp:attachment":[{"href":"https:\/\/xn--kbrsglobalstore-7kcc.com\/tr\/wp-json\/wp\/v2\/media?parent=32453"}],"wp:term":[{"taxonomy":"product_brand","embeddable":true,"href":"https:\/\/xn--kbrsglobalstore-7kcc.com\/tr\/wp-json\/wp\/v2\/product_brand?post=32453"},{"taxonomy":"product_cat","embeddable":true,"href":"https:\/\/xn--kbrsglobalstore-7kcc.com\/tr\/wp-json\/wp\/v2\/product_cat?post=32453"},{"taxonomy":"product_tag","embeddable":true,"href":"https:\/\/xn--kbrsglobalstore-7kcc.com\/tr\/wp-json\/wp\/v2\/product_tag?post=32453"}],"curies":[{"name":"wp","href":"https:\/\/api.w.org\/{rel}","templated":true}]}}