{"id":32448,"date":"2025-12-10T23:14:00","date_gmt":"2025-12-10T23:14:00","guid":{"rendered":"https:\/\/xn--kbrsglobalstore-7kcc.com\/?post_type=product&#038;p=32448"},"modified":"2025-12-16T21:34:44","modified_gmt":"2025-12-16T21:34:44","slug":"run-small-size-lightweight-thin-comfortable-casual-shoes-brand-factory-production-service-guarantee-couple-shoes-men-women-shoes-highly-attractive-simple-commuting-durable-pu-suede-fabric","status":"publish","type":"product","link":"https:\/\/xn--kbrsglobalstore-7kcc.com\/tr\/urun\/run-small-size-lightweight-thin-comfortable-casual-shoes-brand-factory-production-service-guarantee-couple-shoes-men-women-shoes-highly-attractive-simple-commuting-durable-pu-suede-fabric\/","title":{"rendered":"Hafif, \u0130nce, Rahat G\u00fcnl\u00fck Ayakkab\u0131lar (Marka Fabrika \u00dcretimi ve Servis Garantisi), \u00c7ift Ayakkab\u0131lar\u0131, Erkek ve Kad\u0131n Ayakkab\u0131lar\u0131"},"content":{"rendered":"<div class=\"ds-message _63c77b1\">\n<div class=\"ds-markdown\">\n<p class=\"ds-markdown-paragraph translation-block\">Bu hafif ve rahat g\u00fcnl\u00fck \u00e7ift ayakkab\u0131lar\u0131yla ola\u011fan\u00fcst\u00fc konfor ve sade bir stile ad\u0131m at\u0131n. Hem erkekler hem de kad\u0131nlar i\u00e7in tasarlanan bu ayakkab\u0131lar, inan\u0131lmaz derecede ince ve esnek bir tabana ve yumu\u015fak PU s\u00fcet kuma\u015f \u00fcst k\u0131sma sahiptir; bu da t\u00fcm g\u00fcn kullan\u0131m, g\u00fcnl\u00fck i\u015fe gidip gelme ve rahat geziler i\u00e7in m\u00fckemmel, neredeyse yokmu\u015f gibi bir his yarat\u0131r.<\/p>\n<p class=\"ds-markdown-paragraph translation-block\">Son derece \u00e7ekici, minimalist tasar\u0131mlar\u0131, \u00e7ok y\u00f6nl\u00fc bir\u00e7ok renkte sunularak, her t\u00fcrl\u00fc g\u00fcnl\u00fck gard\u0131rop i\u00e7in \u015f\u0131k bir ni\u015f se\u00e7enek haline geliyor. Ayakkab\u0131lar, <strong>marka fabrika \u00fcretim hizmeti garantisi<\/strong> ile \u00fcretiliyor ve bu da dil k\u0131sm\u0131ndaki <strong>bask\u0131l\u0131 ve dikilmi\u015f kuma\u015f etiket<\/strong> gibi detaylarda g\u00f6r\u00fclen kaliteli i\u015f\u00e7ili\u011fi garanti ediyor.<\/p>\n<p class=\"ds-markdown-paragraph translation-block\"><strong>L\u00fctfen Dikkat: Bedenler k\u00fc\u00e7\u00fck kal\u0131pl\u0131d\u0131r.<\/strong> En iyi uyum i\u00e7in beden tablosuna bakman\u0131z\u0131 ve bir beden b\u00fcy\u00fck sipari\u015f vermenizi \u00f6neririz. Rahat, g\u00fcnl\u00fck ayakkab\u0131 arayan \u00e7iftler i\u00e7in m\u00fckemmel ve dayan\u0131kl\u0131 bir se\u00e7im.<\/p>\n<\/div>\n<\/div>\n<div class=\"ds-theme\"><\/div>\n<div class=\"ds-flex _0a3d93b\">\n<div class=\"ds-flex _965abe9 _54866f7\">\n<div class=\"db183363 ds-icon-button ds-icon-button--m ds-icon-button--sizing-container\" tabindex=\"0\" role=\"button\" aria-disabled=\"false\">\n<div class=\"ds-icon-button__hover-bg\"><\/div>\n<div class=\"ds-icon\"><\/div>\n<div class=\"ds-focus-ring\"><\/div>\n<\/div>\n<div class=\"db183363 ds-icon-button ds-icon-button--m ds-icon-button--sizing-container\" tabindex=\"0\" role=\"button\" aria-disabled=\"false\">\n<div class=\"ds-icon-button__hover-bg\"><\/div>\n<div class=\"ds-icon\"><\/div>\n<div class=\"ds-focus-ring\"><\/div>\n<\/div>\n<div class=\"db183363 ds-icon-button ds-icon-button--m ds-icon-button--sizing-container\" tabindex=\"0\" role=\"button\" aria-disabled=\"false\">\n<div class=\"ds-icon-button__hover-bg\"><\/div>\n<div class=\"ds-icon\"><\/div>\n<div class=\"ds-focus-ring\"><\/div>\n<\/div>\n<div class=\"db183363 ds-icon-button ds-icon-button--m ds-icon-button--sizing-container\" tabindex=\"0\" role=\"button\" aria-disabled=\"false\">\n<div class=\"ds-icon-button__hover-bg\"><\/div>\n<div class=\"ds-icon\"><\/div>\n<div class=\"ds-focus-ring\"><\/div>\n<\/div>\n<div class=\"db183363 ds-icon-button ds-icon-button--m ds-icon-button--sizing-container\" tabindex=\"0\" role=\"button\" aria-disabled=\"false\">\n<div class=\"ds-icon-button__hover-bg\"><\/div>\n<div class=\"ds-icon\"><\/div>\n<\/div>\n<\/div>\n<\/div>","protected":false},"excerpt":{"rendered":"<p>Step into exceptional comfort and understated style with these Lightweight Comfort Casual Couple Shoes. Designed for\u00a0both men and women, they feature an incredibly\u00a0thin, flexible sole\u00a0and a soft\u00a0PU suede fabric upper, creating a barely-there feel perfect for all-day wear, simple commuting, and relaxed outings. Their\u00a0highly attractive, minimalist design\u00a0comes in multiple versatile colors, making them a fashionable [&hellip;]<\/p>","protected":false},"featured_media":32458,"comment_status":"open","ping_status":"closed","template":"","meta":{"_monsterinsights_skip_tracking":false,"_monsterinsights_sitenote_active":false,"_monsterinsights_sitenote_note":"","_monsterinsights_sitenote_category":0},"product_brand":[],"product_cat":[15,142],"product_tag":[],"class_list":{"0":"post-32448","1":"product","2":"type-product","3":"status-publish","4":"has-post-thumbnail","6":"product_cat-uncategorized","7":"product_cat-shoes","9":"first","10":"instock","11":"shipping-taxable","12":"purchasable","13":"product-type-simple"},"aioseo_notices":[],"_links":{"self":[{"href":"https:\/\/xn--kbrsglobalstore-7kcc.com\/tr\/wp-json\/wp\/v2\/product\/32448","targetHints":{"allow":["GET"]}}],"collection":[{"href":"https:\/\/xn--kbrsglobalstore-7kcc.com\/tr\/wp-json\/wp\/v2\/product"}],"about":[{"href":"https:\/\/xn--kbrsglobalstore-7kcc.com\/tr\/wp-json\/wp\/v2\/types\/product"}],"replies":[{"embeddable":true,"href":"https:\/\/xn--kbrsglobalstore-7kcc.com\/tr\/wp-json\/wp\/v2\/comments?post=32448"}],"wp:featuredmedia":[{"embeddable":true,"href":"https:\/\/xn--kbrsglobalstore-7kcc.com\/tr\/wp-json\/wp\/v2\/media\/32458"}],"wp:attachment":[{"href":"https:\/\/xn--kbrsglobalstore-7kcc.com\/tr\/wp-json\/wp\/v2\/media?parent=32448"}],"wp:term":[{"taxonomy":"product_brand","embeddable":true,"href":"https:\/\/xn--kbrsglobalstore-7kcc.com\/tr\/wp-json\/wp\/v2\/product_brand?post=32448"},{"taxonomy":"product_cat","embeddable":true,"href":"https:\/\/xn--kbrsglobalstore-7kcc.com\/tr\/wp-json\/wp\/v2\/product_cat?post=32448"},{"taxonomy":"product_tag","embeddable":true,"href":"https:\/\/xn--kbrsglobalstore-7kcc.com\/tr\/wp-json\/wp\/v2\/product_tag?post=32448"}],"curies":[{"name":"wp","href":"https:\/\/api.w.org\/{rel}","templated":true}]}}