{"id":32375,"date":"2025-12-09T23:48:32","date_gmt":"2025-12-09T23:48:32","guid":{"rendered":"https:\/\/xn--kbrsglobalstore-7kcc.com\/?post_type=product&#038;p=32375"},"modified":"2025-12-17T20:11:37","modified_gmt":"2025-12-17T20:11:37","slug":"manfinity-homme-men-cotton-solid-color-seam-front-elastic-waist-casual-pants-men-slim-fitted-elastic-trousers-fall","status":"publish","type":"product","link":"https:\/\/xn--kbrsglobalstore-7kcc.com\/tr\/urun\/manfinity-homme-men-cotton-solid-color-seam-front-elastic-waist-casual-pants-men-slim-fitted-elastic-trousers-fall\/","title":{"rendered":"Manfinity Homme Erkek Pamuklu D\u00fcz Renk Diki\u015fli \u00d6n Lastikli Bel G\u00fcnl\u00fck Pantolon, Erkek Dar Kesim Lastikli Pantolon, Sonbahar"},"content":{"rendered":"<p>Manfinity Homme Erkek D\u00fcz Renk Pamuklu G\u00fcnl\u00fck Pantolon ile \u015f\u0131kl\u0131k ve g\u00fcn boyu konforun m\u00fckemmel dengesini ke\u015ffedin. Yumu\u015fak, nefes alabilen pamuktan, temiz ve \u00e7ok y\u00f6nl\u00fc d\u00fcz bir renkte \u00fcretilen bu pantolon, rahatl\u0131ktan \u00f6d\u00fcn vermeden modern ve \u015f\u0131k bir g\u00f6r\u00fcn\u00fcm sunan dar kesimli bir sil\u00fcete sahiptir.<\/p>\n<p>\u0130\u00e7ten ayarlanabilir ipli elastik bel band\u0131, esnek ve ki\u015fiye \u00f6zel bir uyum sa\u011flarken, sade \u00f6n diki\u015f tasar\u0131m\u0131 \u015f\u0131k bir g\u00f6r\u00fcn\u00fcm sunar. Sonbahar mevsimi i\u00e7in ideal olan bu pantolonlar, katmanl\u0131 giyim i\u00e7in yeterince hafif, ancak daha serin g\u00fcnler i\u00e7in de yeterince kal\u0131nd\u0131r.<\/p>\n<p>\u00c7ok y\u00f6nl\u00fc ve sade olan bu pantolonlar, rahat hafta sonu giyiminden \u015f\u0131k-g\u00fcnl\u00fck ortamlara zahmetsizce ge\u00e7i\u015f yapar. Rahat ve \u00f6zenle haz\u0131rlanm\u0131\u015f bir g\u00f6r\u00fcn\u00fcm i\u00e7in sade bir triko veya d\u00fc\u011fmeli g\u00f6mlekle kombinleyin.<\/p>\n<p>&nbsp;<\/p>","protected":false},"excerpt":{"rendered":"<p>Discover the perfect balance of tailored style and all-day comfort with the Manfinity Homme Men&#8217;s Solid Color Cotton Casual Pants. Crafted from soft, breathable cotton in a clean, versatile solid color, these pants feature a slim fitted silhouette that offers a modern, polished look without sacrificing ease. The elastic waistband with an internal drawstring provides [&hellip;]<\/p>","protected":false},"featured_media":32428,"comment_status":"open","ping_status":"closed","template":"","meta":{"_monsterinsights_skip_tracking":false,"_monsterinsights_sitenote_active":false,"_monsterinsights_sitenote_note":"","_monsterinsights_sitenote_category":0},"product_brand":[],"product_cat":[15,144,75],"product_tag":[],"class_list":{"0":"post-32375","1":"product","2":"type-product","3":"status-publish","4":"has-post-thumbnail","6":"product_cat-uncategorized","7":"product_cat-mens-bottom","8":"product_cat-mens-clothing","10":"first","11":"instock","12":"shipping-taxable","13":"purchasable","14":"product-type-simple"},"aioseo_notices":[],"_links":{"self":[{"href":"https:\/\/xn--kbrsglobalstore-7kcc.com\/tr\/wp-json\/wp\/v2\/product\/32375","targetHints":{"allow":["GET"]}}],"collection":[{"href":"https:\/\/xn--kbrsglobalstore-7kcc.com\/tr\/wp-json\/wp\/v2\/product"}],"about":[{"href":"https:\/\/xn--kbrsglobalstore-7kcc.com\/tr\/wp-json\/wp\/v2\/types\/product"}],"replies":[{"embeddable":true,"href":"https:\/\/xn--kbrsglobalstore-7kcc.com\/tr\/wp-json\/wp\/v2\/comments?post=32375"}],"wp:featuredmedia":[{"embeddable":true,"href":"https:\/\/xn--kbrsglobalstore-7kcc.com\/tr\/wp-json\/wp\/v2\/media\/32428"}],"wp:attachment":[{"href":"https:\/\/xn--kbrsglobalstore-7kcc.com\/tr\/wp-json\/wp\/v2\/media?parent=32375"}],"wp:term":[{"taxonomy":"product_brand","embeddable":true,"href":"https:\/\/xn--kbrsglobalstore-7kcc.com\/tr\/wp-json\/wp\/v2\/product_brand?post=32375"},{"taxonomy":"product_cat","embeddable":true,"href":"https:\/\/xn--kbrsglobalstore-7kcc.com\/tr\/wp-json\/wp\/v2\/product_cat?post=32375"},{"taxonomy":"product_tag","embeddable":true,"href":"https:\/\/xn--kbrsglobalstore-7kcc.com\/tr\/wp-json\/wp\/v2\/product_tag?post=32375"}],"curies":[{"name":"wp","href":"https:\/\/api.w.org\/{rel}","templated":true}]}}