{"id":32374,"date":"2025-12-09T23:45:46","date_gmt":"2025-12-09T23:45:46","guid":{"rendered":"https:\/\/xn--kbrsglobalstore-7kcc.com\/?post_type=product&#038;p=32374"},"modified":"2025-12-17T20:11:37","modified_gmt":"2025-12-17T20:11:37","slug":"mens-spring-autumn-corduroy-casual-straight-leg-pants-with-printed-pattern-loose-fit-and-versatile","status":"publish","type":"product","link":"https:\/\/xn--kbrsglobalstore-7kcc.com\/tr\/urun\/mens-spring-autumn-corduroy-casual-straight-leg-pants-with-printed-pattern-loose-fit-and-versatile\/","title":{"rendered":"Erkekler i\u00e7in \u0130lkbahar Sonbahar Kadife Kuma\u015ftan \u00dcretilmi\u015f, Bask\u0131l\u0131 Desenli, Bol Kesimli ve \u00c7ok Y\u00f6nl\u00fc G\u00fcnl\u00fck D\u00fcz Pa\u00e7a Pantolon"},"content":{"rendered":"<p class=\"ds-markdown-paragraph translation-block\">Erkekler i\u00e7in tasarlanm\u0131\u015f bask\u0131l\u0131 kadife g\u00fcnl\u00fck pantolon ile mevsimlik gard\u0131robunuzu yenileyin. \u0130lkbahar ve sonbahar i\u00e7in tasarlanan bu pantolon, klasik kadife kuma\u015f\u0131n zengin dokusunu ve s\u0131cakl\u0131\u011f\u0131n\u0131, dikkat \u00e7ekici ve \u00e7ok y\u00f6nl\u00fc bir g\u00f6r\u00fcn\u00fcm i\u00e7in modern, ba\u015ftan sona bask\u0131l\u0131 bir desenle birle\u015ftiriyor.<\/p>\n<p class=\"ds-markdown-paragraph translation-block\">Rahat d\u00fcz pa\u00e7a kesimi ve bol, sala\u015f kal\u0131b\u0131yla hareket \u00f6zg\u00fcrl\u00fc\u011f\u00fc ve kolay katmanlama imkan\u0131 sunarlar. \u00c7ok y\u00f6nl\u00fc tasar\u0131mlar\u0131, g\u00fcndelik g\u00fcnd\u00fcz gezilerinden yarat\u0131c\u0131, sokak stili esintili ak\u015fam k\u0131yafetlerine sorunsuz bir ge\u00e7i\u015f sa\u011flar.<\/p>\n<p class=\"ds-markdown-paragraph\">Desenlerin \u00f6n plana \u00e7\u0131kmas\u0131 i\u00e7in sade, d\u00fcz renkli bir \u00fcstle kombinleyin. Bu pantolonlar, dokuyu, deseni ve zahmetsiz, rahat stili takdir eden erkekler i\u00e7in m\u00fckemmel bir tarz par\u00e7as\u0131d\u0131r.<\/p>","protected":false},"excerpt":{"rendered":"<p>Refresh your seasonal wardrobe with the Men&#8217;s Printed Corduroy Casual Pants. Designed for\u00a0spring and autumn, these pants combine the rich texture and warmth of\u00a0classic corduroy fabric\u00a0with a\u00a0contemporary, all-over printed pattern\u00a0for a standout yet versatile look. Featuring a\u00a0comfortable straight-leg cut\u00a0and a\u00a0relaxed, loose fit, they provide ample room for movement and easy layering. The versatile design allows [&hellip;]<\/p>","protected":false},"featured_media":32424,"comment_status":"open","ping_status":"closed","template":"","meta":{"_monsterinsights_skip_tracking":false,"_monsterinsights_sitenote_active":false,"_monsterinsights_sitenote_note":"","_monsterinsights_sitenote_category":0},"product_brand":[],"product_cat":[15,144,75],"product_tag":[],"class_list":{"0":"post-32374","1":"product","2":"type-product","3":"status-publish","4":"has-post-thumbnail","6":"product_cat-uncategorized","7":"product_cat-mens-bottom","8":"product_cat-mens-clothing","10":"first","11":"instock","12":"shipping-taxable","13":"purchasable","14":"product-type-simple"},"aioseo_notices":[],"_links":{"self":[{"href":"https:\/\/xn--kbrsglobalstore-7kcc.com\/tr\/wp-json\/wp\/v2\/product\/32374","targetHints":{"allow":["GET"]}}],"collection":[{"href":"https:\/\/xn--kbrsglobalstore-7kcc.com\/tr\/wp-json\/wp\/v2\/product"}],"about":[{"href":"https:\/\/xn--kbrsglobalstore-7kcc.com\/tr\/wp-json\/wp\/v2\/types\/product"}],"replies":[{"embeddable":true,"href":"https:\/\/xn--kbrsglobalstore-7kcc.com\/tr\/wp-json\/wp\/v2\/comments?post=32374"}],"wp:featuredmedia":[{"embeddable":true,"href":"https:\/\/xn--kbrsglobalstore-7kcc.com\/tr\/wp-json\/wp\/v2\/media\/32424"}],"wp:attachment":[{"href":"https:\/\/xn--kbrsglobalstore-7kcc.com\/tr\/wp-json\/wp\/v2\/media?parent=32374"}],"wp:term":[{"taxonomy":"product_brand","embeddable":true,"href":"https:\/\/xn--kbrsglobalstore-7kcc.com\/tr\/wp-json\/wp\/v2\/product_brand?post=32374"},{"taxonomy":"product_cat","embeddable":true,"href":"https:\/\/xn--kbrsglobalstore-7kcc.com\/tr\/wp-json\/wp\/v2\/product_cat?post=32374"},{"taxonomy":"product_tag","embeddable":true,"href":"https:\/\/xn--kbrsglobalstore-7kcc.com\/tr\/wp-json\/wp\/v2\/product_tag?post=32374"}],"curies":[{"name":"wp","href":"https:\/\/api.w.org\/{rel}","templated":true}]}}