{"id":32373,"date":"2025-12-09T23:40:14","date_gmt":"2025-12-09T23:40:14","guid":{"rendered":"https:\/\/xn--kbrsglobalstore-7kcc.com\/?post_type=product&#038;p=32373"},"modified":"2025-12-17T20:11:37","modified_gmt":"2025-12-17T20:11:37","slug":"mens-casual-corduroy-wide-leg-pants-comfortable-loose-fit-solid-color-versatile-trousers-for-spring-autumn","status":"publish","type":"product","link":"https:\/\/xn--kbrsglobalstore-7kcc.com\/tr\/urun\/mens-casual-corduroy-wide-leg-pants-comfortable-loose-fit-solid-color-versatile-trousers-for-spring-autumn\/","title":{"rendered":"Erkekler i\u00e7in G\u00fcnl\u00fck Kullan\u0131ma Uygun, Bol Pa\u00e7al\u0131 Kadife Pantolon, Rahat, Bol Kesim, D\u00fcz Renk, \u0130lkbahar ve Sonbahar \u0130\u00e7in \u00c7ok Y\u00f6nl\u00fc Pantolon"},"content":{"rendered":"<div class=\"ds-message _63c77b1\">\n<div class=\"ds-markdown\">\n<p class=\"ds-markdown-paragraph translation-block\">Erkekler i\u00e7in tasarlanm\u0131\u015f bu rahat ve \u015f\u0131k kadife geni\u015f pa\u00e7a pantolon ile tarz\u0131n\u0131z\u0131 tamamlay\u0131n. Zahmetsiz \u015f\u0131kl\u0131k i\u00e7in tasarlanan bu pantolon, \u00e7ok y\u00f6nl\u00fc d\u00fcz bir renkteki birinci s\u0131n\u0131f kadife kuma\u015f\u0131n kendine \u00f6zg\u00fc, yumu\u015fak dokusuna sahiptir ve ilkbahar ve sonbahar katmanlama i\u00e7in m\u00fckemmel bir temel par\u00e7ad\u0131r.<\/p>\n<p class=\"ds-markdown-paragraph translation-block\">Bilin\u00e7li olarak bol ve geni\u015f pa\u00e7al\u0131 sil\u00fcet, maksimum konfor ve sizinle birlikte hareket eden modern, ak\u0131c\u0131 bir duru\u015f sunar. Bu \u00e7ok y\u00f6nl\u00fc kesim, g\u00fcnl\u00fck bir g\u00f6r\u00fcn\u00fcm i\u00e7in dar ti\u015f\u00f6rtler ve spor ayakkab\u0131lardan, daha \u015f\u0131k bir kombin i\u00e7in kazaklar ve botlara kadar her \u015feyle kolayca e\u015fle\u015ftirilebilmesini sa\u011flar.<\/p>\n<p class=\"ds-markdown-paragraph\">Her gard\u0131robun vazge\u00e7ilmez bir par\u00e7as\u0131 olan bu pantolonlar, dokunsall\u0131\u011f\u0131 sade renklerle birle\u015ftirerek hem rahat hem de \u015f\u0131k bir g\u00f6r\u00fcn\u00fcm sunuyor. Retro esintili bir \u00e7ekicilikle mevsim ge\u00e7i\u015flerinde kolayca kombinler olu\u015fturmak i\u00e7in ideal.<\/p>\n<\/div>\n<\/div>\n<div class=\"ds-theme\"><\/div>\n<div class=\"ds-flex _0a3d93b\">\n<div class=\"ds-flex _965abe9 _54866f7\">\n<div class=\"db183363 ds-icon-button ds-icon-button--m ds-icon-button--sizing-container\" tabindex=\"0\" role=\"button\" aria-disabled=\"false\">\n<div class=\"ds-icon-button__hover-bg\"><\/div>\n<div class=\"ds-icon\"><\/div>\n<div class=\"ds-focus-ring\"><\/div>\n<\/div>\n<div class=\"db183363 ds-icon-button ds-icon-button--m ds-icon-button--sizing-container\" tabindex=\"0\" role=\"button\" aria-disabled=\"false\">\n<div class=\"ds-icon-button__hover-bg\"><\/div>\n<div class=\"ds-icon\"><\/div>\n<div class=\"ds-focus-ring\"><\/div>\n<\/div>\n<div class=\"db183363 ds-icon-button ds-icon-button--m ds-icon-button--sizing-container\" tabindex=\"0\" role=\"button\" aria-disabled=\"false\">\n<div class=\"ds-icon-button__hover-bg\"><\/div>\n<div class=\"ds-icon\"><\/div>\n<div class=\"ds-focus-ring\"><\/div>\n<\/div>\n<div class=\"db183363 ds-icon-button ds-icon-button--m ds-icon-button--sizing-container\" tabindex=\"0\" role=\"button\" aria-disabled=\"false\">\n<div class=\"ds-icon-button__hover-bg\"><\/div>\n<div class=\"ds-icon\"><\/div>\n<div class=\"ds-focus-ring\"><\/div>\n<\/div>\n<div class=\"db183363 ds-icon-button ds-icon-button--m ds-icon-button--sizing-container\" tabindex=\"0\" role=\"button\" aria-disabled=\"false\">\n<div class=\"ds-icon-button__hover-bg\"><\/div>\n<div class=\"ds-icon\"><\/div>\n<\/div>\n<\/div>\n<\/div>","protected":false},"excerpt":{"rendered":"<p>Embrace relaxed sophistication with the Men&#8217;s Casual Corduroy Wide Leg Pants. Designed for effortless style, these trousers feature the distinctive, soft texture of\u00a0premium corduroy fabric\u00a0in a versatile\u00a0solid color, making them a perfect foundational piece for\u00a0spring and autumn\u00a0layering. The\u00a0intentionally loose, wide-leg silhouette\u00a0offers maximum comfort and a modern, flowing drape that moves with you. This versatile cut [&hellip;]<\/p>","protected":false},"featured_media":32418,"comment_status":"open","ping_status":"closed","template":"","meta":{"_monsterinsights_skip_tracking":false,"_monsterinsights_sitenote_active":false,"_monsterinsights_sitenote_note":"","_monsterinsights_sitenote_category":0},"product_brand":[],"product_cat":[15,144,75],"product_tag":[],"class_list":{"0":"post-32373","1":"product","2":"type-product","3":"status-publish","4":"has-post-thumbnail","6":"product_cat-uncategorized","7":"product_cat-mens-bottom","8":"product_cat-mens-clothing","10":"first","11":"instock","12":"shipping-taxable","13":"purchasable","14":"product-type-simple"},"aioseo_notices":[],"_links":{"self":[{"href":"https:\/\/xn--kbrsglobalstore-7kcc.com\/tr\/wp-json\/wp\/v2\/product\/32373","targetHints":{"allow":["GET"]}}],"collection":[{"href":"https:\/\/xn--kbrsglobalstore-7kcc.com\/tr\/wp-json\/wp\/v2\/product"}],"about":[{"href":"https:\/\/xn--kbrsglobalstore-7kcc.com\/tr\/wp-json\/wp\/v2\/types\/product"}],"replies":[{"embeddable":true,"href":"https:\/\/xn--kbrsglobalstore-7kcc.com\/tr\/wp-json\/wp\/v2\/comments?post=32373"}],"wp:featuredmedia":[{"embeddable":true,"href":"https:\/\/xn--kbrsglobalstore-7kcc.com\/tr\/wp-json\/wp\/v2\/media\/32418"}],"wp:attachment":[{"href":"https:\/\/xn--kbrsglobalstore-7kcc.com\/tr\/wp-json\/wp\/v2\/media?parent=32373"}],"wp:term":[{"taxonomy":"product_brand","embeddable":true,"href":"https:\/\/xn--kbrsglobalstore-7kcc.com\/tr\/wp-json\/wp\/v2\/product_brand?post=32373"},{"taxonomy":"product_cat","embeddable":true,"href":"https:\/\/xn--kbrsglobalstore-7kcc.com\/tr\/wp-json\/wp\/v2\/product_cat?post=32373"},{"taxonomy":"product_tag","embeddable":true,"href":"https:\/\/xn--kbrsglobalstore-7kcc.com\/tr\/wp-json\/wp\/v2\/product_tag?post=32373"}],"curies":[{"name":"wp","href":"https:\/\/api.w.org\/{rel}","templated":true}]}}