{"id":32372,"date":"2025-12-09T23:37:37","date_gmt":"2025-12-09T23:37:37","guid":{"rendered":"https:\/\/xn--kbrsglobalstore-7kcc.com\/?post_type=product&#038;p=32372"},"modified":"2025-12-17T20:11:37","modified_gmt":"2025-12-17T20:11:37","slug":"manfinity-ezcore-men-letter-print-drawstring-waist-pleated-pocket-casual-pants-wind-breaker-sweat-pants-baggy-streetwearamerican-retro-quick-drying-paratrooper-work-pants-men-summer-cleanfit-pants","status":"publish","type":"product","link":"https:\/\/xn--kbrsglobalstore-7kcc.com\/tr\/urun\/manfinity-ezcore-men-letter-print-drawstring-waist-pleated-pocket-casual-pants-wind-breaker-sweat-pants-baggy-streetwearamerican-retro-quick-drying-paratrooper-work-pants-men-summer-cleanfit-pants\/","title":{"rendered":"Manfinity EZcore Erkek Harf Bask\u0131l\u0131 B\u00fczg\u00fcl\u00fc Bel Pileli Cepli G\u00fcnl\u00fck Pantolon, R\u00fczgarl\u0131k E\u015fofman Alt\u0131, Bol Kesim Sokak Giyim, Amerikan Retro H\u0131zl\u0131 Kuruyan Para\u015f\u00fct\u00e7\u00fc \u0130\u015f Pantolonu, Erkek Yazl\u0131k Sala\u015f Pantolon, Bol D\u00fcz Kesim G\u00fcnl\u00fck Pantolon, Sonbahar"},"content":{"rendered":"<p class=\"ds-markdown-paragraph translation-block\">Manfinity EZcore Erkek G\u00fcnl\u00fck Pantolonu ile sokak stilini \u00fcst\u00fcn i\u015flevsellikle birle\u015ftirin. Bu \u00e7ok y\u00f6nl\u00fc pantolon, bol ve rahat d\u00fcz pa\u00e7a kesimini, pileli kargo cepleri ve ayarlanabilir b\u00fczg\u00fcl\u00fc bel gibi kullan\u0131\u015fl\u0131 detaylarla birle\u015ftirerek \u00e7a\u011fda\u015f bir Amerikan retro i\u015f k\u0131yafeti esteti\u011fini yans\u0131t\u0131yor.<\/p>\n<p class=\"ds-markdown-paragraph translation-block\">Cesur bir harf bask\u0131s\u0131na sahip ve hafif, \u00e7abuk kuruyan bir kuma\u015ftan \u00fcretilen bu \u00fcr\u00fcnler, yaz ve sonbahar i\u00e7in idealdir ve t\u00fcm g\u00fcn kullan\u0131m i\u00e7in konfor ve hareket \u00f6zg\u00fcrl\u00fc\u011f\u00fc sunar. Tasar\u0131m, sokak giyim tarz\u0131ndan pratik d\u0131\u015f mekan veya i\u015f ortamlar\u0131na sorunsuz bir \u015fekilde ge\u00e7i\u015f yapar.<\/p>\n<p class=\"ds-markdown-paragraph translation-block\">Hem dar kesim hem de bol kesim g\u00f6r\u00fcn\u00fcm yaratmak i\u00e7in m\u00fckemmel olan bu pantolonlar, sade ti\u015f\u00f6rtler, atletler veya kap\u00fc\u015fonlu sweatshirtlerle zahmetsizce kombinlenebilir. Rahatl\u0131\u011f\u0131, cesur stili ve \u00e7ok y\u00f6nl\u00fc performans\u0131 g\u00fcnl\u00fck giyimlerinde \u00f6nemseyenler i\u00e7in \u00f6ne \u00e7\u0131kan bir par\u00e7a.<\/p>","protected":false},"excerpt":{"rendered":"<p>Unite streetwise style with ultimate functionality in the Manfinity EZcore Men&#8217;s Casual Pants. These versatile trousers blend a\u00a0baggy, loose straight-leg fit\u00a0with utilitarian details like\u00a0pleated cargo pockets\u00a0and an\u00a0adjustable drawstring waist, embodying a contemporary\u00a0American retro workwear aesthetic. Featuring a bold\u00a0letter print\u00a0and crafted from a\u00a0lightweight, quick-drying fabric, they are ideal for\u00a0summer and fall, offering comfort and mobility for [&hellip;]<\/p>","protected":false},"featured_media":32412,"comment_status":"open","ping_status":"closed","template":"","meta":{"_monsterinsights_skip_tracking":false,"_monsterinsights_sitenote_active":false,"_monsterinsights_sitenote_note":"","_monsterinsights_sitenote_category":0},"product_brand":[],"product_cat":[15,144,75],"product_tag":[],"class_list":{"0":"post-32372","1":"product","2":"type-product","3":"status-publish","4":"has-post-thumbnail","6":"product_cat-uncategorized","7":"product_cat-mens-bottom","8":"product_cat-mens-clothing","10":"first","11":"instock","12":"shipping-taxable","13":"purchasable","14":"product-type-simple"},"aioseo_notices":[],"_links":{"self":[{"href":"https:\/\/xn--kbrsglobalstore-7kcc.com\/tr\/wp-json\/wp\/v2\/product\/32372","targetHints":{"allow":["GET"]}}],"collection":[{"href":"https:\/\/xn--kbrsglobalstore-7kcc.com\/tr\/wp-json\/wp\/v2\/product"}],"about":[{"href":"https:\/\/xn--kbrsglobalstore-7kcc.com\/tr\/wp-json\/wp\/v2\/types\/product"}],"replies":[{"embeddable":true,"href":"https:\/\/xn--kbrsglobalstore-7kcc.com\/tr\/wp-json\/wp\/v2\/comments?post=32372"}],"wp:featuredmedia":[{"embeddable":true,"href":"https:\/\/xn--kbrsglobalstore-7kcc.com\/tr\/wp-json\/wp\/v2\/media\/32412"}],"wp:attachment":[{"href":"https:\/\/xn--kbrsglobalstore-7kcc.com\/tr\/wp-json\/wp\/v2\/media?parent=32372"}],"wp:term":[{"taxonomy":"product_brand","embeddable":true,"href":"https:\/\/xn--kbrsglobalstore-7kcc.com\/tr\/wp-json\/wp\/v2\/product_brand?post=32372"},{"taxonomy":"product_cat","embeddable":true,"href":"https:\/\/xn--kbrsglobalstore-7kcc.com\/tr\/wp-json\/wp\/v2\/product_cat?post=32372"},{"taxonomy":"product_tag","embeddable":true,"href":"https:\/\/xn--kbrsglobalstore-7kcc.com\/tr\/wp-json\/wp\/v2\/product_tag?post=32372"}],"curies":[{"name":"wp","href":"https:\/\/api.w.org\/{rel}","templated":true}]}}