{"id":32371,"date":"2025-12-09T23:34:14","date_gmt":"2025-12-09T23:34:14","guid":{"rendered":"https:\/\/xn--kbrsglobalstore-7kcc.com\/?post_type=product&#038;p=32371"},"modified":"2025-12-17T20:11:38","modified_gmt":"2025-12-17T20:11:38","slug":"sumwon-regular-fit-corduroy-pants-with-draw-stringsmens-dark-brown-loose-fitting-casual-pants-fashion-sports-style-comfortable-and-breathable-fabric-suitable-for-daily-wear-modern-cut-design","status":"publish","type":"product","link":"https:\/\/xn--kbrsglobalstore-7kcc.com\/tr\/urun\/sumwon-regular-fit-corduroy-pants-with-draw-stringsmens-dark-brown-loose-fitting-casual-pants-fashion-sports-style-comfortable-and-breathable-fabric-suitable-for-daily-wear-modern-cut-design\/","title":{"rendered":"SUMWON Normal Kesim Kadife Pantolon, \u0130pli, Erkek Koyu Kahverengi Bol Kesim G\u00fcnl\u00fck Pantolon"},"content":{"rendered":"<div class=\"ds-message _63c77b1\">\n<div class=\"ds-markdown\">\n<p class=\"ds-markdown-paragraph translation-block\">SUMWON'un Regular Fit Kadife Pantolonu ile rahat bir tarz\u0131 ve g\u00fcnl\u00fck konforu deneyimleyin. Zengin bir koyu kahverengi tonunda \u00fcretilen bu pantolon, yumu\u015fak kadife kuma\u015f\u0131n zamans\u0131z dokusunu, a\u015f\u0131r\u0131 bol olmadan rahat ve konforlu bir his sunan modern bir normal kesim sil\u00fcetiyle birle\u015ftiriyor.<\/p>\n<p class=\"ds-markdown-paragraph translation-block\">Ayarlanabilir b\u00fczg\u00fcl\u00fc bel k\u0131sm\u0131 ki\u015fiye \u00f6zel ve g\u00fcvenli bir uyum sa\u011flarken, nefes alabilen ve dayan\u0131kl\u0131 yap\u0131s\u0131 onlar\u0131 t\u00fcm g\u00fcn giymek i\u00e7in ideal k\u0131lar. \u00c7ok y\u00f6nl\u00fc modern bir kesimle tasarlanan bu pantolonlar, g\u00fcnl\u00fck geziler, rahat hafta sonlar\u0131 veya gayri resmi toplant\u0131lar i\u00e7in m\u00fckemmel olup, g\u00fcndelik ve sportif stiller aras\u0131nda zahmetsizce k\u00f6pr\u00fc kurar.<\/p>\n<p class=\"ds-markdown-paragraph translation-block\"><strong>Spor ayakkab\u0131lar ve g\u00fcnl\u00fck \u00fcstlerle<\/strong> kolayca kombinlenebilen bu pantolonlar, \u00e7e\u015fitli durumlar i\u00e7in uygun, zahmetsiz ve \u00e7a\u011fda\u015f g\u00f6r\u00fcn\u00fcmler yaratmak i\u00e7in vazge\u00e7ilmez bir par\u00e7ad\u0131r. \u0130\u015flevsel tasar\u0131m ve sade modan\u0131n m\u00fckemmel bir kar\u0131\u015f\u0131m\u0131.<\/p>\n<\/div>\n<\/div>\n<div class=\"ds-theme\"><\/div>\n<div class=\"ds-flex _0a3d93b\">\n<div class=\"ds-flex _965abe9 _54866f7\">\n<div class=\"db183363 ds-icon-button ds-icon-button--m ds-icon-button--sizing-container\" tabindex=\"0\" role=\"button\" aria-disabled=\"false\">\n<div class=\"ds-icon-button__hover-bg\"><\/div>\n<div class=\"ds-icon\"><\/div>\n<div class=\"ds-focus-ring\"><\/div>\n<\/div>\n<div class=\"db183363 ds-icon-button ds-icon-button--m ds-icon-button--sizing-container\" tabindex=\"0\" role=\"button\" aria-disabled=\"false\">\n<div class=\"ds-icon-button__hover-bg\"><\/div>\n<div class=\"ds-icon\"><\/div>\n<div class=\"ds-focus-ring\"><\/div>\n<\/div>\n<div class=\"db183363 ds-icon-button ds-icon-button--m ds-icon-button--sizing-container\" tabindex=\"0\" role=\"button\" aria-disabled=\"false\">\n<div class=\"ds-icon-button__hover-bg\"><\/div>\n<div class=\"ds-icon\"><\/div>\n<div class=\"ds-focus-ring\"><\/div>\n<\/div>\n<div class=\"db183363 ds-icon-button ds-icon-button--m ds-icon-button--sizing-container\" tabindex=\"0\" role=\"button\" aria-disabled=\"false\">\n<div class=\"ds-icon-button__hover-bg\"><\/div>\n<div class=\"ds-icon\"><\/div>\n<div class=\"ds-focus-ring\"><\/div>\n<\/div>\n<div class=\"db183363 ds-icon-button ds-icon-button--m ds-icon-button--sizing-container\" tabindex=\"0\" role=\"button\" aria-disabled=\"false\">\n<div class=\"ds-icon-button__hover-bg\"><\/div>\n<div class=\"ds-icon\"><\/div>\n<\/div>\n<\/div>\n<\/div>","protected":false},"excerpt":{"rendered":"<p>Experience laid-back style and everyday comfort with SUMWON&#8217;s Regular Fit Corduroy Pants. Crafted in a rich\u00a0dark brown, these pants feature the timeless texture of soft\u00a0corduroy fabric\u00a0cut into a modern\u00a0regular fit silhouette\u00a0that offers a relaxed, comfortable feel without being overly baggy. The\u00a0adjustable drawstring waist\u00a0ensures a personalized, secure fit, while the\u00a0breathable, durable construction\u00a0makes them ideal for all-day [&hellip;]<\/p>","protected":false},"featured_media":32406,"comment_status":"open","ping_status":"closed","template":"","meta":{"_monsterinsights_skip_tracking":false,"_monsterinsights_sitenote_active":false,"_monsterinsights_sitenote_note":"","_monsterinsights_sitenote_category":0},"product_brand":[],"product_cat":[15,144,75],"product_tag":[],"class_list":{"0":"post-32371","1":"product","2":"type-product","3":"status-publish","4":"has-post-thumbnail","6":"product_cat-uncategorized","7":"product_cat-mens-bottom","8":"product_cat-mens-clothing","10":"first","11":"instock","12":"shipping-taxable","13":"purchasable","14":"product-type-simple"},"aioseo_notices":[],"_links":{"self":[{"href":"https:\/\/xn--kbrsglobalstore-7kcc.com\/tr\/wp-json\/wp\/v2\/product\/32371","targetHints":{"allow":["GET"]}}],"collection":[{"href":"https:\/\/xn--kbrsglobalstore-7kcc.com\/tr\/wp-json\/wp\/v2\/product"}],"about":[{"href":"https:\/\/xn--kbrsglobalstore-7kcc.com\/tr\/wp-json\/wp\/v2\/types\/product"}],"replies":[{"embeddable":true,"href":"https:\/\/xn--kbrsglobalstore-7kcc.com\/tr\/wp-json\/wp\/v2\/comments?post=32371"}],"wp:featuredmedia":[{"embeddable":true,"href":"https:\/\/xn--kbrsglobalstore-7kcc.com\/tr\/wp-json\/wp\/v2\/media\/32406"}],"wp:attachment":[{"href":"https:\/\/xn--kbrsglobalstore-7kcc.com\/tr\/wp-json\/wp\/v2\/media?parent=32371"}],"wp:term":[{"taxonomy":"product_brand","embeddable":true,"href":"https:\/\/xn--kbrsglobalstore-7kcc.com\/tr\/wp-json\/wp\/v2\/product_brand?post=32371"},{"taxonomy":"product_cat","embeddable":true,"href":"https:\/\/xn--kbrsglobalstore-7kcc.com\/tr\/wp-json\/wp\/v2\/product_cat?post=32371"},{"taxonomy":"product_tag","embeddable":true,"href":"https:\/\/xn--kbrsglobalstore-7kcc.com\/tr\/wp-json\/wp\/v2\/product_tag?post=32371"}],"curies":[{"name":"wp","href":"https:\/\/api.w.org\/{rel}","templated":true}]}}