{"id":32370,"date":"2025-12-09T23:33:10","date_gmt":"2025-12-09T23:33:10","guid":{"rendered":"https:\/\/xn--kbrsglobalstore-7kcc.com\/?post_type=product&#038;p=32370"},"modified":"2025-12-17T20:11:38","modified_gmt":"2025-12-17T20:11:38","slug":"1pc-drawstring-waist-patchwork-casual-pants-suitable-for-spring-autumn-valentines-day-thanksgiving-teachers-day-fathers-day-easter-carnival-new-year","status":"publish","type":"product","link":"https:\/\/xn--kbrsglobalstore-7kcc.com\/tr\/urun\/1pc-drawstring-waist-patchwork-casual-pants-suitable-for-spring-autumn-valentines-day-thanksgiving-teachers-day-fathers-day-easter-carnival-new-year\/","title":{"rendered":"1 adet B\u00fczg\u00fcl\u00fc Bel Yama Detayl\u0131 G\u00fcnl\u00fck Pantolon, \u0130lkbahar, Sonbahar, Sevgililer G\u00fcn\u00fc, \u015e\u00fckran G\u00fcn\u00fc, \u00d6\u011fretmenler G\u00fcn\u00fc, Babalar G\u00fcn\u00fc, Paskalya, Karnaval, Yeni Y\u0131l i\u00e7in uygundur."},"content":{"rendered":"<p class=\"ds-markdown-paragraph translation-block\">\u0130pli Bel Detayl\u0131 Patchwork G\u00fcnl\u00fck Pantolon ile yarat\u0131c\u0131 bir tarz yarat\u0131n. Bu e\u015fsiz pantolon, birbirini tamamlayan renkleri ve dokular\u0131 bir araya getiren g\u00f6z al\u0131c\u0131 bir patchwork tasar\u0131m\u0131na sahiptir ve bireysel tarz\u0131n\u0131z\u0131 ifade etmek i\u00e7in m\u00fckemmel, benzersiz ve sanatsal bir g\u00f6r\u00fcn\u00fcm sunar.<\/p>\n<p class=\"ds-markdown-paragraph translation-block\">Konfor ve rahatl\u0131k i\u00e7in tasarlanan bu \u00fcr\u00fcnler, yumu\u015fak, ayarlanabilir b\u00fczg\u00fcl\u00fc bel k\u0131sm\u0131 ve rahat kesimiyle ilkbahar ve sonbahar aylar\u0131nda t\u00fcm g\u00fcn giymek i\u00e7in idealdir. \u00c7ok y\u00f6nl\u00fc ve kutlama havas\u0131 yaratan tasar\u0131mlar\u0131, Sevgililer G\u00fcn\u00fc, \u015e\u00fckran G\u00fcn\u00fc, \u00d6\u011fretmenler G\u00fcn\u00fc, Babalar G\u00fcn\u00fc, Paskalya, Karnaval veya Y\u0131lba\u015f\u0131 kutlamalar\u0131 gibi \u00e7e\u015fitli etkinlikler i\u00e7in e\u011flenceli ve d\u00fc\u015f\u00fcnceli bir se\u00e7im olmalar\u0131n\u0131 sa\u011flar.<\/p>\n<p class=\"ds-markdown-paragraph\">Pantolonu sade, d\u00fcz renkli bir \u00fcstle kombinleyerek k\u0131yafetin odak noktas\u0131 haline gelmesini sa\u011flayabilirsiniz. Rahatl\u0131k ve cesur, \u015f\u0131k tarz\u0131n m\u00fckemmel bir kar\u0131\u015f\u0131m\u0131.<\/p>","protected":false},"excerpt":{"rendered":"<p>Make a creative statement with the Drawstring Waist Patchwork Casual Pants. These unique trousers feature an\u00a0eye-catching patchwork design\u00a0that blends complementary colors and textures, offering a one-of-a-kind, artistic look perfect for expressing individual style. Built for comfort and ease, they include a\u00a0soft, adjustable drawstring waist\u00a0and a relaxed fit, making them ideal for all-day wear during\u00a0spring and [&hellip;]<\/p>","protected":false},"featured_media":32400,"comment_status":"open","ping_status":"closed","template":"","meta":{"_monsterinsights_skip_tracking":false,"_monsterinsights_sitenote_active":false,"_monsterinsights_sitenote_note":"","_monsterinsights_sitenote_category":0},"product_brand":[],"product_cat":[15,144,75],"product_tag":[],"class_list":{"0":"post-32370","1":"product","2":"type-product","3":"status-publish","4":"has-post-thumbnail","6":"product_cat-uncategorized","7":"product_cat-mens-bottom","8":"product_cat-mens-clothing","10":"first","11":"instock","12":"shipping-taxable","13":"purchasable","14":"product-type-simple"},"aioseo_notices":[],"_links":{"self":[{"href":"https:\/\/xn--kbrsglobalstore-7kcc.com\/tr\/wp-json\/wp\/v2\/product\/32370","targetHints":{"allow":["GET"]}}],"collection":[{"href":"https:\/\/xn--kbrsglobalstore-7kcc.com\/tr\/wp-json\/wp\/v2\/product"}],"about":[{"href":"https:\/\/xn--kbrsglobalstore-7kcc.com\/tr\/wp-json\/wp\/v2\/types\/product"}],"replies":[{"embeddable":true,"href":"https:\/\/xn--kbrsglobalstore-7kcc.com\/tr\/wp-json\/wp\/v2\/comments?post=32370"}],"wp:featuredmedia":[{"embeddable":true,"href":"https:\/\/xn--kbrsglobalstore-7kcc.com\/tr\/wp-json\/wp\/v2\/media\/32400"}],"wp:attachment":[{"href":"https:\/\/xn--kbrsglobalstore-7kcc.com\/tr\/wp-json\/wp\/v2\/media?parent=32370"}],"wp:term":[{"taxonomy":"product_brand","embeddable":true,"href":"https:\/\/xn--kbrsglobalstore-7kcc.com\/tr\/wp-json\/wp\/v2\/product_brand?post=32370"},{"taxonomy":"product_cat","embeddable":true,"href":"https:\/\/xn--kbrsglobalstore-7kcc.com\/tr\/wp-json\/wp\/v2\/product_cat?post=32370"},{"taxonomy":"product_tag","embeddable":true,"href":"https:\/\/xn--kbrsglobalstore-7kcc.com\/tr\/wp-json\/wp\/v2\/product_tag?post=32370"}],"curies":[{"name":"wp","href":"https:\/\/api.w.org\/{rel}","templated":true}]}}