{"id":32369,"date":"2025-12-09T23:31:25","date_gmt":"2025-12-09T23:31:25","guid":{"rendered":"https:\/\/xn--kbrsglobalstore-7kcc.com\/?post_type=product&#038;p=32369"},"modified":"2025-12-17T20:11:38","modified_gmt":"2025-12-17T20:11:38","slug":"mens-straight-wide-leg-pants-loose-casual-trousers-with-drawstring-elastic-waistdy-sweatpants-for-spring-and-autumn","status":"publish","type":"product","link":"https:\/\/xn--kbrsglobalstore-7kcc.com\/tr\/urun\/mens-straight-wide-leg-pants-loose-casual-trousers-with-drawstring-elastic-waistdy-sweatpants-for-spring-and-autumn\/","title":{"rendered":"Erkekler i\u00e7in D\u00fcz Kesim Geni\u015f Pa\u00e7al\u0131 Pantolon, \u0130lkbahar ve Sonbahar \u0130\u00e7in B\u00fczg\u00fcl\u00fc Bel Detayl\u0131 Bol G\u00fcnl\u00fck E\u015fofman Alt\u0131"},"content":{"rendered":"<p class=\"ds-markdown-paragraph translation-block\">Erkekler i\u00e7in tasarlanm\u0131\u015f d\u00fcz kesimli geni\u015f pa\u00e7al\u0131 e\u015fofman alt\u0131 ile rahatl\u0131\u011f\u0131n ve \u00e7ok y\u00f6nl\u00fcl\u00fc\u011f\u00fcn zirvesini ke\u015ffedin. Zahmetsiz bir stil i\u00e7in tasarlanan bu pantolonlar, ilkbahar ve sonbahar aylar\u0131nda evde rahatlamak veya g\u00fcndelik geziler i\u00e7in m\u00fckemmel olan, fazla hacim yaratmayan modern, bol bir kesim sa\u011flayan temiz, d\u00fcz ve geni\u015f pa\u00e7al\u0131 bir sil\u00fcete sahiptir.<\/p>\n<p class=\"ds-markdown-paragraph translation-block\">Yumu\u015fak ve rahat bir kuma\u015ftan \u00fcretilen bu pantolonlar, g\u00fcvenli ve ayarlanabilir bir uyum i\u00e7in i\u00e7ten b\u00fczg\u00fcl\u00fc pratik bir elastik bel band\u0131na sahiptir. Minimalist tasar\u0131m\u0131 ve n\u00f6tr renkleri sayesinde kap\u00fc\u015fonlu sweatshirtler, ti\u015f\u00f6rtler veya katmanl\u0131 ceketlerle kombinlemek son derece kolayd\u0131r.<\/p>\n<p class=\"ds-markdown-paragraph\">Her gard\u0131robun olmazsa olmaz\u0131 olan bu pantolonlar, klasik e\u015fofman rahatl\u0131\u011f\u0131 ile g\u00fcncel sokak giyim tarz\u0131 aras\u0131nda bir k\u00f6pr\u00fc kuruyor. Rahat ve \u00f6zenli g\u00f6r\u00fcn\u00fcmler yaratmak i\u00e7in idealdir.<\/p>","protected":false},"excerpt":{"rendered":"<p>Discover the ultimate in relaxed, versatile comfort with the Men&#8217;s Straight Wide Leg Sweatpants. Designed for effortless style, these trousers feature a\u00a0clean, straight-wide leg silhouette\u00a0that provides a modern, loose fit without excess bulk, perfect for lounging or casual outings during\u00a0spring and autumn. Crafted from a soft, comfortable fabric, they include a practical\u00a0elastic waistband with an [&hellip;]<\/p>","protected":false},"featured_media":32393,"comment_status":"open","ping_status":"closed","template":"","meta":{"_monsterinsights_skip_tracking":false,"_monsterinsights_sitenote_active":false,"_monsterinsights_sitenote_note":"","_monsterinsights_sitenote_category":0},"product_brand":[],"product_cat":[15,144,75],"product_tag":[],"class_list":{"0":"post-32369","1":"product","2":"type-product","3":"status-publish","4":"has-post-thumbnail","6":"product_cat-uncategorized","7":"product_cat-mens-bottom","8":"product_cat-mens-clothing","10":"first","11":"instock","12":"shipping-taxable","13":"purchasable","14":"product-type-simple"},"aioseo_notices":[],"_links":{"self":[{"href":"https:\/\/xn--kbrsglobalstore-7kcc.com\/tr\/wp-json\/wp\/v2\/product\/32369","targetHints":{"allow":["GET"]}}],"collection":[{"href":"https:\/\/xn--kbrsglobalstore-7kcc.com\/tr\/wp-json\/wp\/v2\/product"}],"about":[{"href":"https:\/\/xn--kbrsglobalstore-7kcc.com\/tr\/wp-json\/wp\/v2\/types\/product"}],"replies":[{"embeddable":true,"href":"https:\/\/xn--kbrsglobalstore-7kcc.com\/tr\/wp-json\/wp\/v2\/comments?post=32369"}],"wp:featuredmedia":[{"embeddable":true,"href":"https:\/\/xn--kbrsglobalstore-7kcc.com\/tr\/wp-json\/wp\/v2\/media\/32393"}],"wp:attachment":[{"href":"https:\/\/xn--kbrsglobalstore-7kcc.com\/tr\/wp-json\/wp\/v2\/media?parent=32369"}],"wp:term":[{"taxonomy":"product_brand","embeddable":true,"href":"https:\/\/xn--kbrsglobalstore-7kcc.com\/tr\/wp-json\/wp\/v2\/product_brand?post=32369"},{"taxonomy":"product_cat","embeddable":true,"href":"https:\/\/xn--kbrsglobalstore-7kcc.com\/tr\/wp-json\/wp\/v2\/product_cat?post=32369"},{"taxonomy":"product_tag","embeddable":true,"href":"https:\/\/xn--kbrsglobalstore-7kcc.com\/tr\/wp-json\/wp\/v2\/product_tag?post=32369"}],"curies":[{"name":"wp","href":"https:\/\/api.w.org\/{rel}","templated":true}]}}