{"id":32368,"date":"2025-12-09T23:29:16","date_gmt":"2025-12-09T23:29:16","guid":{"rendered":"https:\/\/xn--kbrsglobalstore-7kcc.com\/?post_type=product&#038;p=32368"},"modified":"2025-12-17T20:11:38","modified_gmt":"2025-12-17T20:11:38","slug":"manfinity-homme-mens-solid-color-straight-leg-pants-plain-work-long-tapered-slacks-pants-for-husband-boyfriend-gifts-for-fall","status":"publish","type":"product","link":"https:\/\/xn--kbrsglobalstore-7kcc.com\/tr\/urun\/manfinity-homme-mens-solid-color-straight-leg-pants-plain-work-long-tapered-slacks-pants-for-husband-boyfriend-gifts-for-fall\/","title":{"rendered":"Manfinity Homme Erkek D\u00fcz Renk D\u00fcz Pa\u00e7a Pantolon, Sade \u0130\u015f Pantolonu, Uzun Daralan Pa\u00e7a, E\u015f veya Erkek Arkada\u015f Hediyesi, Sonbahar \u0130\u00e7in"},"content":{"rendered":"<div class=\"ds-message _63c77b1\">\n<div class=\"ds-markdown\">\n<p class=\"ds-markdown-paragraph translation-block\">Bacak k\u0131sm\u0131ndan a\u015fa\u011f\u0131 do\u011fru daralan kesimiyle \u015f\u0131k ve modern bir g\u00f6r\u00fcn\u00fcm sa\u011flarken, g\u00fcn boyu konfor sunar. E\u015finiz veya erkek arkada\u015f\u0131n\u0131z i\u00e7in d\u00fc\u015f\u00fcnceli ve pratik bir hediye olarak tasarlanan bu pantolonlar, \u00f6zellikle sonbahar mevsimi i\u00e7in uygundur ve kazaklarla veya hafif ceketlerle kolayca kombinlenebilir.<\/p>\n<p class=\"ds-markdown-paragraph\">Featuring a\u00a0<strong>smooth, tapered fit<\/strong>\u00a0through the leg, they provide a sharp, contemporary line while ensuring all-day comfort. Crafted as a thoughtful and practical\u00a0<strong>gift for a husband or boyfriend<\/strong>, they are especially suitable for the\u00a0<strong>fall season<\/strong>, easily layered with sweaters or lightweight jackets.<\/p>\n<p class=\"ds-markdown-paragraph\">\u00c7ok y\u00f6nl\u00fc bir temel par\u00e7a olan bu pantolonlar, \u015f\u0131k ayakkab\u0131larla veya g\u00fcnl\u00fck spor ayakkab\u0131larla zahmetsizce uyum sa\u011flayarak i\u015fe, hafta sonu gezilerine ve aradaki her \u015feye uygun bir se\u00e7im haline geliyor. Sade, g\u00fcvenilir ve bilin\u00e7li olarak \u015f\u0131k.<\/p>\n<\/div>\n<\/div>\n<div class=\"ds-theme\"><\/div>\n<div class=\"ds-flex _0a3d93b\">\n<div class=\"ds-flex _965abe9\">\n<div class=\"db183363 ds-icon-button ds-icon-button--m ds-icon-button--sizing-container\" tabindex=\"0\" role=\"button\" aria-disabled=\"false\">\n<div class=\"ds-icon-button__hover-bg\"><\/div>\n<div class=\"ds-icon\"><\/div>\n<div class=\"ds-focus-ring\"><\/div>\n<\/div>\n<div class=\"db183363 ds-icon-button ds-icon-button--m ds-icon-button--sizing-container ds-icon-button--disabled\" role=\"button\" aria-disabled=\"true\">\n<div class=\"ds-icon\"><\/div>\n<div class=\"ds-focus-ring\"><\/div>\n<\/div>\n<div class=\"db183363 ds-icon-button ds-icon-button--m ds-icon-button--sizing-container\" tabindex=\"0\" role=\"button\" aria-disabled=\"false\">\n<div class=\"ds-icon-button__hover-bg\"><\/div>\n<div class=\"ds-icon\"><\/div>\n<div class=\"ds-focus-ring\"><\/div>\n<\/div>\n<div class=\"db183363 ds-icon-button ds-icon-button--m ds-icon-button--sizing-container\" tabindex=\"0\" role=\"button\" aria-disabled=\"false\">\n<div class=\"ds-icon-button__hover-bg\"><\/div>\n<div class=\"ds-icon\"><\/div>\n<div class=\"ds-focus-ring\"><\/div>\n<\/div>\n<div class=\"db183363 ds-icon-button ds-icon-button--m ds-icon-button--sizing-container\" tabindex=\"0\" role=\"button\" aria-disabled=\"false\"><\/div>\n<\/div>\n<\/div>","protected":false},"excerpt":{"rendered":"<p>Elevate his everyday wardrobe with the refined simplicity of the Manfinity Homme Men&#8217;s Solid Color Straight Leg Pants. Tailored with a clean,\u00a0straight leg silhouette\u00a0in a versatile plain fabric, these pants offer a modern, polished look that&#8217;s ideal for both\u00a0casual and business-casual settings. Featuring a\u00a0smooth, tapered fit\u00a0through the leg, they provide a sharp, contemporary line while [&hellip;]<\/p>","protected":false},"featured_media":32386,"comment_status":"open","ping_status":"closed","template":"","meta":{"_monsterinsights_skip_tracking":false,"_monsterinsights_sitenote_active":false,"_monsterinsights_sitenote_note":"","_monsterinsights_sitenote_category":0},"product_brand":[],"product_cat":[15,144,75],"product_tag":[],"class_list":{"0":"post-32368","1":"product","2":"type-product","3":"status-publish","4":"has-post-thumbnail","6":"product_cat-uncategorized","7":"product_cat-mens-bottom","8":"product_cat-mens-clothing","10":"first","11":"instock","12":"shipping-taxable","13":"purchasable","14":"product-type-simple"},"aioseo_notices":[],"_links":{"self":[{"href":"https:\/\/xn--kbrsglobalstore-7kcc.com\/tr\/wp-json\/wp\/v2\/product\/32368","targetHints":{"allow":["GET"]}}],"collection":[{"href":"https:\/\/xn--kbrsglobalstore-7kcc.com\/tr\/wp-json\/wp\/v2\/product"}],"about":[{"href":"https:\/\/xn--kbrsglobalstore-7kcc.com\/tr\/wp-json\/wp\/v2\/types\/product"}],"replies":[{"embeddable":true,"href":"https:\/\/xn--kbrsglobalstore-7kcc.com\/tr\/wp-json\/wp\/v2\/comments?post=32368"}],"wp:featuredmedia":[{"embeddable":true,"href":"https:\/\/xn--kbrsglobalstore-7kcc.com\/tr\/wp-json\/wp\/v2\/media\/32386"}],"wp:attachment":[{"href":"https:\/\/xn--kbrsglobalstore-7kcc.com\/tr\/wp-json\/wp\/v2\/media?parent=32368"}],"wp:term":[{"taxonomy":"product_brand","embeddable":true,"href":"https:\/\/xn--kbrsglobalstore-7kcc.com\/tr\/wp-json\/wp\/v2\/product_brand?post=32368"},{"taxonomy":"product_cat","embeddable":true,"href":"https:\/\/xn--kbrsglobalstore-7kcc.com\/tr\/wp-json\/wp\/v2\/product_cat?post=32368"},{"taxonomy":"product_tag","embeddable":true,"href":"https:\/\/xn--kbrsglobalstore-7kcc.com\/tr\/wp-json\/wp\/v2\/product_tag?post=32368"}],"curies":[{"name":"wp","href":"https:\/\/api.w.org\/{rel}","templated":true}]}}