{"id":32367,"date":"2025-12-09T23:26:00","date_gmt":"2025-12-09T23:26:00","guid":{"rendered":"https:\/\/xn--kbrsglobalstore-7kcc.com\/?post_type=product&#038;p=32367"},"modified":"2025-12-17T20:11:38","modified_gmt":"2025-12-17T20:11:38","slug":"manfinity-homme-mens-plain-straight-legged-khaki-pants-for-fall","status":"publish","type":"product","link":"https:\/\/xn--kbrsglobalstore-7kcc.com\/tr\/urun\/manfinity-homme-mens-plain-straight-legged-khaki-pants-for-fall\/","title":{"rendered":"Manfinity Homme Erkek D\u00fcz Kesim Haki Pantolon, Sonbahar \u0130\u00e7in"},"content":{"rendered":"<p class=\"ds-markdown-paragraph translation-block\">Manfinity Homme Erkek D\u00fcz Kesim Haki Pantolonun sade ve klasik \u00e7ekicili\u011fiyle g\u00fcnl\u00fck tarz\u0131n\u0131z\u0131 tan\u0131mlay\u0131n. \u00c7ok y\u00f6nl\u00fcl\u00fck i\u00e7in tasarlanan bu pantolon, dayan\u0131kl\u0131, n\u00f6tr haki kuma\u015ftan \u00fcretilmi\u015f zamans\u0131z bir d\u00fcz kesime sahiptir ve sonbahar mevsimi i\u00e7in m\u00fckemmel, keskin ama rahat bir sil\u00fcet sunar.<\/p>\n<p class=\"ds-markdown-paragraph\">Orta a\u011f\u0131rl\u0131kta pamuk kar\u0131\u015f\u0131m\u0131ndan \u00fcretilen bu \u00fcr\u00fcnler, kazaklar, flanel g\u00f6mlekler veya ceketlerle katmanlama i\u00e7in ideal bir yap\u0131 sunar. Minimalist tasar\u0131m\u0131 ve \u00e7ok y\u00f6nl\u00fc rengi, zahmetsiz ve \u015f\u0131k g\u00f6r\u00fcn\u00fcmler yaratmak i\u00e7in onlar\u0131 vazge\u00e7ilmez bir yap\u0131 ta\u015f\u0131 haline getirir.<\/p>\n<p class=\"ds-markdown-paragraph\">Hafta sonu i\u015flerinden g\u00fcnl\u00fck ofis k\u0131yafetlerine kadar sorunsuz bir ge\u00e7i\u015f sa\u011flayan bir g\u00f6r\u00fcn\u00fcm i\u00e7in botlarla veya spor ayakkab\u0131larla kombinleyin. Sadeli\u011fi g\u00fcnl\u00fck \u015f\u0131kl\u0131kla harmanlayan, modern bir gard\u0131robun temel par\u00e7alar\u0131ndan biri.<\/p>","protected":false},"excerpt":{"rendered":"<p>Define your casual style with the clean, classic appeal of the Manfinity Homme Men&#8217;s Plain Straight-Leg Khaki Pants. Designed for versatility, these pants feature a timeless\u00a0straight-leg cut\u00a0in a durable, neutral khaki fabric, offering a sharp yet relaxed silhouette perfect for the\u00a0fall season. Crafted from a medium-weight cotton blend, they provide just the right structure for [&hellip;]<\/p>","protected":false},"featured_media":32377,"comment_status":"open","ping_status":"closed","template":"","meta":{"_monsterinsights_skip_tracking":false,"_monsterinsights_sitenote_active":false,"_monsterinsights_sitenote_note":"","_monsterinsights_sitenote_category":0},"product_brand":[],"product_cat":[15,144,75],"product_tag":[],"class_list":{"0":"post-32367","1":"product","2":"type-product","3":"status-publish","4":"has-post-thumbnail","6":"product_cat-uncategorized","7":"product_cat-mens-bottom","8":"product_cat-mens-clothing","10":"first","11":"instock","12":"shipping-taxable","13":"purchasable","14":"product-type-simple"},"aioseo_notices":[],"_links":{"self":[{"href":"https:\/\/xn--kbrsglobalstore-7kcc.com\/tr\/wp-json\/wp\/v2\/product\/32367","targetHints":{"allow":["GET"]}}],"collection":[{"href":"https:\/\/xn--kbrsglobalstore-7kcc.com\/tr\/wp-json\/wp\/v2\/product"}],"about":[{"href":"https:\/\/xn--kbrsglobalstore-7kcc.com\/tr\/wp-json\/wp\/v2\/types\/product"}],"replies":[{"embeddable":true,"href":"https:\/\/xn--kbrsglobalstore-7kcc.com\/tr\/wp-json\/wp\/v2\/comments?post=32367"}],"wp:featuredmedia":[{"embeddable":true,"href":"https:\/\/xn--kbrsglobalstore-7kcc.com\/tr\/wp-json\/wp\/v2\/media\/32377"}],"wp:attachment":[{"href":"https:\/\/xn--kbrsglobalstore-7kcc.com\/tr\/wp-json\/wp\/v2\/media?parent=32367"}],"wp:term":[{"taxonomy":"product_brand","embeddable":true,"href":"https:\/\/xn--kbrsglobalstore-7kcc.com\/tr\/wp-json\/wp\/v2\/product_brand?post=32367"},{"taxonomy":"product_cat","embeddable":true,"href":"https:\/\/xn--kbrsglobalstore-7kcc.com\/tr\/wp-json\/wp\/v2\/product_cat?post=32367"},{"taxonomy":"product_tag","embeddable":true,"href":"https:\/\/xn--kbrsglobalstore-7kcc.com\/tr\/wp-json\/wp\/v2\/product_tag?post=32367"}],"curies":[{"name":"wp","href":"https:\/\/api.w.org\/{rel}","templated":true}]}}