{"id":32304,"date":"2025-12-09T23:07:40","date_gmt":"2025-12-09T23:07:40","guid":{"rendered":"https:\/\/xn--kbrsglobalstore-7kcc.com\/?post_type=product&#038;p=32304"},"modified":"2025-12-17T20:11:39","modified_gmt":"2025-12-17T20:11:39","slug":"manfinity-casualcool-mens-casual-vacation-style-featuring-an-ins-inspired-geometric-diamond-textured-jacquard-knit-short-sleeve-polo-shirt-perfect-for-music-festivals-hawaii-beach-getaways","status":"publish","type":"product","link":"https:\/\/xn--kbrsglobalstore-7kcc.com\/tr\/urun\/manfinity-casualcool-mens-casual-vacation-style-featuring-an-ins-inspired-geometric-diamond-textured-jacquard-knit-short-sleeve-polo-shirt-perfect-for-music-festivals-hawaii-beach-getaways\/","title":{"rendered":"Manfinity CasualCool Erkek G\u00fcnl\u00fck Tatil Stili, INS'den ilham alan geometrik elmas desenli jakarl\u0131 \u00f6rg\u00fc k\u0131sa kollu polo ti\u015f\u00f6rt\u00fcyle \u00f6ne \u00e7\u0131k\u0131yor. M\u00fczik festivalleri ve Hawaii plaj tatilleri i\u00e7in m\u00fckemmel."},"content":{"rendered":"<div class=\"ds-message _63c77b1\">\n<div class=\"ds-markdown\">\n<p class=\"ds-markdown-paragraph translation-block\">Manfinity CasualCool Erkek Geometrik Jakarl\u0131 Polo ile tatil beldelerine uygun \u015f\u0131kl\u0131\u011f\u0131 yeni bir seviyeye ta\u015f\u0131y\u0131n. Bu dikkat \u00e7ekici k\u0131sa kollu polo, incelikli jakarl\u0131 \u00f6rg\u00fc tekni\u011fiyle olu\u015fturulmu\u015f sofistike bir geometrik elmas deseniyle zengin ve boyutlu bir g\u00f6r\u00fcn\u00fcm sunarak \u00fcst d\u00fczey g\u00fcnl\u00fck giyim esteti\u011finden ilham al\u0131yor.<\/p>\n<p class=\"ds-markdown-paragraph translation-block\">Hafif ve nefes alabilen \u00f6rg\u00fc kuma\u015ftan \u00fcretilen bu \u00fcst, s\u0131cak ortamlarda konfor sa\u011flamak \u00fczere tasarlanm\u0131\u015ft\u0131r ve <strong>m\u00fczik festivalleri, tropikal plaj tatilleri veya \u015f\u0131k tatil gezileri<\/strong> i\u00e7in m\u00fckemmel bir se\u00e7imdir. Zarif polo yakas\u0131 ve sade kesimi, temel bir ti\u015f\u00f6rte g\u00f6re daha \u015f\u0131k ve rahat bir alternatif sunar.<\/p>\n<p class=\"ds-markdown-paragraph\">\u015e\u0131kl\u0131\u011f\u0131 zahmetsiz bir tarzla harmanlayan bu e\u015fsiz par\u00e7ayla yazl\u0131k gard\u0131robunuzu bir \u00fcst seviyeye ta\u015f\u0131y\u0131n. Bir sonraki maceran\u0131zda rahat kal\u0131rken tarz\u0131n\u0131z\u0131 ortaya koymak i\u00e7in ideal bir g\u00f6mlek.<\/p>\n<\/div>\n<\/div>\n<div class=\"ds-theme\"><\/div>\n<div class=\"ds-flex _0a3d93b\">\n<div class=\"ds-flex _965abe9 _54866f7\">\n<div class=\"db183363 ds-icon-button ds-icon-button--m ds-icon-button--sizing-container\" tabindex=\"0\" role=\"button\" aria-disabled=\"false\">\n<div class=\"ds-icon-button__hover-bg\"><\/div>\n<div class=\"ds-icon\"><\/div>\n<div class=\"ds-focus-ring\"><\/div>\n<\/div>\n<div class=\"db183363 ds-icon-button ds-icon-button--m ds-icon-button--sizing-container\" tabindex=\"0\" role=\"button\" aria-disabled=\"false\">\n<div class=\"ds-icon-button__hover-bg\"><\/div>\n<div class=\"ds-icon\"><\/div>\n<div class=\"ds-focus-ring\"><\/div>\n<\/div>\n<div class=\"db183363 ds-icon-button ds-icon-button--m ds-icon-button--sizing-container\" tabindex=\"0\" role=\"button\" aria-disabled=\"false\">\n<div class=\"ds-icon-button__hover-bg\"><\/div>\n<div class=\"ds-icon\"><\/div>\n<div class=\"ds-focus-ring\"><\/div>\n<\/div>\n<div class=\"db183363 ds-icon-button ds-icon-button--m ds-icon-button--sizing-container\" tabindex=\"0\" role=\"button\" aria-disabled=\"false\">\n<div class=\"ds-icon-button__hover-bg\"><\/div>\n<div class=\"ds-icon\"><\/div>\n<div class=\"ds-focus-ring\"><\/div>\n<\/div>\n<div class=\"db183363 ds-icon-button ds-icon-button--m ds-icon-button--sizing-container\" tabindex=\"0\" role=\"button\" aria-disabled=\"false\">\n<div class=\"ds-icon-button__hover-bg\"><\/div>\n<div class=\"ds-icon\"><\/div>\n<\/div>\n<\/div>\n<\/div>","protected":false},"excerpt":{"rendered":"<p>Unlock a new level of resort-ready style with the Manfinity CasualCool Men&#8217;s Geometric Jacquard Polo. This standout short-sleeve polo features a sophisticated\u00a0all-over geometric diamond texture\u00a0created through intricate\u00a0jacquard knitting, giving it a rich, dimensional look inspired by high-end casual aesthetics. Crafted from a lightweight, breathable knit, it\u2019s designed for comfort in warm settings, making it the [&hellip;]<\/p>","protected":false},"featured_media":32362,"comment_status":"open","ping_status":"closed","template":"","meta":{"_monsterinsights_skip_tracking":false,"_monsterinsights_sitenote_active":false,"_monsterinsights_sitenote_note":"","_monsterinsights_sitenote_category":0},"product_brand":[],"product_cat":[15,75,143],"product_tag":[],"class_list":{"0":"post-32304","1":"product","2":"type-product","3":"status-publish","4":"has-post-thumbnail","6":"product_cat-uncategorized","7":"product_cat-mens-clothing","8":"product_cat-mens-top","10":"first","11":"instock","12":"shipping-taxable","13":"purchasable","14":"product-type-simple"},"aioseo_notices":[],"_links":{"self":[{"href":"https:\/\/xn--kbrsglobalstore-7kcc.com\/tr\/wp-json\/wp\/v2\/product\/32304","targetHints":{"allow":["GET"]}}],"collection":[{"href":"https:\/\/xn--kbrsglobalstore-7kcc.com\/tr\/wp-json\/wp\/v2\/product"}],"about":[{"href":"https:\/\/xn--kbrsglobalstore-7kcc.com\/tr\/wp-json\/wp\/v2\/types\/product"}],"replies":[{"embeddable":true,"href":"https:\/\/xn--kbrsglobalstore-7kcc.com\/tr\/wp-json\/wp\/v2\/comments?post=32304"}],"wp:featuredmedia":[{"embeddable":true,"href":"https:\/\/xn--kbrsglobalstore-7kcc.com\/tr\/wp-json\/wp\/v2\/media\/32362"}],"wp:attachment":[{"href":"https:\/\/xn--kbrsglobalstore-7kcc.com\/tr\/wp-json\/wp\/v2\/media?parent=32304"}],"wp:term":[{"taxonomy":"product_brand","embeddable":true,"href":"https:\/\/xn--kbrsglobalstore-7kcc.com\/tr\/wp-json\/wp\/v2\/product_brand?post=32304"},{"taxonomy":"product_cat","embeddable":true,"href":"https:\/\/xn--kbrsglobalstore-7kcc.com\/tr\/wp-json\/wp\/v2\/product_cat?post=32304"},{"taxonomy":"product_tag","embeddable":true,"href":"https:\/\/xn--kbrsglobalstore-7kcc.com\/tr\/wp-json\/wp\/v2\/product_tag?post=32304"}],"curies":[{"name":"wp","href":"https:\/\/api.w.org\/{rel}","templated":true}]}}