{"id":32303,"date":"2025-12-09T23:06:17","date_gmt":"2025-12-09T23:06:17","guid":{"rendered":"https:\/\/xn--kbrsglobalstore-7kcc.com\/?post_type=product&#038;p=32303"},"modified":"2025-12-17T20:11:39","modified_gmt":"2025-12-17T20:11:39","slug":"manfinity-mode-mens-solid-color-long-sleeve-polo-shirt-casual-and-fashionable-for-daily-wear-for-fall","status":"publish","type":"product","link":"https:\/\/xn--kbrsglobalstore-7kcc.com\/tr\/urun\/manfinity-mode-mens-solid-color-long-sleeve-polo-shirt-casual-and-fashionable-for-daily-wear-for-fall\/","title":{"rendered":"Manfinity Mode Erkek D\u00fcz Renk Uzun Kollu Polo Ti\u015f\u00f6rt, G\u00fcnl\u00fck Kullan\u0131m \u0130\u00e7in Rahat ve \u015e\u0131k, Sonbahar \u0130\u00e7in \u0130deal"},"content":{"rendered":"<p class=\"ds-markdown-paragraph translation-block\">Manfinity Mode Erkek D\u00fcz Renk Uzun Kollu Polo Ti\u015f\u00f6rt ile ak\u0131ll\u0131 ve \u015f\u0131k bir tarz yakalay\u0131n. Bu \u00e7ok y\u00f6nl\u00fc \u00fcst giyim, klasik polo ti\u015f\u00f6rt\u00fc zengin bir d\u00fcz renkteki sade, uzun kollu tasar\u0131m\u0131yla yeniden yorumlayarak standart k\u0131sa kollu polo ti\u015f\u00f6rtlere veya g\u00fcnl\u00fck ti\u015f\u00f6rtlere sofistike bir alternatif sunuyor.<\/p>\n<p class=\"ds-markdown-paragraph translation-block\">Yumu\u015fak, rahat ve zarif dokulu kuma\u015ftan \u00fcretilen bu ceket, sonbahar katmanlamas\u0131 i\u00e7in idealdir; \u015f\u0131k ama rahat bir g\u00f6r\u00fcn\u00fcm i\u00e7in ceket alt\u0131na veya tek ba\u015f\u0131na giyilebilir. Zamans\u0131z yaka ve d\u00fc\u011fme detay\u0131, g\u00fcndelik ve i\u015f-g\u00fcndelik ortamlar aras\u0131nda k\u00f6pr\u00fc kuran, zarif bir sil\u00fcet sa\u011flar.<\/p>\n<p class=\"ds-markdown-paragraph\">Modern erke\u011fin gard\u0131robunun olmazsa olmaz\u0131 olan bu g\u00f6mlek, chino pantolonlar, kot pantolonlar veya g\u00fcnl\u00fck pantolonlarla zahmetsizce uyum sa\u011flar. Bu sezon i\u00e7in sade \u015f\u0131kl\u0131k ve g\u00fcnl\u00fck rahatl\u0131\u011f\u0131n m\u00fckemmel bir birle\u015fimidir.<\/p>","protected":false},"excerpt":{"rendered":"<p>Master smart-casual elegance with the Manfinity Mode Men&#8217;s Solid Color Long Sleeve Polo Shirt. This versatile top reimagines the classic polo with a\u00a0clean, long-sleeve design\u00a0in a rich solid color, offering a sophisticated alternative to standard short-sleeve polos or casual tees. Crafted from a soft, comfortable fabric with a subtle texture, it\u2019s ideal for\u00a0fall layering\u2014wear it [&hellip;]<\/p>","protected":false},"featured_media":32356,"comment_status":"open","ping_status":"closed","template":"","meta":{"_monsterinsights_skip_tracking":false,"_monsterinsights_sitenote_active":false,"_monsterinsights_sitenote_note":"","_monsterinsights_sitenote_category":0},"product_brand":[],"product_cat":[15,75,143],"product_tag":[],"class_list":{"0":"post-32303","1":"product","2":"type-product","3":"status-publish","4":"has-post-thumbnail","6":"product_cat-uncategorized","7":"product_cat-mens-clothing","8":"product_cat-mens-top","10":"first","11":"instock","12":"shipping-taxable","13":"purchasable","14":"product-type-simple"},"aioseo_notices":[],"_links":{"self":[{"href":"https:\/\/xn--kbrsglobalstore-7kcc.com\/tr\/wp-json\/wp\/v2\/product\/32303","targetHints":{"allow":["GET"]}}],"collection":[{"href":"https:\/\/xn--kbrsglobalstore-7kcc.com\/tr\/wp-json\/wp\/v2\/product"}],"about":[{"href":"https:\/\/xn--kbrsglobalstore-7kcc.com\/tr\/wp-json\/wp\/v2\/types\/product"}],"replies":[{"embeddable":true,"href":"https:\/\/xn--kbrsglobalstore-7kcc.com\/tr\/wp-json\/wp\/v2\/comments?post=32303"}],"wp:featuredmedia":[{"embeddable":true,"href":"https:\/\/xn--kbrsglobalstore-7kcc.com\/tr\/wp-json\/wp\/v2\/media\/32356"}],"wp:attachment":[{"href":"https:\/\/xn--kbrsglobalstore-7kcc.com\/tr\/wp-json\/wp\/v2\/media?parent=32303"}],"wp:term":[{"taxonomy":"product_brand","embeddable":true,"href":"https:\/\/xn--kbrsglobalstore-7kcc.com\/tr\/wp-json\/wp\/v2\/product_brand?post=32303"},{"taxonomy":"product_cat","embeddable":true,"href":"https:\/\/xn--kbrsglobalstore-7kcc.com\/tr\/wp-json\/wp\/v2\/product_cat?post=32303"},{"taxonomy":"product_tag","embeddable":true,"href":"https:\/\/xn--kbrsglobalstore-7kcc.com\/tr\/wp-json\/wp\/v2\/product_tag?post=32303"}],"curies":[{"name":"wp","href":"https:\/\/api.w.org\/{rel}","templated":true}]}}