{"id":32301,"date":"2025-12-09T23:02:23","date_gmt":"2025-12-09T23:02:23","guid":{"rendered":"https:\/\/xn--kbrsglobalstore-7kcc.com\/?post_type=product&#038;p=32301"},"modified":"2025-12-17T20:11:39","modified_gmt":"2025-12-17T20:11:39","slug":"manfinity-homme-mens-summer-solid-color-short-sleeve-casual-commute-polo-shirt-for-golf","status":"publish","type":"product","link":"https:\/\/xn--kbrsglobalstore-7kcc.com\/tr\/urun\/manfinity-homme-mens-summer-solid-color-short-sleeve-casual-commute-polo-shirt-for-golf\/","title":{"rendered":"Manfinity Homme Erkek Yazl\u0131k D\u00fcz Renk K\u0131sa Kollu G\u00fcnl\u00fck ve \u0130\u015fe Gidip Gelme Polo Ti\u015f\u00f6rt\u00fc, Golf \u0130\u00e7in"},"content":{"rendered":"<div class=\"ds-message _63c77b1\">\n<div class=\"ds-markdown\">\n<p class=\"ds-markdown-paragraph translation-block\">Manfinity Homme Erkek Yazl\u0131k D\u00fcz Renk Polo Ti\u015f\u00f6rt\u00fc ile sahada ve saha d\u0131\u015f\u0131nda serin ve \u015f\u0131k kal\u0131n. S\u0131cak havalarda \u00e7ok y\u00f6nl\u00fc kullan\u0131m i\u00e7in tasarlanan bu klasik polo ti\u015f\u00f6rt, nefes alabilen, nemi emen bir kuma\u015ftan \u00fcretilmi\u015ftir ve temiz, d\u00fcz bir renge sahiptir; bu da onu yaz aylar\u0131nda i\u015fe gidip gelme, g\u00fcndelik geziler ve golf i\u00e7in vazge\u00e7ilmez bir par\u00e7a haline getirir.<\/p>\n<p class=\"ds-markdown-paragraph translation-block\">\u00d6zel dikim ancak rahat kesimi ve yumu\u015fak k\u0131sa kollar\u0131 konfor ve hareket \u00f6zg\u00fcrl\u00fc\u011f\u00fc sa\u011flarken, geleneksel polo yaka ve d\u00fc\u011fmeli pat\u0131 \u015f\u0131k ve derli toplu bir g\u00f6r\u00fcn\u00fcm sunar. Minimalist tasar\u0131m\u0131 sayesinde \u015fort, chino veya golf pantolonlar\u0131yla zahmetsizce kombinlenebilir.<\/p>\n<p class=\"ds-markdown-paragraph\">Performans ve g\u00fcnl\u00fck stilin m\u00fckemmel birle\u015fimi olan bu g\u00f6mlek, ister ofise, ister golf sahas\u0131na, ister hafta sonu brunch'\u0131na gidiyor olun, \u015f\u0131k ve rahat bir g\u00f6r\u00fcn\u00fcm i\u00e7in ideal se\u00e7imdir.<\/p>\n<\/div>\n<\/div>\n<div class=\"ds-theme\"><\/div>\n<div class=\"ds-flex _0a3d93b\">\n<div class=\"ds-flex _965abe9 _54866f7\">\n<div class=\"db183363 ds-icon-button ds-icon-button--m ds-icon-button--sizing-container\" tabindex=\"0\" role=\"button\" aria-disabled=\"false\">\n<div class=\"ds-icon-button__hover-bg\"><\/div>\n<div class=\"ds-icon\"><\/div>\n<div class=\"ds-focus-ring\"><\/div>\n<\/div>\n<div class=\"db183363 ds-icon-button ds-icon-button--m ds-icon-button--sizing-container\" tabindex=\"0\" role=\"button\" aria-disabled=\"false\">\n<div class=\"ds-icon-button__hover-bg\"><\/div>\n<div class=\"ds-icon\"><\/div>\n<div class=\"ds-focus-ring\"><\/div>\n<\/div>\n<div class=\"db183363 ds-icon-button ds-icon-button--m ds-icon-button--sizing-container\" tabindex=\"0\" role=\"button\" aria-disabled=\"false\">\n<div class=\"ds-icon-button__hover-bg\"><\/div>\n<div class=\"ds-icon\"><\/div>\n<div class=\"ds-focus-ring\"><\/div>\n<\/div>\n<div class=\"db183363 ds-icon-button ds-icon-button--m ds-icon-button--sizing-container\" tabindex=\"0\" role=\"button\" aria-disabled=\"false\">\n<div class=\"ds-icon-button__hover-bg\"><\/div>\n<div class=\"ds-icon\"><\/div>\n<div class=\"ds-focus-ring\"><\/div>\n<\/div>\n<div class=\"db183363 ds-icon-button ds-icon-button--m ds-icon-button--sizing-container\" tabindex=\"0\" role=\"button\" aria-disabled=\"false\">\n<div class=\"ds-icon-button__hover-bg\"><\/div>\n<div class=\"ds-icon\"><\/div>\n<\/div>\n<\/div>\n<\/div>","protected":false},"excerpt":{"rendered":"<p>Stay cool and stylish on and off the course with the Manfinity Homme Men&#8217;s Summer Solid Color Polo Shirt. Designed for warm-weather versatility, this classic polo is crafted from a\u00a0breathable, moisture-wicking fabric\u00a0in a clean, solid color, making it an essential piece for\u00a0summer commuting, casual outings, and golf. The tailored yet relaxed fit and\u00a0soft short sleeves\u00a0provide [&hellip;]<\/p>","protected":false},"featured_media":32343,"comment_status":"open","ping_status":"closed","template":"","meta":{"_monsterinsights_skip_tracking":false,"_monsterinsights_sitenote_active":false,"_monsterinsights_sitenote_note":"","_monsterinsights_sitenote_category":0},"product_brand":[],"product_cat":[15,75,143],"product_tag":[],"class_list":{"0":"post-32301","1":"product","2":"type-product","3":"status-publish","4":"has-post-thumbnail","6":"product_cat-uncategorized","7":"product_cat-mens-clothing","8":"product_cat-mens-top","10":"first","11":"instock","12":"shipping-taxable","13":"purchasable","14":"product-type-simple"},"aioseo_notices":[],"_links":{"self":[{"href":"https:\/\/xn--kbrsglobalstore-7kcc.com\/tr\/wp-json\/wp\/v2\/product\/32301","targetHints":{"allow":["GET"]}}],"collection":[{"href":"https:\/\/xn--kbrsglobalstore-7kcc.com\/tr\/wp-json\/wp\/v2\/product"}],"about":[{"href":"https:\/\/xn--kbrsglobalstore-7kcc.com\/tr\/wp-json\/wp\/v2\/types\/product"}],"replies":[{"embeddable":true,"href":"https:\/\/xn--kbrsglobalstore-7kcc.com\/tr\/wp-json\/wp\/v2\/comments?post=32301"}],"wp:featuredmedia":[{"embeddable":true,"href":"https:\/\/xn--kbrsglobalstore-7kcc.com\/tr\/wp-json\/wp\/v2\/media\/32343"}],"wp:attachment":[{"href":"https:\/\/xn--kbrsglobalstore-7kcc.com\/tr\/wp-json\/wp\/v2\/media?parent=32301"}],"wp:term":[{"taxonomy":"product_brand","embeddable":true,"href":"https:\/\/xn--kbrsglobalstore-7kcc.com\/tr\/wp-json\/wp\/v2\/product_brand?post=32301"},{"taxonomy":"product_cat","embeddable":true,"href":"https:\/\/xn--kbrsglobalstore-7kcc.com\/tr\/wp-json\/wp\/v2\/product_cat?post=32301"},{"taxonomy":"product_tag","embeddable":true,"href":"https:\/\/xn--kbrsglobalstore-7kcc.com\/tr\/wp-json\/wp\/v2\/product_tag?post=32301"}],"curies":[{"name":"wp","href":"https:\/\/api.w.org\/{rel}","templated":true}]}}