{"id":32300,"date":"2025-12-09T23:00:09","date_gmt":"2025-12-09T23:00:09","guid":{"rendered":"https:\/\/xn--kbrsglobalstore-7kcc.com\/?post_type=product&#038;p=32300"},"modified":"2025-12-17T20:11:39","modified_gmt":"2025-12-17T20:11:39","slug":"mens-round-neck-short-sleeve-figure-printed-minimalist-t-shirt-casual-everyday-wear","status":"publish","type":"product","link":"https:\/\/xn--kbrsglobalstore-7kcc.com\/tr\/urun\/mens-round-neck-short-sleeve-figure-printed-minimalist-t-shirt-casual-everyday-wear\/","title":{"rendered":"Erkekler i\u00e7in Yuvarlak Yakal\u0131 K\u0131sa Kollu Fig\u00fcr Bask\u0131l\u0131 Minimalist Ti\u015f\u00f6rt, G\u00fcnl\u00fck Rahat Giyim"},"content":{"rendered":"<div class=\"ds-message _63c77b1\">\n<div class=\"ds-markdown\">\n<p class=\"ds-markdown-paragraph translation-block\">G\u00fcnl\u00fck giyim tarz\u0131n\u0131z\u0131, erkekler i\u00e7in yuvarlak yakal\u0131, fig\u00fcr bask\u0131l\u0131 minimalist ti\u015f\u00f6rt ile bir \u00fcst seviyeye ta\u015f\u0131y\u0131n. Bu temel ti\u015f\u00f6rt, sade yuvarlak yakas\u0131 ve yumu\u015fak, k\u0131sa kollar\u0131yla, modern ve g\u00f6steri\u015fsiz bir dokunu\u015f katan zarif, sanatsal sil\u00fcet veya \u00e7izgi bask\u0131 fig\u00fcr deseni i\u00e7in m\u00fckemmel bir zemin olu\u015fturuyor.<\/p>\n<p class=\"ds-markdown-paragraph translation-block\">Rahat ve nefes alabilen pamuk kar\u0131\u015f\u0131m\u0131ndan \u00fcretilen bu \u00fcr\u00fcn, ister al\u0131\u015fveri\u015fe \u00e7\u0131k\u0131yor olun, ister arkada\u015flar\u0131n\u0131zla bulu\u015fuyor olun, ister evde dinleniyor olun, g\u00fcn boyu rahat giyim i\u00e7in tasarlanm\u0131\u015ft\u0131r. Minimalist tasar\u0131m\u0131 sayesinde \u00e7ok y\u00f6nl\u00fcd\u00fcr ve kot pantolon, \u015fort veya ceket alt\u0131na giyilebilir.<\/p>\n<p class=\"ds-markdown-paragraph\">Modern gard\u0131robun vazge\u00e7ilmezi olan bu ti\u015f\u00f6rt, g\u00fcnl\u00fck rahatl\u0131\u011f\u0131 \u00f6zenli, sanatsal detaylarla birle\u015ftirerek s\u0131radanl\u0131\u011f\u0131n \u00f6tesine ge\u00e7ip bilin\u00e7li ve zahmetsiz bir stil sunuyor.<\/p>\n<\/div>\n<\/div>\n<div class=\"ds-theme\"><\/div>\n<div class=\"ds-flex _0a3d93b\">\n<div class=\"ds-flex _965abe9 _54866f7\">\n<div class=\"db183363 ds-icon-button ds-icon-button--m ds-icon-button--sizing-container\" tabindex=\"0\" role=\"button\" aria-disabled=\"false\">\n<div class=\"ds-icon-button__hover-bg\"><\/div>\n<div class=\"ds-icon\"><\/div>\n<div class=\"ds-focus-ring\"><\/div>\n<\/div>\n<div class=\"db183363 ds-icon-button ds-icon-button--m ds-icon-button--sizing-container\" tabindex=\"0\" role=\"button\" aria-disabled=\"false\">\n<div class=\"ds-icon-button__hover-bg\"><\/div>\n<div class=\"ds-icon\"><\/div>\n<div class=\"ds-focus-ring\"><\/div>\n<\/div>\n<div class=\"db183363 ds-icon-button ds-icon-button--m ds-icon-button--sizing-container\" tabindex=\"0\" role=\"button\" aria-disabled=\"false\">\n<div class=\"ds-icon-button__hover-bg\"><\/div>\n<div class=\"ds-icon\"><\/div>\n<div class=\"ds-focus-ring\"><\/div>\n<\/div>\n<div class=\"db183363 ds-icon-button ds-icon-button--m ds-icon-button--sizing-container\" tabindex=\"0\" role=\"button\" aria-disabled=\"false\">\n<div class=\"ds-icon-button__hover-bg\"><\/div>\n<div class=\"ds-icon\"><\/div>\n<div class=\"ds-focus-ring\"><\/div>\n<\/div>\n<div class=\"db183363 ds-icon-button ds-icon-button--m ds-icon-button--sizing-container\" tabindex=\"0\" role=\"button\" aria-disabled=\"false\">\n<div class=\"ds-icon-button__hover-bg\"><\/div>\n<div class=\"ds-icon\"><\/div>\n<\/div>\n<\/div>\n<\/div>","protected":false},"excerpt":{"rendered":"<p>Elevate your everyday basics with the Men&#8217;s Round Neck Figure Printed Minimalist T-Shirt. This essential tee features a clean\u00a0round neckline\u00a0and\u00a0soft, short sleeves, serving as the perfect canvas for its subtle, artistic\u00a0silhouette or line-drawn figure print\u00a0that adds a touch of modern, understated interest. Crafted from a comfortable, breathable cotton blend, it\u2019s designed for\u00a0all-day casual wear, whether [&hellip;]<\/p>","protected":false},"featured_media":32336,"comment_status":"open","ping_status":"closed","template":"","meta":{"_monsterinsights_skip_tracking":false,"_monsterinsights_sitenote_active":false,"_monsterinsights_sitenote_note":"","_monsterinsights_sitenote_category":0},"product_brand":[],"product_cat":[15,75,143],"product_tag":[],"class_list":{"0":"post-32300","1":"product","2":"type-product","3":"status-publish","4":"has-post-thumbnail","6":"product_cat-uncategorized","7":"product_cat-mens-clothing","8":"product_cat-mens-top","10":"first","11":"instock","12":"shipping-taxable","13":"purchasable","14":"product-type-simple"},"aioseo_notices":[],"_links":{"self":[{"href":"https:\/\/xn--kbrsglobalstore-7kcc.com\/tr\/wp-json\/wp\/v2\/product\/32300","targetHints":{"allow":["GET"]}}],"collection":[{"href":"https:\/\/xn--kbrsglobalstore-7kcc.com\/tr\/wp-json\/wp\/v2\/product"}],"about":[{"href":"https:\/\/xn--kbrsglobalstore-7kcc.com\/tr\/wp-json\/wp\/v2\/types\/product"}],"replies":[{"embeddable":true,"href":"https:\/\/xn--kbrsglobalstore-7kcc.com\/tr\/wp-json\/wp\/v2\/comments?post=32300"}],"wp:featuredmedia":[{"embeddable":true,"href":"https:\/\/xn--kbrsglobalstore-7kcc.com\/tr\/wp-json\/wp\/v2\/media\/32336"}],"wp:attachment":[{"href":"https:\/\/xn--kbrsglobalstore-7kcc.com\/tr\/wp-json\/wp\/v2\/media?parent=32300"}],"wp:term":[{"taxonomy":"product_brand","embeddable":true,"href":"https:\/\/xn--kbrsglobalstore-7kcc.com\/tr\/wp-json\/wp\/v2\/product_brand?post=32300"},{"taxonomy":"product_cat","embeddable":true,"href":"https:\/\/xn--kbrsglobalstore-7kcc.com\/tr\/wp-json\/wp\/v2\/product_cat?post=32300"},{"taxonomy":"product_tag","embeddable":true,"href":"https:\/\/xn--kbrsglobalstore-7kcc.com\/tr\/wp-json\/wp\/v2\/product_tag?post=32300"}],"curies":[{"name":"wp","href":"https:\/\/api.w.org\/{rel}","templated":true}]}}