{"id":32299,"date":"2025-12-09T22:57:51","date_gmt":"2025-12-09T22:57:51","guid":{"rendered":"https:\/\/xn--kbrsglobalstore-7kcc.com\/?post_type=product&#038;p=32299"},"modified":"2025-12-17T20:11:40","modified_gmt":"2025-12-17T20:11:40","slug":"old-money-style-mens-ribbed-knit-shirt-short-sleeve-lapel-shirt-solid-color-textured-brown-shirt-for-summer-resort-vacation-casual-office-wear-gift-for-dad","status":"publish","type":"product","link":"https:\/\/xn--kbrsglobalstore-7kcc.com\/tr\/urun\/old-money-style-mens-ribbed-knit-shirt-short-sleeve-lapel-shirt-solid-color-textured-brown-shirt-for-summer-resort-vacation-casual-office-wear-gift-for-dad\/","title":{"rendered":"Eski Para Tarz\u0131 Erkekler \u0130\u00e7in Fitilli \u00d6rme G\u00f6mlek, K\u0131sa Kollu, Yakal\u0131, D\u00fcz Renk, Dokulu Kahverengi G\u00f6mlek, Yaz Tatili, Tatil ve Ofis Giyimi \u0130\u00e7in, Babalar G\u00fcn\u00fc Hediyesi"},"content":{"rendered":"<div class=\"ds-message _63c77b1\">\n<div class=\"ds-markdown\">\n<p class=\"ds-markdown-paragraph translation-block\">Zamans\u0131z, sade l\u00fcks\u00fc Old Money Style Erkek Fitilli \u00d6rme Yakal\u0131 G\u00f6mlek ile yans\u0131t\u0131n. Bu sofistike k\u0131sa kollu g\u00f6mlek, zengin, d\u00fcz kahverengi tonunda birinci s\u0131n\u0131f fitilli \u00f6rme kuma\u015ftan \u00fcretilmi\u015ftir ve sessiz bir g\u00fcven ve kalite yans\u0131tan ola\u011fan\u00fcst\u00fc bir doku ve derinlik sunar.<\/p>\n<p class=\"ds-markdown-paragraph translation-block\">Geleneksel polo yaka yerine benzersiz bir k\u0131sa yaka detay\u0131 sunan bu \u00fcr\u00fcn, g\u00f6mle\u011fin \u015f\u0131kl\u0131\u011f\u0131n\u0131 \u00f6rg\u00fc rahatl\u0131\u011f\u0131yla birle\u015ftirerek yazl\u0131k tatil k\u0131yafetleri, g\u00fcndelik ofis ortamlar\u0131 veya tatil gezileri i\u00e7in m\u00fckemmel, \u00e7ok y\u00f6nl\u00fc bir par\u00e7a yarat\u0131yor. Zarif sil\u00fceti, onu babalar g\u00fcn\u00fc veya zarif ve rahat tarz\u0131 takdir eden herhangi bir erkek i\u00e7in m\u00fckemmel, d\u00fc\u015f\u00fcnceli bir hediye haline getiriyor.<\/p>\n<p class=\"ds-markdown-paragraph\">\u015e\u0131k \u015fortlar, keten pantolonlar veya chino pantolonlarla zahmetsizce kombinlenebilen bu g\u00f6mlek, zamans\u0131z stil ve konfor \u00fczerine kurulu bir gard\u0131robun temel ta\u015f\u0131d\u0131r.<\/p>\n<\/div>\n<\/div>\n<div class=\"ds-theme\"><\/div>\n<div class=\"ds-flex _0a3d93b\">\n<div class=\"ds-flex _965abe9 _54866f7\">\n<div class=\"db183363 ds-icon-button ds-icon-button--m ds-icon-button--sizing-container\" tabindex=\"0\" role=\"button\" aria-disabled=\"false\">\n<div class=\"ds-icon-button__hover-bg\"><\/div>\n<div class=\"ds-icon\"><\/div>\n<div class=\"ds-focus-ring\"><\/div>\n<\/div>\n<div class=\"db183363 ds-icon-button ds-icon-button--m ds-icon-button--sizing-container\" tabindex=\"0\" role=\"button\" aria-disabled=\"false\">\n<div class=\"ds-icon-button__hover-bg\"><\/div>\n<div class=\"ds-icon\"><\/div>\n<div class=\"ds-focus-ring\"><\/div>\n<\/div>\n<div class=\"db183363 ds-icon-button ds-icon-button--m ds-icon-button--sizing-container\" tabindex=\"0\" role=\"button\" aria-disabled=\"false\">\n<div class=\"ds-icon-button__hover-bg\"><\/div>\n<div class=\"ds-icon\"><\/div>\n<div class=\"ds-focus-ring\"><\/div>\n<\/div>\n<div class=\"db183363 ds-icon-button ds-icon-button--m ds-icon-button--sizing-container\" tabindex=\"0\" role=\"button\" aria-disabled=\"false\">\n<div class=\"ds-icon-button__hover-bg\"><\/div>\n<div class=\"ds-icon\"><\/div>\n<div class=\"ds-focus-ring\"><\/div>\n<\/div>\n<div class=\"db183363 ds-icon-button ds-icon-button--m ds-icon-button--sizing-container\" tabindex=\"0\" role=\"button\" aria-disabled=\"false\">\n<div class=\"ds-icon-button__hover-bg\"><\/div>\n<div class=\"ds-icon\"><\/div>\n<\/div>\n<\/div>\n<\/div>","protected":false},"excerpt":{"rendered":"<p>Channel timeless, understated luxury with the Old Money Style Men&#8217;s Ribbed Knit Lapel Shirt. This sophisticated short-sleeve shirt is crafted from a premium\u00a0ribbed knit fabric\u00a0in a rich, solid\u00a0brown hue, offering exceptional texture and depth that exudes quiet confidence and quality. Featuring a unique\u00a0short lapel collar\u00a0instead of a traditional polo placket, it blends the polish of [&hellip;]<\/p>","protected":false},"featured_media":32328,"comment_status":"open","ping_status":"closed","template":"","meta":{"_monsterinsights_skip_tracking":false,"_monsterinsights_sitenote_active":false,"_monsterinsights_sitenote_note":"","_monsterinsights_sitenote_category":0},"product_brand":[],"product_cat":[15,75,143],"product_tag":[],"class_list":{"0":"post-32299","1":"product","2":"type-product","3":"status-publish","4":"has-post-thumbnail","6":"product_cat-uncategorized","7":"product_cat-mens-clothing","8":"product_cat-mens-top","10":"first","11":"instock","12":"shipping-taxable","13":"purchasable","14":"product-type-simple"},"aioseo_notices":[],"_links":{"self":[{"href":"https:\/\/xn--kbrsglobalstore-7kcc.com\/tr\/wp-json\/wp\/v2\/product\/32299","targetHints":{"allow":["GET"]}}],"collection":[{"href":"https:\/\/xn--kbrsglobalstore-7kcc.com\/tr\/wp-json\/wp\/v2\/product"}],"about":[{"href":"https:\/\/xn--kbrsglobalstore-7kcc.com\/tr\/wp-json\/wp\/v2\/types\/product"}],"replies":[{"embeddable":true,"href":"https:\/\/xn--kbrsglobalstore-7kcc.com\/tr\/wp-json\/wp\/v2\/comments?post=32299"}],"wp:featuredmedia":[{"embeddable":true,"href":"https:\/\/xn--kbrsglobalstore-7kcc.com\/tr\/wp-json\/wp\/v2\/media\/32328"}],"wp:attachment":[{"href":"https:\/\/xn--kbrsglobalstore-7kcc.com\/tr\/wp-json\/wp\/v2\/media?parent=32299"}],"wp:term":[{"taxonomy":"product_brand","embeddable":true,"href":"https:\/\/xn--kbrsglobalstore-7kcc.com\/tr\/wp-json\/wp\/v2\/product_brand?post=32299"},{"taxonomy":"product_cat","embeddable":true,"href":"https:\/\/xn--kbrsglobalstore-7kcc.com\/tr\/wp-json\/wp\/v2\/product_cat?post=32299"},{"taxonomy":"product_tag","embeddable":true,"href":"https:\/\/xn--kbrsglobalstore-7kcc.com\/tr\/wp-json\/wp\/v2\/product_tag?post=32299"}],"curies":[{"name":"wp","href":"https:\/\/api.w.org\/{rel}","templated":true}]}}