{"id":32298,"date":"2025-12-09T22:54:39","date_gmt":"2025-12-09T22:54:39","guid":{"rendered":"https:\/\/xn--kbrsglobalstore-7kcc.com\/?post_type=product&#038;p=32298"},"modified":"2025-12-17T20:11:40","modified_gmt":"2025-12-17T20:11:40","slug":"manfinity-joysei-mens-summer-letter-print-round-neck-short-sleeve-casual-versatile-t-shirt","status":"publish","type":"product","link":"https:\/\/xn--kbrsglobalstore-7kcc.com\/tr\/urun\/manfinity-joysei-mens-summer-letter-print-round-neck-short-sleeve-casual-versatile-t-shirt\/","title":{"rendered":"Manfinity Joysei Erkek Yazl\u0131k Harf Bask\u0131l\u0131 Yuvarlak Yaka K\u0131sa Kollu G\u00fcnl\u00fck \u00c7ok Y\u00f6nl\u00fc Ti\u015f\u00f6rt"},"content":{"rendered":"<div class=\"ds-message _63c77b1\">\n<div class=\"ds-markdown\">\n<p class=\"ds-markdown-paragraph translation-block\">Manfinity Joysei Erkek Harf Bask\u0131l\u0131 Ti\u015f\u00f6rt ile yaz gard\u0131robunuza rahat, \u00fcniversite tarz\u0131 bir hava kat\u0131n. Bu \u00e7ok y\u00f6nl\u00fc temel par\u00e7a, yumu\u015fak, nefes alabilen bir kuma\u015f \u00fczerinde cesur, her yeri kaplayan harf bask\u0131s\u0131na sahiptir ve s\u0131cak havalarda stil olu\u015fturmak i\u00e7in m\u00fckemmel olan rahat, sokak stiline uygun bir g\u00f6r\u00fcn\u00fcm sunar.<\/p>\n<p class=\"ds-markdown-paragraph translation-block\">Rahat yuvarlak yakas\u0131 ve k\u0131sa kollar\u0131yla tasarlanan bu par\u00e7a, g\u00fcndelik geziler, plaj g\u00fcnleri veya a\u00e7\u0131k g\u00f6mleklerin alt\u0131na giymek i\u00e7in idealdir. G\u00f6z al\u0131c\u0131 bask\u0131s\u0131, abart\u0131l\u0131 olmadan ki\u015filik kat\u0131yor ve \u015fort, kot pantolon veya e\u015fofman alt\u0131yla kolayca kombinlenebiliyor.<\/p>\n<p class=\"ds-markdown-paragraph\">Zahmetsiz ve \u015f\u0131k yaz kombinleri olu\u015fturmak i\u00e7in olmazsa olmaz olan bu ti\u015f\u00f6rt, modern ve stil sahibi erkekler i\u00e7in g\u00fcnl\u00fck rahatl\u0131\u011f\u0131 iddial\u0131 bir tasar\u0131mla birle\u015ftiriyor.<\/p>\n<\/div>\n<\/div>\n<div class=\"ds-theme\"><\/div>\n<div class=\"ds-flex _0a3d93b\">\n<div class=\"ds-flex _965abe9 _54866f7\">\n<div class=\"db183363 ds-icon-button ds-icon-button--m ds-icon-button--sizing-container\" tabindex=\"0\" role=\"button\" aria-disabled=\"false\">\n<div class=\"ds-icon-button__hover-bg\"><\/div>\n<div class=\"ds-icon\"><\/div>\n<div class=\"ds-focus-ring\"><\/div>\n<\/div>\n<div class=\"db183363 ds-icon-button ds-icon-button--m ds-icon-button--sizing-container\" tabindex=\"0\" role=\"button\" aria-disabled=\"false\">\n<div class=\"ds-icon-button__hover-bg\"><\/div>\n<div class=\"ds-icon\"><\/div>\n<div class=\"ds-focus-ring\"><\/div>\n<\/div>\n<div class=\"db183363 ds-icon-button ds-icon-button--m ds-icon-button--sizing-container\" tabindex=\"0\" role=\"button\" aria-disabled=\"false\">\n<div class=\"ds-icon-button__hover-bg\"><\/div>\n<div class=\"ds-icon\"><\/div>\n<div class=\"ds-focus-ring\"><\/div>\n<\/div>\n<div class=\"db183363 ds-icon-button ds-icon-button--m ds-icon-button--sizing-container\" tabindex=\"0\" role=\"button\" aria-disabled=\"false\">\n<div class=\"ds-icon-button__hover-bg\"><\/div>\n<div class=\"ds-icon\"><\/div>\n<div class=\"ds-focus-ring\"><\/div>\n<\/div>\n<div class=\"db183363 ds-icon-button ds-icon-button--m ds-icon-button--sizing-container\" tabindex=\"0\" role=\"button\" aria-disabled=\"false\">\n<div class=\"ds-icon-button__hover-bg\"><\/div>\n<div class=\"ds-icon\"><\/div>\n<\/div>\n<\/div>\n<\/div>","protected":false},"excerpt":{"rendered":"<p>Infuse your summer wardrobe with casual, collegiate flair using the Manfinity Joysei Men&#8217;s Letter Print T-Shirt. This versatile staple features a\u00a0bold, all-over letter print\u00a0on a soft, breathable fabric, offering a relaxed,\u00a0street-ready look\u00a0that&#8217;s perfect for warm-weather styling. Designed with a comfortable\u00a0round neck and short sleeves, it\u2019s an ideal piece for\u00a0casual outings, beach days, or layering under [&hellip;]<\/p>","protected":false},"featured_media":32323,"comment_status":"open","ping_status":"closed","template":"","meta":{"_monsterinsights_skip_tracking":false,"_monsterinsights_sitenote_active":false,"_monsterinsights_sitenote_note":"","_monsterinsights_sitenote_category":0},"product_brand":[],"product_cat":[15,75,143],"product_tag":[],"class_list":{"0":"post-32298","1":"product","2":"type-product","3":"status-publish","4":"has-post-thumbnail","6":"product_cat-uncategorized","7":"product_cat-mens-clothing","8":"product_cat-mens-top","10":"first","11":"instock","12":"shipping-taxable","13":"purchasable","14":"product-type-simple"},"aioseo_notices":[],"_links":{"self":[{"href":"https:\/\/xn--kbrsglobalstore-7kcc.com\/tr\/wp-json\/wp\/v2\/product\/32298","targetHints":{"allow":["GET"]}}],"collection":[{"href":"https:\/\/xn--kbrsglobalstore-7kcc.com\/tr\/wp-json\/wp\/v2\/product"}],"about":[{"href":"https:\/\/xn--kbrsglobalstore-7kcc.com\/tr\/wp-json\/wp\/v2\/types\/product"}],"replies":[{"embeddable":true,"href":"https:\/\/xn--kbrsglobalstore-7kcc.com\/tr\/wp-json\/wp\/v2\/comments?post=32298"}],"wp:featuredmedia":[{"embeddable":true,"href":"https:\/\/xn--kbrsglobalstore-7kcc.com\/tr\/wp-json\/wp\/v2\/media\/32323"}],"wp:attachment":[{"href":"https:\/\/xn--kbrsglobalstore-7kcc.com\/tr\/wp-json\/wp\/v2\/media?parent=32298"}],"wp:term":[{"taxonomy":"product_brand","embeddable":true,"href":"https:\/\/xn--kbrsglobalstore-7kcc.com\/tr\/wp-json\/wp\/v2\/product_brand?post=32298"},{"taxonomy":"product_cat","embeddable":true,"href":"https:\/\/xn--kbrsglobalstore-7kcc.com\/tr\/wp-json\/wp\/v2\/product_cat?post=32298"},{"taxonomy":"product_tag","embeddable":true,"href":"https:\/\/xn--kbrsglobalstore-7kcc.com\/tr\/wp-json\/wp\/v2\/product_tag?post=32298"}],"curies":[{"name":"wp","href":"https:\/\/api.w.org\/{rel}","templated":true}]}}