{"id":32297,"date":"2025-12-09T22:51:47","date_gmt":"2025-12-09T22:51:47","guid":{"rendered":"https:\/\/xn--kbrsglobalstore-7kcc.com\/?post_type=product&#038;p=32297"},"modified":"2025-12-17T20:11:40","modified_gmt":"2025-12-17T20:11:40","slug":"mens-casual-breathable-solid-color-business-polo-shirt-boyfriend-style-summer","status":"publish","type":"product","link":"https:\/\/xn--kbrsglobalstore-7kcc.com\/tr\/urun\/mens-casual-breathable-solid-color-business-polo-shirt-boyfriend-style-summer\/","title":{"rendered":"Erkekler i\u00e7in G\u00fcnl\u00fck Kullan\u0131ma Uygun, Nefes Alabilen, D\u00fcz Renk, \u0130\u015f Ama\u00e7l\u0131 Polo G\u00f6mlek, Boyfriend Tarz\u0131, Yazl\u0131k"},"content":{"rendered":"<div class=\"ds-message _63c77b1\">\n<div class=\"ds-markdown\">\n<p class=\"ds-markdown-paragraph translation-block\">Erkekler i\u00e7in tasarlanm\u0131\u015f, nefes alabilen, rahat ve \u015f\u0131k i\u015f polo ti\u015f\u00f6rt\u00fc ile profesyonel g\u00f6r\u00fcn\u00fcm ile konforu bir araya getirin. \u00c7ok y\u00f6nl\u00fc d\u00fcz renk se\u00e7ene\u011fi ve sade, minimalist esteti\u011fiyle tasarlanan bu ti\u015f\u00f6rt, modern bir g\u00f6r\u00fcn\u00fcm ve zahmetsiz hareket \u00f6zg\u00fcrl\u00fc\u011f\u00fc i\u00e7in hafif\u00e7e bol kesimli, \u00e7a\u011fda\u015f bir boyfriend tarz\u0131 kesime sahiptir.<\/p>\n<p class=\"ds-markdown-paragraph translation-block\">Hafif ve nefes alabilen bir kuma\u015ftan \u00fcretilen bu \u00fcr\u00fcn, yaz aylar\u0131nda i\u015fe gidip gelirken, g\u00fcndelik ofis g\u00fcnlerinde veya hafta sonu gezilerinde serin ve rahat kalmak i\u00e7in idealdir. Klasik polo yaka ve d\u00fc\u011fmeli pat, blazer ceket alt\u0131nda veya tek ba\u015f\u0131na kusursuz bir \u015fekilde kullan\u0131labilen \u015f\u0131k ve derli toplu bir g\u00f6r\u00fcn\u00fcm sa\u011flar.<\/p>\n<p class=\"ds-markdown-paragraph\">\u0130\u015f hayat\u0131na uygun \u015f\u0131kl\u0131\u011f\u0131 ve rahatl\u0131\u011f\u0131 m\u00fckemmel bir \u015fekilde birle\u015ftiren bu polo ti\u015f\u00f6rt, hem zarafeti hem de g\u00fcnl\u00fck rahatl\u0131\u011f\u0131 \u00f6nemseyen erkekler i\u00e7in gard\u0131robun olmazsa olmaz bir par\u00e7as\u0131d\u0131r.<\/p>\n<\/div>\n<\/div>\n<div class=\"ds-theme\"><\/div>\n<div class=\"ds-flex _0a3d93b\">\n<div class=\"ds-flex _965abe9 _54866f7\">\n<div class=\"db183363 ds-icon-button ds-icon-button--m ds-icon-button--sizing-container\" tabindex=\"0\" role=\"button\" aria-disabled=\"false\">\n<div class=\"ds-icon-button__hover-bg\"><\/div>\n<div class=\"ds-icon\"><\/div>\n<div class=\"ds-focus-ring\"><\/div>\n<\/div>\n<div class=\"db183363 ds-icon-button ds-icon-button--m ds-icon-button--sizing-container\" tabindex=\"0\" role=\"button\" aria-disabled=\"false\">\n<div class=\"ds-icon-button__hover-bg\"><\/div>\n<div class=\"ds-icon\"><\/div>\n<div class=\"ds-focus-ring\"><\/div>\n<\/div>\n<div class=\"db183363 ds-icon-button ds-icon-button--m ds-icon-button--sizing-container\" tabindex=\"0\" role=\"button\" aria-disabled=\"false\">\n<div class=\"ds-icon-button__hover-bg\"><\/div>\n<div class=\"ds-icon\"><\/div>\n<div class=\"ds-focus-ring\"><\/div>\n<\/div>\n<div class=\"db183363 ds-icon-button ds-icon-button--m ds-icon-button--sizing-container\" tabindex=\"0\" role=\"button\" aria-disabled=\"false\">\n<div class=\"ds-icon-button__hover-bg\"><\/div>\n<div class=\"ds-icon\"><\/div>\n<div class=\"ds-focus-ring\"><\/div>\n<\/div>\n<div class=\"db183363 ds-icon-button ds-icon-button--m ds-icon-button--sizing-container\" tabindex=\"0\" role=\"button\" aria-disabled=\"false\">\n<div class=\"ds-icon-button__hover-bg\"><\/div>\n<div class=\"ds-icon\"><\/div>\n<\/div>\n<\/div>\n<\/div>","protected":false},"excerpt":{"rendered":"<p>Bridge the gap between professional polish and relaxed comfort with the Men&#8217;s Casual Breathable Business Polo Shirt. Designed in a versatile\u00a0solid color\u00a0with a clean, minimalist aesthetic, this shirt is cut in a contemporary\u00a0boyfriend-style fit\u2014slightly relaxed for effortless movement and modern appeal. Crafted from a\u00a0lightweight, breathable fabric, it\u2019s ideal for staying cool and comfortable during\u00a0summer\u00a0commutes, casual [&hellip;]<\/p>","protected":false},"featured_media":32318,"comment_status":"open","ping_status":"closed","template":"","meta":{"_monsterinsights_skip_tracking":false,"_monsterinsights_sitenote_active":false,"_monsterinsights_sitenote_note":"","_monsterinsights_sitenote_category":0},"product_brand":[],"product_cat":[15,75,143],"product_tag":[],"class_list":{"0":"post-32297","1":"product","2":"type-product","3":"status-publish","4":"has-post-thumbnail","6":"product_cat-uncategorized","7":"product_cat-mens-clothing","8":"product_cat-mens-top","10":"first","11":"instock","12":"shipping-taxable","13":"purchasable","14":"product-type-simple"},"aioseo_notices":[],"_links":{"self":[{"href":"https:\/\/xn--kbrsglobalstore-7kcc.com\/tr\/wp-json\/wp\/v2\/product\/32297","targetHints":{"allow":["GET"]}}],"collection":[{"href":"https:\/\/xn--kbrsglobalstore-7kcc.com\/tr\/wp-json\/wp\/v2\/product"}],"about":[{"href":"https:\/\/xn--kbrsglobalstore-7kcc.com\/tr\/wp-json\/wp\/v2\/types\/product"}],"replies":[{"embeddable":true,"href":"https:\/\/xn--kbrsglobalstore-7kcc.com\/tr\/wp-json\/wp\/v2\/comments?post=32297"}],"wp:featuredmedia":[{"embeddable":true,"href":"https:\/\/xn--kbrsglobalstore-7kcc.com\/tr\/wp-json\/wp\/v2\/media\/32318"}],"wp:attachment":[{"href":"https:\/\/xn--kbrsglobalstore-7kcc.com\/tr\/wp-json\/wp\/v2\/media?parent=32297"}],"wp:term":[{"taxonomy":"product_brand","embeddable":true,"href":"https:\/\/xn--kbrsglobalstore-7kcc.com\/tr\/wp-json\/wp\/v2\/product_brand?post=32297"},{"taxonomy":"product_cat","embeddable":true,"href":"https:\/\/xn--kbrsglobalstore-7kcc.com\/tr\/wp-json\/wp\/v2\/product_cat?post=32297"},{"taxonomy":"product_tag","embeddable":true,"href":"https:\/\/xn--kbrsglobalstore-7kcc.com\/tr\/wp-json\/wp\/v2\/product_tag?post=32297"}],"curies":[{"name":"wp","href":"https:\/\/api.w.org\/{rel}","templated":true}]}}