{"id":32296,"date":"2025-12-09T22:49:59","date_gmt":"2025-12-09T22:49:59","guid":{"rendered":"https:\/\/xn--kbrsglobalstore-7kcc.com\/?post_type=product&#038;p=32296"},"modified":"2025-12-17T20:11:40","modified_gmt":"2025-12-17T20:11:40","slug":"mens-fashion-classic-personalized-solid-color-geometric-texture-half-button-collar-design-casual-streetwear-commute-summer-new-short-sleeve-top","status":"publish","type":"product","link":"https:\/\/xn--kbrsglobalstore-7kcc.com\/tr\/urun\/mens-fashion-classic-personalized-solid-color-geometric-texture-half-button-collar-design-casual-streetwear-commute-summer-new-short-sleeve-top\/","title":{"rendered":"Erkek Modas\u0131 Klasik Ki\u015fiselle\u015ftirilmi\u015f D\u00fcz Renk Geometrik Desenli Yar\u0131m D\u00fc\u011fmeli Yaka Tasar\u0131m\u0131 G\u00fcnl\u00fck Sokak Giyim Yazl\u0131k Yeni K\u0131sa Kollu Bluz"},"content":{"rendered":"<div class=\"ds-message _63c77b1\">\n<div class=\"ds-markdown\">\n<p class=\"ds-markdown-paragraph translation-block\">Erkekler i\u00e7in tasarlanm\u0131\u015f geometrik desenli, yar\u0131m d\u00fc\u011fmeli yakal\u0131 g\u00f6mlekle g\u00fcndelik \u015f\u0131kl\u0131\u011f\u0131 yeniden tan\u0131mlay\u0131n. Bu dikkat \u00e7ekici k\u0131sa kollu \u00fcst giyim, d\u00fcz renkli kuma\u015fa dokunmu\u015f benzersiz bir boyutlu geometrik dokuya sahiptir; bu da g\u00f6rsel ilgi ve \u00fcst\u00fcn bir dokunma hissi yarat\u0131r.<\/p>\n<p class=\"ds-markdown-paragraph translation-block\">\u00c7a\u011fda\u015f yar\u0131m d\u00fc\u011fmeli yaka tasar\u0131m\u0131\u2014patletin g\u00f6\u011fs\u00fcn sadece yar\u0131s\u0131na kadar uzand\u0131\u011f\u0131\u2014klasik g\u00f6mlek sil\u00fcetine modern ve minimalist bir dokunu\u015f kat\u0131yor. Bu detay, onu hem \u00f6zenli hem de rahat bir g\u00f6r\u00fcn\u00fcm sunarak, g\u00fcnl\u00fck sokak giyimi ve zahmetsiz yaz i\u015fe gidip gelme i\u00e7in m\u00fckemmel k\u0131l\u0131yor.<\/p>\n<p class=\"ds-markdown-paragraph\">Konfor ve stil i\u00e7in tasarlanan bu par\u00e7a, ki\u015fiselle\u015ftirilmi\u015f, modaya uygun k\u0131yafetler yaratmak i\u00e7in idealdir. \u015e\u0131k ve modern bir g\u00f6r\u00fcn\u00fcm i\u00e7in, dar kesim \u015fortlar veya dar pa\u00e7al\u0131 pantolonlarla kombinleyerek, sade bir \u00f6zg\u00fcvenle \u00f6ne \u00e7\u0131kabilirsiniz.<\/p>\n<\/div>\n<\/div>\n<div class=\"ds-theme\"><\/div>\n<div class=\"ds-flex _0a3d93b\">\n<div class=\"ds-flex _965abe9 _54866f7\">\n<div class=\"db183363 ds-icon-button ds-icon-button--m ds-icon-button--sizing-container\" tabindex=\"0\" role=\"button\" aria-disabled=\"false\">\n<div class=\"ds-icon-button__hover-bg\"><\/div>\n<div class=\"ds-icon\"><\/div>\n<div class=\"ds-focus-ring\"><\/div>\n<\/div>\n<div class=\"db183363 ds-icon-button ds-icon-button--m ds-icon-button--sizing-container\" tabindex=\"0\" role=\"button\" aria-disabled=\"false\">\n<div class=\"ds-icon-button__hover-bg\"><\/div>\n<div class=\"ds-icon\"><\/div>\n<div class=\"ds-focus-ring\"><\/div>\n<\/div>\n<div class=\"db183363 ds-icon-button ds-icon-button--m ds-icon-button--sizing-container\" tabindex=\"0\" role=\"button\" aria-disabled=\"false\">\n<div class=\"ds-icon-button__hover-bg\"><\/div>\n<div class=\"ds-icon\"><\/div>\n<div class=\"ds-focus-ring\"><\/div>\n<\/div>\n<div class=\"db183363 ds-icon-button ds-icon-button--m ds-icon-button--sizing-container\" tabindex=\"0\" role=\"button\" aria-disabled=\"false\">\n<div class=\"ds-icon-button__hover-bg\"><\/div>\n<div class=\"ds-icon\"><\/div>\n<div class=\"ds-focus-ring\"><\/div>\n<\/div>\n<div class=\"db183363 ds-icon-button ds-icon-button--m ds-icon-button--sizing-container\" tabindex=\"0\" role=\"button\" aria-disabled=\"false\">\n<div class=\"ds-icon-button__hover-bg\"><\/div>\n<div class=\"ds-icon\"><\/div>\n<\/div>\n<\/div>\n<\/div>","protected":false},"excerpt":{"rendered":"<p>Redefine casual sophistication with the Men&#8217;s Geometric Texture Half-Button Collar Shirt. This standout short-sleeve top features a unique\u00a0dimensional geometric texture\u00a0woven into a solid-color fabric, creating visual interest and a premium tactile feel. The contemporary\u00a0half-button collar design\u2014where the placket extends only halfway down the chest\u2014adds a modern, minimalist twist to the classic shirt silhouette. This detail [&hellip;]<\/p>","protected":false},"featured_media":32311,"comment_status":"open","ping_status":"closed","template":"","meta":{"_monsterinsights_skip_tracking":false,"_monsterinsights_sitenote_active":false,"_monsterinsights_sitenote_note":"","_monsterinsights_sitenote_category":0},"product_brand":[],"product_cat":[15,75,143],"product_tag":[],"class_list":{"0":"post-32296","1":"product","2":"type-product","3":"status-publish","4":"has-post-thumbnail","6":"product_cat-uncategorized","7":"product_cat-mens-clothing","8":"product_cat-mens-top","10":"first","11":"instock","12":"shipping-taxable","13":"purchasable","14":"product-type-simple"},"aioseo_notices":[],"_links":{"self":[{"href":"https:\/\/xn--kbrsglobalstore-7kcc.com\/tr\/wp-json\/wp\/v2\/product\/32296","targetHints":{"allow":["GET"]}}],"collection":[{"href":"https:\/\/xn--kbrsglobalstore-7kcc.com\/tr\/wp-json\/wp\/v2\/product"}],"about":[{"href":"https:\/\/xn--kbrsglobalstore-7kcc.com\/tr\/wp-json\/wp\/v2\/types\/product"}],"replies":[{"embeddable":true,"href":"https:\/\/xn--kbrsglobalstore-7kcc.com\/tr\/wp-json\/wp\/v2\/comments?post=32296"}],"wp:featuredmedia":[{"embeddable":true,"href":"https:\/\/xn--kbrsglobalstore-7kcc.com\/tr\/wp-json\/wp\/v2\/media\/32311"}],"wp:attachment":[{"href":"https:\/\/xn--kbrsglobalstore-7kcc.com\/tr\/wp-json\/wp\/v2\/media?parent=32296"}],"wp:term":[{"taxonomy":"product_brand","embeddable":true,"href":"https:\/\/xn--kbrsglobalstore-7kcc.com\/tr\/wp-json\/wp\/v2\/product_brand?post=32296"},{"taxonomy":"product_cat","embeddable":true,"href":"https:\/\/xn--kbrsglobalstore-7kcc.com\/tr\/wp-json\/wp\/v2\/product_cat?post=32296"},{"taxonomy":"product_tag","embeddable":true,"href":"https:\/\/xn--kbrsglobalstore-7kcc.com\/tr\/wp-json\/wp\/v2\/product_tag?post=32296"}],"curies":[{"name":"wp","href":"https:\/\/api.w.org\/{rel}","templated":true}]}}