{"id":32295,"date":"2025-12-09T22:48:09","date_gmt":"2025-12-09T22:48:09","guid":{"rendered":"https:\/\/xn--kbrsglobalstore-7kcc.com\/?post_type=product&#038;p=32295"},"modified":"2025-12-17T20:11:40","modified_gmt":"2025-12-17T20:11:40","slug":"1pc-mens-henley-collar-waffle-knit-top-waffle-knit-fabric-small-v-neck-design-comfortable-casual-button-detail-suitable-for-daily-wear-vintage-style-for-fall-long-sleeve-top","status":"publish","type":"product","link":"https:\/\/xn--kbrsglobalstore-7kcc.com\/tr\/urun\/1pc-mens-henley-collar-waffle-knit-top-waffle-knit-fabric-small-v-neck-design-comfortable-casual-button-detail-suitable-for-daily-wear-vintage-style-for-fall-long-sleeve-top\/","title":{"rendered":"Erkekler i\u00e7in Henley Yakal\u0131 Waffle \u00d6rg\u00fc \u00dcst, Waffle \u00d6rg\u00fc Kuma\u015f, K\u00fc\u00e7\u00fck V Yaka Tasar\u0131m\u0131"},"content":{"rendered":"<p class=\"ds-markdown-paragraph translation-block\">Erkekler i\u00e7in tasarlanm\u0131\u015f Henley yakal\u0131 waffle \u00f6rg\u00fc \u00fcst ile zamans\u0131z dokuyu ve rahat stili kucaklay\u0131n. Bu uzun kollu g\u00f6mlek, nefes alabilen \u0131zgara benzeri dokusu ve vintage \u00e7ekicili\u011fiyle bilinen rahat waffle \u00f6rg\u00fc kuma\u015ftan \u00fcretilmi\u015ftir; sonbahar katmanlamas\u0131 i\u00e7in veya tek ba\u015f\u0131na giymek i\u00e7in m\u00fckemmeldir.<\/p>\n<p class=\"ds-markdown-paragraph translation-block\">Klasik bir Henley yakas\u0131, k\u00fc\u00e7\u00fck bir V yaka a\u00e7\u0131kl\u0131\u011f\u0131 ve zarif bir d\u00fc\u011fme detay\u0131yla standart yuvarlak yakaya g\u00f6re rahat ama \u015f\u0131k bir alternatif sunuyor. Tasar\u0131m, rahat g\u00fcnl\u00fck giyimi rustik, vintage esintili bir stille harmanl\u0131yor.<\/p>\n<p class=\"ds-markdown-paragraph\">Zahmetsiz kombinler olu\u015fturmak i\u00e7in ideal olan bu par\u00e7ay\u0131, hem rahat hem de \u00f6zenle haz\u0131rlanm\u0131\u015f bir g\u00f6r\u00fcn\u00fcm i\u00e7in kot pantolon veya chino pantolonlarla kombinleyin. Mevsimlik gard\u0131robunuza s\u0131cakl\u0131k ve doku katan \u00e7ok y\u00f6nl\u00fc bir temel par\u00e7a.<\/p>","protected":false},"excerpt":{"rendered":"<p>Embrace timeless texture and relaxed style with the Men&#8217;s Henley Collar Waffle Knit Top. This long-sleeve shirt is crafted from comfortable\u00a0waffle knit fabric, known for its breathable grid-like texture and vintage appeal, perfect for\u00a0fall layering\u00a0or wearing on its own. Featuring a classic\u00a0Henley collar\u00a0with a\u00a0small V-neck placket\u00a0and subtle\u00a0button detail, it offers a casual yet polished alternative [&hellip;]<\/p>","protected":false},"featured_media":32305,"comment_status":"open","ping_status":"closed","template":"","meta":{"_monsterinsights_skip_tracking":false,"_monsterinsights_sitenote_active":false,"_monsterinsights_sitenote_note":"","_monsterinsights_sitenote_category":0},"product_brand":[],"product_cat":[15,75,143],"product_tag":[],"class_list":{"0":"post-32295","1":"product","2":"type-product","3":"status-publish","4":"has-post-thumbnail","6":"product_cat-uncategorized","7":"product_cat-mens-clothing","8":"product_cat-mens-top","10":"first","11":"instock","12":"shipping-taxable","13":"purchasable","14":"product-type-simple"},"aioseo_notices":[],"_links":{"self":[{"href":"https:\/\/xn--kbrsglobalstore-7kcc.com\/tr\/wp-json\/wp\/v2\/product\/32295","targetHints":{"allow":["GET"]}}],"collection":[{"href":"https:\/\/xn--kbrsglobalstore-7kcc.com\/tr\/wp-json\/wp\/v2\/product"}],"about":[{"href":"https:\/\/xn--kbrsglobalstore-7kcc.com\/tr\/wp-json\/wp\/v2\/types\/product"}],"replies":[{"embeddable":true,"href":"https:\/\/xn--kbrsglobalstore-7kcc.com\/tr\/wp-json\/wp\/v2\/comments?post=32295"}],"wp:featuredmedia":[{"embeddable":true,"href":"https:\/\/xn--kbrsglobalstore-7kcc.com\/tr\/wp-json\/wp\/v2\/media\/32305"}],"wp:attachment":[{"href":"https:\/\/xn--kbrsglobalstore-7kcc.com\/tr\/wp-json\/wp\/v2\/media?parent=32295"}],"wp:term":[{"taxonomy":"product_brand","embeddable":true,"href":"https:\/\/xn--kbrsglobalstore-7kcc.com\/tr\/wp-json\/wp\/v2\/product_brand?post=32295"},{"taxonomy":"product_cat","embeddable":true,"href":"https:\/\/xn--kbrsglobalstore-7kcc.com\/tr\/wp-json\/wp\/v2\/product_cat?post=32295"},{"taxonomy":"product_tag","embeddable":true,"href":"https:\/\/xn--kbrsglobalstore-7kcc.com\/tr\/wp-json\/wp\/v2\/product_tag?post=32295"}],"curies":[{"name":"wp","href":"https:\/\/api.w.org\/{rel}","templated":true}]}}