{"id":32247,"date":"2025-12-09T21:56:09","date_gmt":"2025-12-09T21:56:09","guid":{"rendered":"https:\/\/xn--kbrsglobalstore-7kcc.com\/?post_type=product&#038;p=32247"},"modified":"2025-12-17T20:14:01","modified_gmt":"2025-12-17T20:14:01","slug":"86pcs-set-elegant-faux-pearl-earrings-multi-layered-necklace-ear-studs-rings-4-in-1-jewelry-set-for-women-ideal-for-daily-wear-and-gifting-no-box","status":"publish","type":"product","link":"https:\/\/xn--kbrsglobalstore-7kcc.com\/tr\/urun\/86pcs-set-elegant-faux-pearl-earrings-multi-layered-necklace-ear-studs-rings-4-in-1-jewelry-set-for-women-ideal-for-daily-wear-and-gifting-no-box\/","title":{"rendered":"86 Par\u00e7a\/Set Zarif Taklit \u0130nci K\u00fcpe, \u00c7ok Katmanl\u0131 Kolye, K\u00fcpe ve Y\u00fcz\u00fcklerden Olu\u015fan 4'\u00fc 1 Arada Tak\u0131 Seti, Kad\u0131nlar \u0130\u00e7in, G\u00fcnl\u00fck Kullan\u0131m ve Hediye \u0130\u00e7in \u0130deal (Kutu Yok)"},"content":{"rendered":"<div class=\"dad65929\">\n<div class=\"_4f9bf79 d7dc56a8 _43c05b5\">\n<div class=\"ds-message _63c77b1\">\n<div class=\"ds-markdown\">\n<p class=\"ds-markdown-paragraph translation-block\">86 Par\u00e7al\u0131 Taklit \u0130nci Tak\u0131 Seti ile zamans\u0131z zarafeti ve \u00e7ok y\u00f6nl\u00fc stili ortaya \u00e7\u0131kar\u0131n. Bu kapsaml\u0131 koleksiyon, sofistike \u00e7ok katmanl\u0131 kolyeler, klasik saplama k\u00fcpeler, kulak t\u0131rman\u0131c\u0131lar\u0131 ve zarif y\u00fcz\u00fckler i\u00e7erir; hepsi parlak y\u00fcksek kaliteli taklit inciler ve tamamlay\u0131c\u0131 metalik detaylarla s\u00fcslenmi\u015ftir.<\/p>\n<p class=\"ds-markdown-paragraph translation-block\">Zahmetsiz uyum i\u00e7in tasarlanan bu set, sade bir g\u00fcnd\u00fcz g\u00f6r\u00fcn\u00fcm\u00fcnden \u015f\u0131k bir ak\u015fam kombinine kadar her \u015feyi yaratmak i\u00e7in par\u00e7alar\u0131 kar\u0131\u015ft\u0131r\u0131p e\u015fle\u015ftirmenize olanak tan\u0131r. G\u00fcnl\u00fck kullan\u0131m i\u00e7in m\u00fckemmel olan bu set, an\u0131nda \u015f\u0131k aksesuarlardan olu\u015fan bir gard\u0131rop sunar.<\/p>\n<p class=\"ds-markdown-paragraph translation-block\">Kutusu olmadan sunulan bu c\u00f6mert set, klasik g\u00fczelli\u011fi ve \u00e7ok y\u00f6nl\u00fc aksesuarlar\u0131 takdir eden her kad\u0131n i\u00e7in <strong>ola\u011fan\u00fcst\u00fc ve d\u00fc\u015f\u00fcnceli bir hediye<\/strong> olu\u015fturuyor. Her durum i\u00e7in incilerle s\u00fcslenmi\u015f zarafetin bir hazinesi.<\/p>\n<\/div>\n<\/div>\n<div class=\"ds-theme\"><\/div>\n<div class=\"ds-flex _0a3d93b\">\n<div class=\"ds-flex _965abe9 _54866f7\">\n<div class=\"db183363 ds-icon-button ds-icon-button--m ds-icon-button--sizing-container\" tabindex=\"0\" role=\"button\" aria-disabled=\"false\">\n<div class=\"ds-icon-button__hover-bg\"><\/div>\n<div class=\"ds-icon\"><\/div>\n<div class=\"ds-focus-ring\"><\/div>\n<\/div>\n<div class=\"db183363 ds-icon-button ds-icon-button--m ds-icon-button--sizing-container\" tabindex=\"0\" role=\"button\" aria-disabled=\"false\">\n<div class=\"ds-icon-button__hover-bg\"><\/div>\n<div class=\"ds-icon\"><\/div>\n<div class=\"ds-focus-ring\"><\/div>\n<\/div>\n<div class=\"db183363 ds-icon-button ds-icon-button--m ds-icon-button--sizing-container\" tabindex=\"0\" role=\"button\" aria-disabled=\"false\">\n<div class=\"ds-icon-button__hover-bg\"><\/div>\n<div class=\"ds-icon\"><\/div>\n<div class=\"ds-focus-ring\"><\/div>\n<\/div>\n<div class=\"db183363 ds-icon-button ds-icon-button--m ds-icon-button--sizing-container\" tabindex=\"0\" role=\"button\" aria-disabled=\"false\">\n<div class=\"ds-icon-button__hover-bg\"><\/div>\n<div class=\"ds-icon\"><\/div>\n<div class=\"ds-focus-ring\"><\/div>\n<\/div>\n<div class=\"db183363 ds-icon-button ds-icon-button--m ds-icon-button--sizing-container\" tabindex=\"0\" role=\"button\" aria-disabled=\"false\">\n<div class=\"ds-icon-button__hover-bg\"><\/div>\n<div class=\"ds-icon\"><\/div>\n<div class=\"ds-focus-ring\"><\/div>\n<\/div>\n<\/div>\n<div><\/div>\n<\/div>\n<\/div>\n<\/div>\n<div class=\"_871cbca\">\n<div class=\"d72636e2\"><\/div>\n<div class=\"aaff8b8f\">\n<div class=\"_77cefa5 _3d616d3\">\n<div class=\"_020ab5b\">\n<div class=\"_24fad49\">\n<div class=\"ds-scroll-area__gutters\">\n<div class=\"ds-scroll-area__horizontal-gutter\"><\/div>\n<div class=\"ds-scroll-area__vertical-gutter\"><\/div>\n<\/div>\n<\/div>\n<\/div>\n<\/div>\n<\/div>\n<\/div>","protected":false},"excerpt":{"rendered":"<p>Unveil timeless elegance and versatile style with the 86-Piece Faux Pearl Jewelry Set. This comprehensive collection features sophisticated\u00a0multi-layered necklaces, classic\u00a0stud earrings,\u00a0ear climbers, and delicate\u00a0rings\u2014all adorned with lustrous\u00a0high-quality faux pearls\u00a0and complementary metallic accents. Designed for effortless coordination, the set allows you to mix and match pieces to create everything from a subtle daytime look to an [&hellip;]<\/p>","protected":false},"featured_media":32292,"comment_status":"open","ping_status":"closed","template":"","meta":{"_monsterinsights_skip_tracking":false,"_monsterinsights_sitenote_active":false,"_monsterinsights_sitenote_note":"","_monsterinsights_sitenote_category":0},"product_brand":[],"product_cat":[15,130,114],"product_tag":[],"class_list":{"0":"post-32247","1":"product","2":"type-product","3":"status-publish","4":"has-post-thumbnail","6":"product_cat-uncategorized","7":"product_cat-jewelary-and-accessorues","8":"product_cat-jewelry-and-accessories","10":"first","11":"instock","12":"shipping-taxable","13":"purchasable","14":"product-type-simple"},"aioseo_notices":[],"_links":{"self":[{"href":"https:\/\/xn--kbrsglobalstore-7kcc.com\/tr\/wp-json\/wp\/v2\/product\/32247","targetHints":{"allow":["GET"]}}],"collection":[{"href":"https:\/\/xn--kbrsglobalstore-7kcc.com\/tr\/wp-json\/wp\/v2\/product"}],"about":[{"href":"https:\/\/xn--kbrsglobalstore-7kcc.com\/tr\/wp-json\/wp\/v2\/types\/product"}],"replies":[{"embeddable":true,"href":"https:\/\/xn--kbrsglobalstore-7kcc.com\/tr\/wp-json\/wp\/v2\/comments?post=32247"}],"wp:featuredmedia":[{"embeddable":true,"href":"https:\/\/xn--kbrsglobalstore-7kcc.com\/tr\/wp-json\/wp\/v2\/media\/32292"}],"wp:attachment":[{"href":"https:\/\/xn--kbrsglobalstore-7kcc.com\/tr\/wp-json\/wp\/v2\/media?parent=32247"}],"wp:term":[{"taxonomy":"product_brand","embeddable":true,"href":"https:\/\/xn--kbrsglobalstore-7kcc.com\/tr\/wp-json\/wp\/v2\/product_brand?post=32247"},{"taxonomy":"product_cat","embeddable":true,"href":"https:\/\/xn--kbrsglobalstore-7kcc.com\/tr\/wp-json\/wp\/v2\/product_cat?post=32247"},{"taxonomy":"product_tag","embeddable":true,"href":"https:\/\/xn--kbrsglobalstore-7kcc.com\/tr\/wp-json\/wp\/v2\/product_tag?post=32247"}],"curies":[{"name":"wp","href":"https:\/\/api.w.org\/{rel}","templated":true}]}}