{"id":32246,"date":"2025-12-09T21:55:53","date_gmt":"2025-12-09T21:55:53","guid":{"rendered":"https:\/\/xn--kbrsglobalstore-7kcc.com\/?post_type=product&#038;p=32246"},"modified":"2025-12-17T20:14:01","modified_gmt":"2025-12-17T20:14:01","slug":"1-set-romantic-cubic-zirconia-leaf-decorated-jewelry-set-perfect-for-womens-graduation-ceremony","status":"publish","type":"product","link":"https:\/\/xn--kbrsglobalstore-7kcc.com\/tr\/urun\/1-set-romantic-cubic-zirconia-leaf-decorated-jewelry-set-perfect-for-womens-graduation-ceremony\/","title":{"rendered":"1 Adet Romantik K\u00fcbik Zirkon Yaprak S\u00fcslemeli Tak\u0131 Seti, Kad\u0131nlar \u0130\u00e7in Mezuniyet T\u00f6reni \u0130\u00e7in M\u00fckemmel"},"content":{"rendered":"<div class=\"ds-message _63c77b1\">\n<div class=\"ds-markdown\">\n<p class=\"ds-markdown-paragraph translation-block\">Onun ba\u015far\u0131lar\u0131n\u0131 narin, do\u011fadan ilham alan bir zarafetle kutlay\u0131n. Bu Romantik K\u00fcbik Zirkonya Yaprak Tak\u0131 Seti, her harekette \u0131\u015f\u0131\u011f\u0131 yakalayan, \u0131\u015f\u0131lt\u0131l\u0131 k\u00fcbik zirkonya ta\u015flarla s\u00fcslenmi\u015f, g\u00fczelce i\u015flenmi\u015f yaprak motiflerine sahiptir. Set, uyumlu ve zarif bir g\u00f6r\u00fcn\u00fcm yaratmak \u00fczere tasarlanm\u0131\u015f, e\u015fle\u015fen bir kolye ve k\u00fcpe i\u00e7erir.<\/p>\n<p class=\"ds-markdown-paragraph translation-block\">Kad\u0131nlar\u0131n mezuniyet t\u00f6renleri i\u00e7in m\u00fckemmel olan bu \u015f\u0131k ama gen\u00e7 tasar\u0131m, b\u00fcy\u00fcmeyi, yeni ba\u015flang\u0131\u00e7lar\u0131 ve zamans\u0131z g\u00fczelli\u011fi simgeliyor. Par\u0131ldayan ta\u015flar, bu \u00f6nemli d\u00f6n\u00fcm noktas\u0131na uygun, kutlama havas\u0131 kat\u0131yor.<\/p>\n<p class=\"ds-markdown-paragraph\">Emeklerinin kar\u015f\u0131l\u0131\u011f\u0131n\u0131 vermek i\u00e7in ideal bir hediye olan bu set, kal\u0131c\u0131 bir g\u00fczellik ve \u00f6zel g\u00fcn\u00fcn\u00fcn unutulmaz bir hat\u0131ras\u0131n\u0131 sunuyor. Zarif, anlaml\u0131 ve \u00f6nemli bir olay i\u00e7in m\u00fckemmel bir se\u00e7im.<\/p>\n<\/div>\n<\/div>\n<div class=\"ds-theme\"><\/div>\n<div class=\"ds-flex _0a3d93b\">\n<div class=\"ds-flex _965abe9 _54866f7\">\n<div class=\"db183363 ds-icon-button ds-icon-button--m ds-icon-button--sizing-container\" tabindex=\"0\" role=\"button\" aria-disabled=\"false\">\n<div class=\"ds-icon-button__hover-bg\"><\/div>\n<div class=\"ds-icon\"><\/div>\n<div class=\"ds-focus-ring\"><\/div>\n<\/div>\n<div class=\"db183363 ds-icon-button ds-icon-button--m ds-icon-button--sizing-container\" tabindex=\"0\" role=\"button\" aria-disabled=\"false\">\n<div class=\"ds-icon-button__hover-bg\"><\/div>\n<div class=\"ds-icon\"><\/div>\n<div class=\"ds-focus-ring\"><\/div>\n<\/div>\n<div class=\"db183363 ds-icon-button ds-icon-button--m ds-icon-button--sizing-container\" tabindex=\"0\" role=\"button\" aria-disabled=\"false\">\n<div class=\"ds-icon-button__hover-bg\"><\/div>\n<div class=\"ds-icon\"><\/div>\n<div class=\"ds-focus-ring\"><\/div>\n<\/div>\n<div class=\"db183363 ds-icon-button ds-icon-button--m ds-icon-button--sizing-container\" tabindex=\"0\" role=\"button\" aria-disabled=\"false\">\n<div class=\"ds-icon-button__hover-bg\"><\/div>\n<div class=\"ds-icon\"><\/div>\n<div class=\"ds-focus-ring\"><\/div>\n<\/div>\n<div class=\"db183363 ds-icon-button ds-icon-button--m ds-icon-button--sizing-container\" tabindex=\"0\" role=\"button\" aria-disabled=\"false\">\n<div class=\"ds-icon-button__hover-bg\"><\/div>\n<div class=\"ds-icon\"><\/div>\n<\/div>\n<\/div>\n<\/div>","protected":false},"excerpt":{"rendered":"<p>Celebrate her achievements with delicate, nature-inspired elegance. This Romantic Cubic Zirconia Leaf Jewelry Set features beautifully crafted\u00a0leaf motifs\u00a0adorned with sparkling\u00a0cubic zirconia stones, capturing the light with every movement. The set includes a matching necklace and earrings, designed to create a cohesive and refined look. Perfect for a\u00a0women&#8217;s graduation ceremony, its sophisticated yet youthful design symbolizes [&hellip;]<\/p>","protected":false},"featured_media":32286,"comment_status":"open","ping_status":"closed","template":"","meta":{"_monsterinsights_skip_tracking":false,"_monsterinsights_sitenote_active":false,"_monsterinsights_sitenote_note":"","_monsterinsights_sitenote_category":0},"product_brand":[],"product_cat":[15,130,114],"product_tag":[],"class_list":{"0":"post-32246","1":"product","2":"type-product","3":"status-publish","4":"has-post-thumbnail","6":"product_cat-uncategorized","7":"product_cat-jewelary-and-accessorues","8":"product_cat-jewelry-and-accessories","10":"first","11":"instock","12":"shipping-taxable","13":"purchasable","14":"product-type-simple"},"aioseo_notices":[],"_links":{"self":[{"href":"https:\/\/xn--kbrsglobalstore-7kcc.com\/tr\/wp-json\/wp\/v2\/product\/32246","targetHints":{"allow":["GET"]}}],"collection":[{"href":"https:\/\/xn--kbrsglobalstore-7kcc.com\/tr\/wp-json\/wp\/v2\/product"}],"about":[{"href":"https:\/\/xn--kbrsglobalstore-7kcc.com\/tr\/wp-json\/wp\/v2\/types\/product"}],"replies":[{"embeddable":true,"href":"https:\/\/xn--kbrsglobalstore-7kcc.com\/tr\/wp-json\/wp\/v2\/comments?post=32246"}],"wp:featuredmedia":[{"embeddable":true,"href":"https:\/\/xn--kbrsglobalstore-7kcc.com\/tr\/wp-json\/wp\/v2\/media\/32286"}],"wp:attachment":[{"href":"https:\/\/xn--kbrsglobalstore-7kcc.com\/tr\/wp-json\/wp\/v2\/media?parent=32246"}],"wp:term":[{"taxonomy":"product_brand","embeddable":true,"href":"https:\/\/xn--kbrsglobalstore-7kcc.com\/tr\/wp-json\/wp\/v2\/product_brand?post=32246"},{"taxonomy":"product_cat","embeddable":true,"href":"https:\/\/xn--kbrsglobalstore-7kcc.com\/tr\/wp-json\/wp\/v2\/product_cat?post=32246"},{"taxonomy":"product_tag","embeddable":true,"href":"https:\/\/xn--kbrsglobalstore-7kcc.com\/tr\/wp-json\/wp\/v2\/product_tag?post=32246"}],"curies":[{"name":"wp","href":"https:\/\/api.w.org\/{rel}","templated":true}]}}