{"id":32245,"date":"2025-12-09T21:55:38","date_gmt":"2025-12-09T21:55:38","guid":{"rendered":"https:\/\/xn--kbrsglobalstore-7kcc.com\/?post_type=product&#038;p=32245"},"modified":"2025-12-17T20:14:02","modified_gmt":"2025-12-17T20:14:02","slug":"high-end-bridal-necklace-set-bridal-jewelry-wedding-dress-accessory-light-gold-silver-gold-color-zirconia-crystal-necklace-earrings-set-for-banquets-and-wedding-hall","status":"publish","type":"product","link":"https:\/\/xn--kbrsglobalstore-7kcc.com\/tr\/urun\/high-end-bridal-necklace-set-bridal-jewelry-wedding-dress-accessory-light-gold-silver-gold-color-zirconia-crystal-necklace-earrings-set-for-banquets-and-wedding-hall\/","title":{"rendered":"\u015e\u0131k Gelin Kolye Seti, Gelin Tak\u0131lar\u0131, Gelinlik Aksesuar\u0131, Ziyafetler ve D\u00fc\u011f\u00fcn Salonlar\u0131 \u0130\u00e7in A\u00e7\u0131k Alt\u0131n\/G\u00fcm\u00fc\u015f\/Alt\u0131n Renkli Zirkon ve Kristal Kolye K\u00fcpe Seti"},"content":{"rendered":"<div class=\"ds-message _63c77b1\">\n<div class=\"ds-markdown\">\n<p class=\"ds-markdown-paragraph translation-block\">Bu \u00fcst d\u00fczey gelin tak\u0131 setiyle, nefes kesen bir \u0131\u015f\u0131lt\u0131yla s\u00fcslenerek \u00f6zel g\u00fcn\u00fcn\u00fcze ad\u0131m at\u0131n. Titizlikle ve hassasiyetle \u00fcretilen set, her gelinli\u011fin tonunu tamamlayacak \u015fekilde zarif bir a\u00e7\u0131k alt\u0131n, g\u00fcm\u00fc\u015f veya alt\u0131n rengi ala\u015f\u0131ma \u00f6zenle yerle\u015ftirilmi\u015f, g\u00f6z al\u0131c\u0131 bir k\u00fcbik zirkon ve \u015feffaf kristal d\u00fczenlemesine sahiptir.<\/p>\n<p class=\"ds-markdown-paragraph\">Zarif tasar\u0131m\u0131yla dikkat \u00e7eken kolye, k\u00f6pr\u00fcc\u00fck kemi\u011finde \u015f\u0131k bir \u015fekilde dururken, uyumlu k\u00fcpeler de sofistike bir zarafet kat\u0131yor. Birlikte, do\u011fal g\u00fczelli\u011finizi abartmadan vurgulayan, uyumlu ve \u0131\u015f\u0131lt\u0131l\u0131 bir g\u00f6r\u00fcn\u00fcm yarat\u0131yorlar.<\/p>\n<p class=\"ds-markdown-paragraph translation-block\">D\u00fc\u011f\u00fcn elbisesinin olmazsa olmaz bir aksesuar\u0131 olan bu set, ziyafetlerin ve d\u00fc\u011f\u00fcn salonlar\u0131n\u0131n \u0131\u015f\u0131klar\u0131 alt\u0131nda parlamak \u00fczere tasarland\u0131. Bu sadece bir m\u00fccevherden daha fazlas\u0131; hayat\u0131n\u0131z\u0131n en \u00f6nemli yolculu\u011funa l\u00fcks bir son dokunu\u015f kat\u0131yor.<\/p>\n<\/div>\n<\/div>\n<div class=\"ds-theme\"><\/div>\n<div class=\"ds-flex _0a3d93b\">\n<div class=\"ds-flex _965abe9 _54866f7\">\n<div class=\"db183363 ds-icon-button ds-icon-button--m ds-icon-button--sizing-container\" tabindex=\"0\" role=\"button\" aria-disabled=\"false\">\n<div class=\"ds-icon-button__hover-bg\"><\/div>\n<div class=\"ds-icon\"><\/div>\n<div class=\"ds-focus-ring\"><\/div>\n<\/div>\n<div class=\"db183363 ds-icon-button ds-icon-button--m ds-icon-button--sizing-container\" tabindex=\"0\" role=\"button\" aria-disabled=\"false\">\n<div class=\"ds-icon-button__hover-bg\"><\/div>\n<div class=\"ds-icon\"><\/div>\n<div class=\"ds-focus-ring\"><\/div>\n<\/div>\n<div class=\"db183363 ds-icon-button ds-icon-button--m ds-icon-button--sizing-container\" tabindex=\"0\" role=\"button\" aria-disabled=\"false\">\n<div class=\"ds-icon-button__hover-bg\"><\/div>\n<div class=\"ds-icon\"><\/div>\n<div class=\"ds-focus-ring\"><\/div>\n<\/div>\n<div class=\"db183363 ds-icon-button ds-icon-button--m ds-icon-button--sizing-container\" tabindex=\"0\" role=\"button\" aria-disabled=\"false\">\n<div class=\"ds-icon-button__hover-bg\"><\/div>\n<div class=\"ds-icon\"><\/div>\n<div class=\"ds-focus-ring\"><\/div>\n<\/div>\n<div class=\"db183363 ds-icon-button ds-icon-button--m ds-icon-button--sizing-container\" tabindex=\"0\" role=\"button\" aria-disabled=\"false\">\n<div class=\"ds-icon-button__hover-bg\"><\/div>\n<div class=\"ds-icon\"><\/div>\n<\/div>\n<\/div>\n<\/div>","protected":false},"excerpt":{"rendered":"<p>Step into your special day adorned in breathtaking brilliance with this High-End Bridal Jewelry Set. Meticulously crafted with precision, the set features a stunning arrangement of\u00a0sparkling cubic zirconia and clear crystals, meticulously set in an elegant\u00a0light gold, silver, or gold-color alloy\u00a0to complement any wedding gown&#8217;s tone. The necklace, with its graceful design, sits elegantly at [&hellip;]<\/p>","protected":false},"featured_media":32282,"comment_status":"open","ping_status":"closed","template":"","meta":{"_monsterinsights_skip_tracking":false,"_monsterinsights_sitenote_active":false,"_monsterinsights_sitenote_note":"","_monsterinsights_sitenote_category":0},"product_brand":[],"product_cat":[15,130,114],"product_tag":[],"class_list":{"0":"post-32245","1":"product","2":"type-product","3":"status-publish","4":"has-post-thumbnail","6":"product_cat-uncategorized","7":"product_cat-jewelary-and-accessorues","8":"product_cat-jewelry-and-accessories","10":"first","11":"instock","12":"shipping-taxable","13":"purchasable","14":"product-type-simple"},"aioseo_notices":[],"_links":{"self":[{"href":"https:\/\/xn--kbrsglobalstore-7kcc.com\/tr\/wp-json\/wp\/v2\/product\/32245","targetHints":{"allow":["GET"]}}],"collection":[{"href":"https:\/\/xn--kbrsglobalstore-7kcc.com\/tr\/wp-json\/wp\/v2\/product"}],"about":[{"href":"https:\/\/xn--kbrsglobalstore-7kcc.com\/tr\/wp-json\/wp\/v2\/types\/product"}],"replies":[{"embeddable":true,"href":"https:\/\/xn--kbrsglobalstore-7kcc.com\/tr\/wp-json\/wp\/v2\/comments?post=32245"}],"wp:featuredmedia":[{"embeddable":true,"href":"https:\/\/xn--kbrsglobalstore-7kcc.com\/tr\/wp-json\/wp\/v2\/media\/32282"}],"wp:attachment":[{"href":"https:\/\/xn--kbrsglobalstore-7kcc.com\/tr\/wp-json\/wp\/v2\/media?parent=32245"}],"wp:term":[{"taxonomy":"product_brand","embeddable":true,"href":"https:\/\/xn--kbrsglobalstore-7kcc.com\/tr\/wp-json\/wp\/v2\/product_brand?post=32245"},{"taxonomy":"product_cat","embeddable":true,"href":"https:\/\/xn--kbrsglobalstore-7kcc.com\/tr\/wp-json\/wp\/v2\/product_cat?post=32245"},{"taxonomy":"product_tag","embeddable":true,"href":"https:\/\/xn--kbrsglobalstore-7kcc.com\/tr\/wp-json\/wp\/v2\/product_tag?post=32245"}],"curies":[{"name":"wp","href":"https:\/\/api.w.org\/{rel}","templated":true}]}}