{"id":32244,"date":"2025-12-09T21:55:27","date_gmt":"2025-12-09T21:55:27","guid":{"rendered":"https:\/\/xn--kbrsglobalstore-7kcc.com\/?post_type=product&#038;p=32244"},"modified":"2025-12-17T20:14:02","modified_gmt":"2025-12-17T20:14:02","slug":"1pc-handmade-white-5-petal-flower-pendant-necklace-1-pair-earrings-1-ring-1-bracelet-1-bangle-jewelry-set-for-women-2","status":"publish","type":"product","link":"https:\/\/xn--kbrsglobalstore-7kcc.com\/tr\/urun\/1pc-handmade-white-5-petal-flower-pendant-necklace-1-pair-earrings-1-ring-1-bracelet-1-bangle-jewelry-set-for-women-2\/","title":{"rendered":"1 Adet \u015eansl\u0131 Yonca Kolye Ucu, 1 Adet Bileklik, 1 \u00c7ift K\u00fcpe, 1 Adet Y\u00fcz\u00fck, 1 Adet Bilezikten Olu\u015fan Kad\u0131n Tak\u0131 Seti"},"content":{"rendered":"<div class=\"dad65929\">\n<div class=\"_4f9bf79 d7dc56a8 _43c05b5\">\n<div class=\"ds-message _63c77b1\">\n<div class=\"ds-markdown\">\n<p class=\"ds-markdown-paragraph translation-block\">Zamans\u0131z cazibeyi ve biraz da \u015fans\u0131 bir araya getiren Lucky Clover 5 Par\u00e7al\u0131 Tak\u0131 Seti ile \u015f\u0131kl\u0131\u011f\u0131 yakalay\u0131n. Bu g\u00fczelce uyumlu koleksiyon, zarif bir d\u00f6rt yaprakl\u0131 yonca motifini i\u00e7eren bir kolye, bileklik, k\u00fcpe, y\u00fcz\u00fck ve bilezikten olu\u015farak sade bir zarafetin m\u00fckemmel birle\u015fimini sunuyor.<\/p>\n<p class=\"ds-markdown-paragraph translation-block\">\u00d6zenle \u00fcretilen her par\u00e7a, sembolik <strong>\u015fansl\u0131 yonca tasar\u0131m\u0131n\u0131<\/strong> klasik metalik bir g\u00f6r\u00fcn\u00fcmle birle\u015ftirerek hem g\u00fcnl\u00fck kullan\u0131m hem de \u00f6zel g\u00fcnler i\u00e7in uygun hale getiriyor. Set, \u00e7ok y\u00f6nl\u00fc bir stil sunarak par\u00e7alar\u0131 birlikte tam bir kombin olu\u015fturmak veya ayr\u0131 ayr\u0131 herhangi bir k\u0131yafeti tamamlamak i\u00e7in kullanman\u0131za olanak tan\u0131yor.<\/p>\n<p class=\"ds-markdown-paragraph\">D\u00fc\u015f\u00fcnceli ve eksiksiz bir hediye olan bu set, yeni bir ba\u015flang\u0131c\u0131 kutlayan, do\u011fum g\u00fcn\u00fcn\u00fc kutlayan veya sadece iyi \u015fans ve sevginin bir simgesi olarak vermek isteyen herkes i\u00e7in idealdir. Her tak\u0131ld\u0131\u011f\u0131nda bir dilek ta\u015f\u0131yan tak\u0131lar.<\/p>\n<\/div>\n<\/div>\n<div class=\"ds-theme\"><\/div>\n<div class=\"ds-flex _0a3d93b\">\n<div class=\"ds-flex _965abe9 _54866f7\">\n<div class=\"db183363 ds-icon-button ds-icon-button--m ds-icon-button--sizing-container\" tabindex=\"0\" role=\"button\" aria-disabled=\"false\">\n<div class=\"ds-icon-button__hover-bg\"><\/div>\n<div class=\"ds-icon\"><\/div>\n<div class=\"ds-focus-ring\"><\/div>\n<\/div>\n<div class=\"db183363 ds-icon-button ds-icon-button--m ds-icon-button--sizing-container\" tabindex=\"0\" role=\"button\" aria-disabled=\"false\">\n<div class=\"ds-icon-button__hover-bg\"><\/div>\n<div class=\"ds-icon\"><\/div>\n<div class=\"ds-focus-ring\"><\/div>\n<\/div>\n<div class=\"db183363 ds-icon-button ds-icon-button--m ds-icon-button--sizing-container\" tabindex=\"0\" role=\"button\" aria-disabled=\"false\">\n<div class=\"ds-icon-button__hover-bg\"><\/div>\n<div class=\"ds-icon\"><\/div>\n<div class=\"ds-focus-ring\"><\/div>\n<\/div>\n<div class=\"db183363 ds-icon-button ds-icon-button--m ds-icon-button--sizing-container\" tabindex=\"0\" role=\"button\" aria-disabled=\"false\">\n<div class=\"ds-icon-button__hover-bg\"><\/div>\n<div class=\"ds-icon\"><\/div>\n<div class=\"ds-focus-ring\"><\/div>\n<\/div>\n<div class=\"db183363 ds-icon-button ds-icon-button--m ds-icon-button--sizing-container\" tabindex=\"0\" role=\"button\" aria-disabled=\"false\">\n<div class=\"ds-icon-button__hover-bg\"><\/div>\n<div class=\"ds-icon\"><\/div>\n<div class=\"ds-focus-ring\"><\/div>\n<\/div>\n<\/div>\n<div><\/div>\n<\/div>\n<\/div>\n<\/div>\n<div class=\"_871cbca\">\n<div class=\"d72636e2\"><\/div>\n<div class=\"aaff8b8f\">\n<div class=\"_77cefa5 _3d616d3\">\n<div class=\"_020ab5b\">\n<div class=\"_24fad49\">\n<div class=\"ds-scroll-area__gutters\"><\/div>\n<\/div>\n<\/div>\n<\/div>\n<\/div>\n<\/div>","protected":false},"excerpt":{"rendered":"<p>Embrace timeless charm and a touch of fortune with the Lucky Clover 5-Piece Jewelry Set. This beautifully coordinated collection features a delicate\u00a0four-leaf clover motif\u00a0across a\u00a0necklace with pendant, a bracelet, a pair of earrings, a ring, and a bangle, creating a perfectly unified look of understated elegance. Crafted with care, each piece combines the symbolic\u00a0lucky clover [&hellip;]<\/p>","protected":false},"featured_media":32278,"comment_status":"open","ping_status":"closed","template":"","meta":{"_monsterinsights_skip_tracking":false,"_monsterinsights_sitenote_active":false,"_monsterinsights_sitenote_note":"","_monsterinsights_sitenote_category":0},"product_brand":[],"product_cat":[15,130,114],"product_tag":[],"class_list":{"0":"post-32244","1":"product","2":"type-product","3":"status-publish","4":"has-post-thumbnail","6":"product_cat-uncategorized","7":"product_cat-jewelary-and-accessorues","8":"product_cat-jewelry-and-accessories","10":"first","11":"instock","12":"shipping-taxable","13":"purchasable","14":"product-type-simple"},"aioseo_notices":[],"_links":{"self":[{"href":"https:\/\/xn--kbrsglobalstore-7kcc.com\/tr\/wp-json\/wp\/v2\/product\/32244","targetHints":{"allow":["GET"]}}],"collection":[{"href":"https:\/\/xn--kbrsglobalstore-7kcc.com\/tr\/wp-json\/wp\/v2\/product"}],"about":[{"href":"https:\/\/xn--kbrsglobalstore-7kcc.com\/tr\/wp-json\/wp\/v2\/types\/product"}],"replies":[{"embeddable":true,"href":"https:\/\/xn--kbrsglobalstore-7kcc.com\/tr\/wp-json\/wp\/v2\/comments?post=32244"}],"wp:featuredmedia":[{"embeddable":true,"href":"https:\/\/xn--kbrsglobalstore-7kcc.com\/tr\/wp-json\/wp\/v2\/media\/32278"}],"wp:attachment":[{"href":"https:\/\/xn--kbrsglobalstore-7kcc.com\/tr\/wp-json\/wp\/v2\/media?parent=32244"}],"wp:term":[{"taxonomy":"product_brand","embeddable":true,"href":"https:\/\/xn--kbrsglobalstore-7kcc.com\/tr\/wp-json\/wp\/v2\/product_brand?post=32244"},{"taxonomy":"product_cat","embeddable":true,"href":"https:\/\/xn--kbrsglobalstore-7kcc.com\/tr\/wp-json\/wp\/v2\/product_cat?post=32244"},{"taxonomy":"product_tag","embeddable":true,"href":"https:\/\/xn--kbrsglobalstore-7kcc.com\/tr\/wp-json\/wp\/v2\/product_tag?post=32244"}],"curies":[{"name":"wp","href":"https:\/\/api.w.org\/{rel}","templated":true}]}}