{"id":32243,"date":"2025-12-09T21:55:10","date_gmt":"2025-12-09T21:55:10","guid":{"rendered":"https:\/\/xn--kbrsglobalstore-7kcc.com\/?post_type=product&#038;p=32243"},"modified":"2025-12-17T20:14:02","modified_gmt":"2025-12-17T20:14:02","slug":"3pcs-set-gold-flower-bangle-bracelet-jewelry-set-luxury-high-end-summer-gift-for-women-wedding-present","status":"publish","type":"product","link":"https:\/\/xn--kbrsglobalstore-7kcc.com\/tr\/urun\/3pcs-set-gold-flower-bangle-bracelet-jewelry-set-luxury-high-end-summer-gift-for-women-wedding-present\/","title":{"rendered":"3 Par\u00e7al\u0131 Alt\u0131n \u00c7i\u00e7ek Bileklik Tak\u0131 Seti, Kad\u0131nlar \u0130\u00e7in L\u00fcks Yaz Hediyesi, D\u00fc\u011f\u00fcn Hediyesi"},"content":{"rendered":"<p class=\"ds-markdown-paragraph translation-block\">Bile\u011fini sonsuz zarafet bah\u00e7esiyle s\u00fcsleyin. Bu 3 par\u00e7al\u0131 alt\u0131n \u00e7i\u00e7ekli bileklik seti, parlak alt\u0131n tonlu metalden i\u015flenmi\u015f narin \u00fc\u00e7 boyutlu \u00e7i\u00e7ek motiflerine sahiptir. Her bileklik benzersiz bir \u015fekilde tasarlanm\u0131\u015f ancak uyumlu bir \u015fekilde e\u015fle\u015ftirilmi\u015ftir; birlikte tak\u0131ld\u0131\u011f\u0131nda katmanl\u0131 ve l\u00fcks bir g\u00f6r\u00fcn\u00fcm yarat\u0131r.<\/p>\n<p class=\"ds-markdown-paragraph translation-block\">\u00dcst d\u00fczey, l\u00fcks bir esteti\u011fi yans\u0131tan bu set, \u00f6zel g\u00fcnler, g\u00fcnl\u00fck \u015f\u0131kl\u0131k veya de\u011ferli bir hat\u0131ra olarak m\u00fckemmel bir aksesuar niteli\u011findedir. I\u015f\u0131lt\u0131l\u0131 tasar\u0131m\u0131, yaz\u0131n \u0131\u015f\u0131\u011f\u0131n\u0131 ve ruhunu yakalayarak kad\u0131nlar i\u00e7in enfes bir hediye veya nedimeler, gelinin annesi veya yak\u0131n bir arkada\u015f i\u00e7in anlaml\u0131 bir d\u00fc\u011f\u00fcn hediyesi haline getiriyor.<\/p>\n<p class=\"ds-markdown-paragraph\">G\u00fczelli\u011fin ve zamans\u0131z stilin sembol\u00fc olan bu m\u00fccevher seti, y\u0131llarca de\u011fer verilerek tak\u0131lmak \u00fczere tasarland\u0131.<\/p>","protected":false},"excerpt":{"rendered":"<p>Adorn her wrist with a garden of eternal elegance. This 3-Piece Gold Flower Bangle Bracelet Set features delicate,\u00a0three-dimensional flower motifs\u00a0crafted in a lustrous\u00a0gold-tone metal. Each bangle is uniquely designed yet harmoniously matched, creating a layered, luxurious look when worn together. Embodying a\u00a0high-end, luxurious aesthetic, this set is a perfect statement accessory for special occasions, daily [&hellip;]<\/p>","protected":false},"featured_media":32269,"comment_status":"open","ping_status":"closed","template":"","meta":{"_monsterinsights_skip_tracking":false,"_monsterinsights_sitenote_active":false,"_monsterinsights_sitenote_note":"","_monsterinsights_sitenote_category":0},"product_brand":[],"product_cat":[15,130,114],"product_tag":[],"class_list":{"0":"post-32243","1":"product","2":"type-product","3":"status-publish","4":"has-post-thumbnail","6":"product_cat-uncategorized","7":"product_cat-jewelary-and-accessorues","8":"product_cat-jewelry-and-accessories","10":"first","11":"instock","12":"shipping-taxable","13":"purchasable","14":"product-type-simple"},"aioseo_notices":[],"_links":{"self":[{"href":"https:\/\/xn--kbrsglobalstore-7kcc.com\/tr\/wp-json\/wp\/v2\/product\/32243","targetHints":{"allow":["GET"]}}],"collection":[{"href":"https:\/\/xn--kbrsglobalstore-7kcc.com\/tr\/wp-json\/wp\/v2\/product"}],"about":[{"href":"https:\/\/xn--kbrsglobalstore-7kcc.com\/tr\/wp-json\/wp\/v2\/types\/product"}],"replies":[{"embeddable":true,"href":"https:\/\/xn--kbrsglobalstore-7kcc.com\/tr\/wp-json\/wp\/v2\/comments?post=32243"}],"wp:featuredmedia":[{"embeddable":true,"href":"https:\/\/xn--kbrsglobalstore-7kcc.com\/tr\/wp-json\/wp\/v2\/media\/32269"}],"wp:attachment":[{"href":"https:\/\/xn--kbrsglobalstore-7kcc.com\/tr\/wp-json\/wp\/v2\/media?parent=32243"}],"wp:term":[{"taxonomy":"product_brand","embeddable":true,"href":"https:\/\/xn--kbrsglobalstore-7kcc.com\/tr\/wp-json\/wp\/v2\/product_brand?post=32243"},{"taxonomy":"product_cat","embeddable":true,"href":"https:\/\/xn--kbrsglobalstore-7kcc.com\/tr\/wp-json\/wp\/v2\/product_cat?post=32243"},{"taxonomy":"product_tag","embeddable":true,"href":"https:\/\/xn--kbrsglobalstore-7kcc.com\/tr\/wp-json\/wp\/v2\/product_tag?post=32243"}],"curies":[{"name":"wp","href":"https:\/\/api.w.org\/{rel}","templated":true}]}}