{"id":32242,"date":"2025-12-09T21:54:50","date_gmt":"2025-12-09T21:54:50","guid":{"rendered":"https:\/\/xn--kbrsglobalstore-7kcc.com\/?post_type=product&#038;p=32242"},"modified":"2025-12-17T20:14:02","modified_gmt":"2025-12-17T20:14:02","slug":"2-pcs-leopard-print-pu-leather-cuff-bangles-2-pcs-minimalist-metal-cuff-bracelets-stacked-bangle-bracelets-set-for-women","status":"publish","type":"product","link":"https:\/\/xn--kbrsglobalstore-7kcc.com\/tr\/urun\/2-pcs-leopard-print-pu-leather-cuff-bangles-2-pcs-minimalist-metal-cuff-bracelets-stacked-bangle-bracelets-set-for-women\/","title":{"rendered":"2 Adet Leopar Desenli PU Deri Man\u015fet Bileklik ve 2 Adet Minimalist Metal Man\u015fet Bileklik, Kad\u0131nlar \u0130\u00e7in \u00dcst \u00dcste Tak\u0131labilen Bileklik Seti"},"content":{"rendered":"<p class=\"ds-markdown-paragraph translation-block\">Leopar Desenli ve Metal Bileklik Seti ile cesur, katmanl\u0131 g\u00f6r\u00fcn\u00fcmler yarat\u0131n. Bu \u00e7ok y\u00f6nl\u00fc 4 par\u00e7al\u0131k koleksiyon, vah\u015fi ve dokulu bir hava katmak i\u00e7in iki adet dikkat \u00e7ekici leopar desenli PU deri bileklik ve modern bir tarz i\u00e7in tamamlay\u0131c\u0131 bir g\u00f6r\u00fcn\u00fcme sahip iki adet \u015f\u0131k, minimalist metal bileklik i\u00e7erir.<\/p>\n<p class=\"ds-markdown-paragraph translation-block\">Birbiriyle kar\u0131\u015ft\u0131r\u0131lmak, e\u015fle\u015ftirilmek ve \u00fcst \u00fcste giyilmek \u00fczere tasarlanan bu set, sonsuz stil olanaklar\u0131 sunuyor: Maksimum etki i\u00e7in hayvan desenli par\u00e7alar\u0131 birlikte giyin, kontrast yaratmak i\u00e7in deri bir bilekli\u011fi metal bir bileklikle birlikte kullan\u0131n veya sade ve \u00e7a\u011fda\u015f bir g\u00f6r\u00fcn\u00fcm i\u00e7in metal bileklikleri tek ba\u015f\u0131na tak\u0131n.<\/p>\n<p class=\"ds-markdown-paragraph\">\u0130ster g\u00fcnl\u00fck kot pantolon ve ti\u015f\u00f6rt, ister k\u00fc\u00e7\u00fck siyah elbise olsun, her k\u0131yafete an\u0131nda ki\u015filik katmak i\u00e7in m\u00fckemmel. Dokular ve trendlerle oynamay\u0131 seven, modaya y\u00f6n veren kad\u0131nlar i\u00e7in olmazsa olmaz bir aksesuar seti.<\/p>","protected":false},"excerpt":{"rendered":"<p>Create bold, layered looks with the Leopard Print &amp; Metal Cuff Bracelet Set. This versatile 4-piece collection includes\u00a0two statement leopard print PU leather cuffs\u00a0for a touch of wild, textured flair, and\u00a0two sleek, minimalist metal cuff bracelets\u00a0in a complementary finish for modern edge. Designed to be mixed, matched, and\u00a0stacked, the set allows for endless styling possibilities\u2014wear [&hellip;]<\/p>","protected":false},"featured_media":32266,"comment_status":"open","ping_status":"closed","template":"","meta":{"_monsterinsights_skip_tracking":false,"_monsterinsights_sitenote_active":false,"_monsterinsights_sitenote_note":"","_monsterinsights_sitenote_category":0},"product_brand":[],"product_cat":[15,130,114],"product_tag":[],"class_list":{"0":"post-32242","1":"product","2":"type-product","3":"status-publish","4":"has-post-thumbnail","6":"product_cat-uncategorized","7":"product_cat-jewelary-and-accessorues","8":"product_cat-jewelry-and-accessories","10":"first","11":"instock","12":"shipping-taxable","13":"purchasable","14":"product-type-simple"},"aioseo_notices":[],"_links":{"self":[{"href":"https:\/\/xn--kbrsglobalstore-7kcc.com\/tr\/wp-json\/wp\/v2\/product\/32242","targetHints":{"allow":["GET"]}}],"collection":[{"href":"https:\/\/xn--kbrsglobalstore-7kcc.com\/tr\/wp-json\/wp\/v2\/product"}],"about":[{"href":"https:\/\/xn--kbrsglobalstore-7kcc.com\/tr\/wp-json\/wp\/v2\/types\/product"}],"replies":[{"embeddable":true,"href":"https:\/\/xn--kbrsglobalstore-7kcc.com\/tr\/wp-json\/wp\/v2\/comments?post=32242"}],"wp:featuredmedia":[{"embeddable":true,"href":"https:\/\/xn--kbrsglobalstore-7kcc.com\/tr\/wp-json\/wp\/v2\/media\/32266"}],"wp:attachment":[{"href":"https:\/\/xn--kbrsglobalstore-7kcc.com\/tr\/wp-json\/wp\/v2\/media?parent=32242"}],"wp:term":[{"taxonomy":"product_brand","embeddable":true,"href":"https:\/\/xn--kbrsglobalstore-7kcc.com\/tr\/wp-json\/wp\/v2\/product_brand?post=32242"},{"taxonomy":"product_cat","embeddable":true,"href":"https:\/\/xn--kbrsglobalstore-7kcc.com\/tr\/wp-json\/wp\/v2\/product_cat?post=32242"},{"taxonomy":"product_tag","embeddable":true,"href":"https:\/\/xn--kbrsglobalstore-7kcc.com\/tr\/wp-json\/wp\/v2\/product_tag?post=32242"}],"curies":[{"name":"wp","href":"https:\/\/api.w.org\/{rel}","templated":true}]}}