{"id":32241,"date":"2025-12-09T21:54:32","date_gmt":"2025-12-09T21:54:32","guid":{"rendered":"https:\/\/xn--kbrsglobalstore-7kcc.com\/?post_type=product&#038;p=32241"},"modified":"2025-12-17T20:14:03","modified_gmt":"2025-12-17T20:14:03","slug":"4pcs-women-jewelry-set-geometric-square-shapes-inlaid-with-black-rhinestones-necklace-bracelet-earrings-ring-classic-elegant-style-suitable-for-daily-wear-parties-gifts-for-loved-ones","status":"publish","type":"product","link":"https:\/\/xn--kbrsglobalstore-7kcc.com\/tr\/urun\/4pcs-women-jewelry-set-geometric-square-shapes-inlaid-with-black-rhinestones-necklace-bracelet-earrings-ring-classic-elegant-style-suitable-for-daily-wear-parties-gifts-for-loved-ones\/","title":{"rendered":"4 Par\u00e7al\u0131 Kad\u0131n Tak\u0131 Seti, Siyah Rhinestone Ta\u015flarla S\u00fcslenmi\u015f Geometrik Kare \u015eekiller, Kolye, Bileklik, K\u00fcpe, Y\u00fcz\u00fck, Klasik Zarif Stil, G\u00fcnl\u00fck Kullan\u0131m, Partiler ve Sevdikleriniz \u0130\u00e7in Uygundur"},"content":{"rendered":"<div class=\"ds-message _63c77b1\">\n<div class=\"ds-markdown\">\n<p class=\"ds-markdown-paragraph translation-block\">Bu 4 par\u00e7al\u0131 geometrik tak\u0131 setiyle \u00e7arp\u0131c\u0131 ve modern bir tarz yarat\u0131n. Koleksiyon, cesur bir geometrik kare tasar\u0131ma sahip olup, her par\u00e7a \u00f6zenle i\u015flenmi\u015f parlak siyah yapay elmaslarla s\u00fcslenmi\u015ftir ve bu ta\u015flar \u0131\u015f\u0131\u011f\u0131 koyu ve zarif bir \u0131\u015f\u0131lt\u0131yla yans\u0131t\u0131r. Set, m\u00fckemmel bir uyum i\u00e7in kolye, bileklik, k\u00fcpe ve y\u00fcz\u00fckten olu\u015fmaktad\u0131r.<\/p>\n<p class=\"ds-markdown-paragraph translation-block\">Klasik ama \u00e7a\u011fda\u015f, zarif bir stili benimseyen bu tak\u0131m, sade bir k\u0131yafeti \u015f\u0131kla\u015ft\u0131rmak i\u00e7in g\u00fcnl\u00fck kullan\u0131ma uygun oldu\u011fu kadar, partiler ve \u00f6zel ak\u015famlar i\u00e7in de yeterince g\u00f6steri\u015flidir. Uyumlu tasar\u0131m\u0131, minimum \u00e7abayla derli toplu g\u00f6r\u00fcnmenizi sa\u011flar.<\/p>\n<p class=\"ds-markdown-paragraph translation-block\">Komple bir set olarak sunulan bu \u00fcr\u00fcn, sevdikleriniz i\u00e7in sofistike ve d\u00fc\u015f\u00fcnceli bir hediye se\u00e7ene\u011fi olu\u015fturuyor. Mimari \u015fekli b\u00fcy\u00fcleyici \u0131\u015f\u0131lt\u0131yla harmanlayan bu zamans\u0131z par\u00e7a, her m\u00fccevher kutusuna yak\u0131\u015f\u0131r.<\/p>\n<\/div>\n<\/div>\n<div class=\"ds-theme\"><\/div>\n<div class=\"ds-flex _0a3d93b\">\n<div class=\"ds-flex _965abe9 _54866f7\">\n<div class=\"db183363 ds-icon-button ds-icon-button--m ds-icon-button--sizing-container\" tabindex=\"0\" role=\"button\" aria-disabled=\"false\">\n<div class=\"ds-icon-button__hover-bg\"><\/div>\n<div class=\"ds-icon\"><\/div>\n<div class=\"ds-focus-ring\"><\/div>\n<\/div>\n<div class=\"db183363 ds-icon-button ds-icon-button--m ds-icon-button--sizing-container\" tabindex=\"0\" role=\"button\" aria-disabled=\"false\">\n<div class=\"ds-icon-button__hover-bg\"><\/div>\n<div class=\"ds-icon\"><\/div>\n<div class=\"ds-focus-ring\"><\/div>\n<\/div>\n<div class=\"db183363 ds-icon-button ds-icon-button--m ds-icon-button--sizing-container\" tabindex=\"0\" role=\"button\" aria-disabled=\"false\">\n<div class=\"ds-icon-button__hover-bg\"><\/div>\n<div class=\"ds-icon\"><\/div>\n<div class=\"ds-focus-ring\"><\/div>\n<\/div>\n<div class=\"db183363 ds-icon-button ds-icon-button--m ds-icon-button--sizing-container\" tabindex=\"0\" role=\"button\" aria-disabled=\"false\">\n<div class=\"ds-icon-button__hover-bg\"><\/div>\n<div class=\"ds-icon\"><\/div>\n<div class=\"ds-focus-ring\"><\/div>\n<\/div>\n<div class=\"db183363 ds-icon-button ds-icon-button--m ds-icon-button--sizing-container\" tabindex=\"0\" role=\"button\" aria-disabled=\"false\">\n<div class=\"ds-icon-button__hover-bg\"><\/div>\n<div class=\"ds-icon\"><\/div>\n<\/div>\n<\/div>\n<\/div>","protected":false},"excerpt":{"rendered":"<p>Make a striking modern statement with this 4-Piece Geometric Jewelry Set. The collection features a bold\u00a0geometric square design, each piece meticulously\u00a0inlaid with sparkling black rhinestones\u00a0that catch the light with a dark, elegant shimmer. The set includes a\u00a0necklace, bracelet, earrings, and ring\u00a0for a perfectly coordinated look. Embracing a\u00a0classic yet contemporary elegant style, this set is versatile [&hellip;]<\/p>","protected":false},"featured_media":32262,"comment_status":"open","ping_status":"closed","template":"","meta":{"_monsterinsights_skip_tracking":false,"_monsterinsights_sitenote_active":false,"_monsterinsights_sitenote_note":"","_monsterinsights_sitenote_category":0},"product_brand":[],"product_cat":[15,130,114],"product_tag":[],"class_list":{"0":"post-32241","1":"product","2":"type-product","3":"status-publish","4":"has-post-thumbnail","6":"product_cat-uncategorized","7":"product_cat-jewelary-and-accessorues","8":"product_cat-jewelry-and-accessories","10":"first","11":"instock","12":"shipping-taxable","13":"purchasable","14":"product-type-simple"},"aioseo_notices":[],"_links":{"self":[{"href":"https:\/\/xn--kbrsglobalstore-7kcc.com\/tr\/wp-json\/wp\/v2\/product\/32241","targetHints":{"allow":["GET"]}}],"collection":[{"href":"https:\/\/xn--kbrsglobalstore-7kcc.com\/tr\/wp-json\/wp\/v2\/product"}],"about":[{"href":"https:\/\/xn--kbrsglobalstore-7kcc.com\/tr\/wp-json\/wp\/v2\/types\/product"}],"replies":[{"embeddable":true,"href":"https:\/\/xn--kbrsglobalstore-7kcc.com\/tr\/wp-json\/wp\/v2\/comments?post=32241"}],"wp:featuredmedia":[{"embeddable":true,"href":"https:\/\/xn--kbrsglobalstore-7kcc.com\/tr\/wp-json\/wp\/v2\/media\/32262"}],"wp:attachment":[{"href":"https:\/\/xn--kbrsglobalstore-7kcc.com\/tr\/wp-json\/wp\/v2\/media?parent=32241"}],"wp:term":[{"taxonomy":"product_brand","embeddable":true,"href":"https:\/\/xn--kbrsglobalstore-7kcc.com\/tr\/wp-json\/wp\/v2\/product_brand?post=32241"},{"taxonomy":"product_cat","embeddable":true,"href":"https:\/\/xn--kbrsglobalstore-7kcc.com\/tr\/wp-json\/wp\/v2\/product_cat?post=32241"},{"taxonomy":"product_tag","embeddable":true,"href":"https:\/\/xn--kbrsglobalstore-7kcc.com\/tr\/wp-json\/wp\/v2\/product_tag?post=32241"}],"curies":[{"name":"wp","href":"https:\/\/api.w.org\/{rel}","templated":true}]}}