{"id":32240,"date":"2025-12-09T21:54:18","date_gmt":"2025-12-09T21:54:18","guid":{"rendered":"https:\/\/xn--kbrsglobalstore-7kcc.com\/?post_type=product&#038;p=32240"},"modified":"2025-12-17T20:14:03","modified_gmt":"2025-12-17T20:14:03","slug":"kkcola-4pcs-set-summer-fashion-red-water-drop-zirconia-necklace-earrings-bracelet-jewelry-set-high-end-jewelry-birthday-gift-stainless-steel-accessories-for-party-mothers-day-daily-wear","status":"publish","type":"product","link":"https:\/\/xn--kbrsglobalstore-7kcc.com\/tr\/urun\/kkcola-4pcs-set-summer-fashion-red-water-drop-zirconia-necklace-earrings-bracelet-jewelry-set-high-end-jewelry-birthday-gift-stainless-steel-accessories-for-party-mothers-day-daily-wear\/","title":{"rendered":"KKCOLA 4 Par\u00e7al\u0131 Yaz Modas\u0131 K\u0131rm\u0131z\u0131 Su Damlas\u0131 Zirkon Ta\u015fl\u0131 Kolye, K\u00fcpe, Bileklik Tak\u0131 Seti, \u015e\u0131k Tak\u0131, Do\u011fum G\u00fcn\u00fc Hediyesi, Parti, Anneler G\u00fcn\u00fc ve G\u00fcnl\u00fck Kullan\u0131m \u0130\u00e7in Paslanmaz \u00c7elik Aksesuarlar"},"content":{"rendered":"<div class=\"ds-message _63c77b1\">\n<div class=\"ds-markdown\">\n<p class=\"ds-markdown-paragraph translation-block\">B\u00fcy\u00fcleyici KKCOLA 4 Par\u00e7al\u0131 K\u0131rm\u0131z\u0131 Su Damlas\u0131 Zirkonya Tak\u0131 Seti ile tarz\u0131n\u0131za \u0131\u015f\u0131lt\u0131 kat\u0131n. Bu \u00e7arp\u0131c\u0131 koleksiyon, l\u00fcks bir <strong>koyu k\u0131rm\u0131z\u0131 su damlas\u0131 \u015feklinde zirkonya<\/strong>y\u0131 merkez par\u00e7as\u0131 olarak sergiliyor ve uyumlu <strong>kolye, k\u00fcpe ve bileklik<\/strong> ile zarif bir \u015fekilde birle\u015ftirilerek m\u00fckemmel bir uyum ve y\u00fcksek etki yarat\u0131yor.<\/p>\n<p class=\"ds-markdown-paragraph translation-block\">Hipoalerjenik paslanmaz \u00e7elikten \u00fcretilmi\u015f ve parlak bir y\u00fczeye sahip olan set, hem dayan\u0131kl\u0131l\u0131k hem de \u00fcst d\u00fczey bir estetik sunuyor. Canl\u0131 k\u0131rm\u0131z\u0131 ta\u015flar, cesur bir ihti\u015fam dokunu\u015fu ekleyerek, partiler, \u00f6zel g\u00fcnler veya g\u00fcnl\u00fck kullan\u0131m i\u00e7in g\u00f6z al\u0131c\u0131 bir par\u00e7a olarak ideal hale getiriyor.<\/p>\n<p class=\"ds-markdown-paragraph translation-block\">Zarif ve d\u00fc\u015f\u00fcnceli bir <strong>do\u011fum g\u00fcn\u00fc veya Anneler G\u00fcn\u00fc hediyesi<\/strong> olan bu set, kal\u0131c\u0131 bir izlenim b\u0131rakmak \u00fczere tasarland\u0131. Bir aksesuardan daha fazlas\u0131; kendinden emin, ate\u015fli bir zarafetin ifadesi.<\/p>\n<\/div>\n<\/div>\n<div class=\"ds-theme\"><\/div>\n<div class=\"ds-flex _0a3d93b\">\n<div class=\"ds-flex _965abe9 _54866f7\">\n<div class=\"db183363 ds-icon-button ds-icon-button--m ds-icon-button--sizing-container\" tabindex=\"0\" role=\"button\" aria-disabled=\"false\">\n<div class=\"ds-icon-button__hover-bg\"><\/div>\n<div class=\"ds-icon\"><\/div>\n<div class=\"ds-focus-ring\"><\/div>\n<\/div>\n<div class=\"db183363 ds-icon-button ds-icon-button--m ds-icon-button--sizing-container\" tabindex=\"0\" role=\"button\" aria-disabled=\"false\">\n<div class=\"ds-icon-button__hover-bg\"><\/div>\n<div class=\"ds-icon\"><\/div>\n<div class=\"ds-focus-ring\"><\/div>\n<\/div>\n<div class=\"db183363 ds-icon-button ds-icon-button--m ds-icon-button--sizing-container\" tabindex=\"0\" role=\"button\" aria-disabled=\"false\">\n<div class=\"ds-icon-button__hover-bg\"><\/div>\n<div class=\"ds-icon\"><\/div>\n<div class=\"ds-focus-ring\"><\/div>\n<\/div>\n<div class=\"db183363 ds-icon-button ds-icon-button--m ds-icon-button--sizing-container\" tabindex=\"0\" role=\"button\" aria-disabled=\"false\">\n<div class=\"ds-icon-button__hover-bg\"><\/div>\n<div class=\"ds-icon\"><\/div>\n<div class=\"ds-focus-ring\"><\/div>\n<\/div>\n<div class=\"db183363 ds-icon-button ds-icon-button--m ds-icon-button--sizing-container\" tabindex=\"0\" role=\"button\" aria-disabled=\"false\">\n<div class=\"ds-icon-button__hover-bg\"><\/div>\n<div class=\"ds-icon\"><\/div>\n<\/div>\n<\/div>\n<\/div>","protected":false},"excerpt":{"rendered":"<p>Ignite your style with the captivating KKCOLA 4-Piece Red Water Drop Zirconia Jewelry Set. This stunning collection features a luxurious\u00a0deep red water drop-shaped zirconia\u00a0as its centerpiece, elegantly set across a matching\u00a0necklace, earrings, and bracelet\u00a0for a perfectly coordinated, high-impact look. Crafted from\u00a0hypoallergenic stainless steel\u00a0with a brilliant finish, the set offers both durability and a\u00a0high-end aesthetic. The [&hellip;]<\/p>","protected":false},"featured_media":32258,"comment_status":"open","ping_status":"closed","template":"","meta":{"_monsterinsights_skip_tracking":false,"_monsterinsights_sitenote_active":false,"_monsterinsights_sitenote_note":"","_monsterinsights_sitenote_category":0},"product_brand":[],"product_cat":[15,130,114],"product_tag":[],"class_list":{"0":"post-32240","1":"product","2":"type-product","3":"status-publish","4":"has-post-thumbnail","6":"product_cat-uncategorized","7":"product_cat-jewelary-and-accessorues","8":"product_cat-jewelry-and-accessories","10":"first","11":"instock","12":"shipping-taxable","13":"purchasable","14":"product-type-simple"},"aioseo_notices":[],"_links":{"self":[{"href":"https:\/\/xn--kbrsglobalstore-7kcc.com\/tr\/wp-json\/wp\/v2\/product\/32240","targetHints":{"allow":["GET"]}}],"collection":[{"href":"https:\/\/xn--kbrsglobalstore-7kcc.com\/tr\/wp-json\/wp\/v2\/product"}],"about":[{"href":"https:\/\/xn--kbrsglobalstore-7kcc.com\/tr\/wp-json\/wp\/v2\/types\/product"}],"replies":[{"embeddable":true,"href":"https:\/\/xn--kbrsglobalstore-7kcc.com\/tr\/wp-json\/wp\/v2\/comments?post=32240"}],"wp:featuredmedia":[{"embeddable":true,"href":"https:\/\/xn--kbrsglobalstore-7kcc.com\/tr\/wp-json\/wp\/v2\/media\/32258"}],"wp:attachment":[{"href":"https:\/\/xn--kbrsglobalstore-7kcc.com\/tr\/wp-json\/wp\/v2\/media?parent=32240"}],"wp:term":[{"taxonomy":"product_brand","embeddable":true,"href":"https:\/\/xn--kbrsglobalstore-7kcc.com\/tr\/wp-json\/wp\/v2\/product_brand?post=32240"},{"taxonomy":"product_cat","embeddable":true,"href":"https:\/\/xn--kbrsglobalstore-7kcc.com\/tr\/wp-json\/wp\/v2\/product_cat?post=32240"},{"taxonomy":"product_tag","embeddable":true,"href":"https:\/\/xn--kbrsglobalstore-7kcc.com\/tr\/wp-json\/wp\/v2\/product_tag?post=32240"}],"curies":[{"name":"wp","href":"https:\/\/api.w.org\/{rel}","templated":true}]}}