{"id":32239,"date":"2025-12-09T21:54:04","date_gmt":"2025-12-09T21:54:04","guid":{"rendered":"https:\/\/xn--kbrsglobalstore-7kcc.com\/?post_type=product&#038;p=32239"},"modified":"2025-12-17T20:14:03","modified_gmt":"2025-12-17T20:14:03","slug":"4-pieces-rhinestone-jewelry-set-bling-necklace-earrings-bracelets-set-for-women-evening-clutch-bag-bridal-wedding-sparkling-v-shaped-flap-envelope-clutch-for-women-prom-with-detachable-metal-chain-for","status":"publish","type":"product","link":"https:\/\/xn--kbrsglobalstore-7kcc.com\/tr\/urun\/4-pieces-rhinestone-jewelry-set-bling-necklace-earrings-bracelets-set-for-women-evening-clutch-bag-bridal-wedding-sparkling-v-shaped-flap-envelope-clutch-for-women-prom-with-detachable-metal-chain-for\/","title":{"rendered":"4 Par\u00e7a Ta\u015fl\u0131 Tak\u0131 Seti: Parlak Kolye, K\u00fcpe ve Bileklik Seti Kad\u0131nlar \u0130\u00e7in"},"content":{"rendered":"<div class=\"ds-message _63c77b1\">\n<div class=\"ds-markdown\">\n<p class=\"ds-markdown-paragraph translation-block\">D\u00f6rt par\u00e7al\u0131, g\u00f6z kama\u015ft\u0131r\u0131c\u0131 bir \u015f\u0131kl\u0131kla gelin ve Rhinestone tak\u0131 seti ile \u0131\u015f\u0131lt\u0131l\u0131 bir \u00e7antay\u0131 tamamlay\u0131n. Bu l\u00fcks set, parlak rhinestonelarla s\u00fcslenmi\u015f V \u015feklinde bir kolye, k\u00fcpeler ve bilekliklerden olu\u015fan eksiksiz bir <strong>\u0131\u015f\u0131lt\u0131l\u0131 tak\u0131 seti<\/strong> ile uyumlu <strong>\u0131\u015f\u0131lt\u0131l\u0131 V \u015feklinde kapakl\u0131 zarf tipi bir \u00e7anta<\/strong> bir araya getiriyor.<\/p>\n<p class=\"ds-markdown-paragraph translation-block\">Par\u0131ldayan yapay elmaslarla kapl\u0131 ve \u00e7\u0131kar\u0131labilir metal zincir ask\u0131s\u0131yla donat\u0131lm\u0131\u015f bu el \u00e7antas\u0131, saniyeler i\u00e7inde zarif bir el \u00e7antas\u0131ndan \u015f\u0131k bir omuz \u00e7antas\u0131na d\u00f6n\u00fc\u015febiliyor. Gelin, nedimeler veya herhangi bir misafir i\u00e7in m\u00fckemmel olan bu \u00e7anta, d\u00fc\u011f\u00fcnler, mezuniyet balolar\u0131, ziyafetler ve kokteyl partileri i\u00e7in tasarlanm\u0131\u015ft\u0131r.<\/p>\n<p class=\"ds-markdown-paragraph\">Bu uyumlu set, sadece aksesuar olmaktan \u00f6te, her t\u00fcrl\u00fc resmi davet i\u00e7in en \u00fcst d\u00fczey tarz\u0131n\u0131z\u0131 yans\u0131tacak. Tak\u0131lar\u0131n\u0131zdan \u00e7antan\u0131za kadar her detay\u0131n m\u00fckemmel bir uyum i\u00e7inde parlamas\u0131n\u0131 sa\u011flar. Ba\u015ftan sona ger\u00e7ek bir g\u00f6z kama\u015ft\u0131r\u0131c\u0131.<\/p>\n<\/div>\n<\/div>\n<div class=\"ds-theme\"><\/div>\n<div class=\"ds-flex _0a3d93b\">\n<div class=\"ds-flex _965abe9 _54866f7\">\n<div class=\"db183363 ds-icon-button ds-icon-button--m ds-icon-button--sizing-container\" tabindex=\"0\" role=\"button\" aria-disabled=\"false\">\n<div class=\"ds-icon-button__hover-bg\"><\/div>\n<div class=\"ds-icon\"><\/div>\n<div class=\"ds-focus-ring\"><\/div>\n<\/div>\n<div class=\"db183363 ds-icon-button ds-icon-button--m ds-icon-button--sizing-container\" tabindex=\"0\" role=\"button\" aria-disabled=\"false\">\n<div class=\"ds-icon-button__hover-bg\"><\/div>\n<div class=\"ds-icon\"><\/div>\n<div class=\"ds-focus-ring\"><\/div>\n<\/div>\n<div class=\"db183363 ds-icon-button ds-icon-button--m ds-icon-button--sizing-container\" tabindex=\"0\" role=\"button\" aria-disabled=\"false\">\n<div class=\"ds-icon-button__hover-bg\"><\/div>\n<div class=\"ds-icon\"><\/div>\n<div class=\"ds-focus-ring\"><\/div>\n<\/div>\n<div class=\"db183363 ds-icon-button ds-icon-button--m ds-icon-button--sizing-container\" tabindex=\"0\" role=\"button\" aria-disabled=\"false\">\n<div class=\"ds-icon-button__hover-bg\"><\/div>\n<div class=\"ds-icon\"><\/div>\n<div class=\"ds-focus-ring\"><\/div>\n<\/div>\n<div class=\"db183363 ds-icon-button ds-icon-button--m ds-icon-button--sizing-container\" tabindex=\"0\" role=\"button\" aria-disabled=\"false\">\n<div class=\"ds-icon-button__hover-bg\"><\/div>\n<div class=\"ds-icon\"><\/div>\n<\/div>\n<\/div>\n<\/div>","protected":false},"excerpt":{"rendered":"<p>Arrive in full, dazzling glamour with the complete 4-Piece Rhinestone Jewelry &amp; Sparkling Clutch Set. This luxurious ensemble pairs a full\u00a0bling jewelry set\u2014featuring a V-shaped necklace, earrings, and bracelets adorned with brilliant rhinestones\u2014with a matching\u00a0sparkling V-shaped flap envelope clutch. The clutch is a masterpiece itself, covered in\u00a0glittering rhinestones\u00a0and equipped with a\u00a0detachable metal chain strap, transforming [&hellip;]<\/p>","protected":false},"featured_media":32253,"comment_status":"open","ping_status":"closed","template":"","meta":{"_monsterinsights_skip_tracking":false,"_monsterinsights_sitenote_active":false,"_monsterinsights_sitenote_note":"","_monsterinsights_sitenote_category":0},"product_brand":[],"product_cat":[15,130,114],"product_tag":[],"class_list":{"0":"post-32239","1":"product","2":"type-product","3":"status-publish","4":"has-post-thumbnail","6":"product_cat-uncategorized","7":"product_cat-jewelary-and-accessorues","8":"product_cat-jewelry-and-accessories","10":"first","11":"instock","12":"shipping-taxable","13":"purchasable","14":"product-type-simple"},"aioseo_notices":[],"_links":{"self":[{"href":"https:\/\/xn--kbrsglobalstore-7kcc.com\/tr\/wp-json\/wp\/v2\/product\/32239","targetHints":{"allow":["GET"]}}],"collection":[{"href":"https:\/\/xn--kbrsglobalstore-7kcc.com\/tr\/wp-json\/wp\/v2\/product"}],"about":[{"href":"https:\/\/xn--kbrsglobalstore-7kcc.com\/tr\/wp-json\/wp\/v2\/types\/product"}],"replies":[{"embeddable":true,"href":"https:\/\/xn--kbrsglobalstore-7kcc.com\/tr\/wp-json\/wp\/v2\/comments?post=32239"}],"wp:featuredmedia":[{"embeddable":true,"href":"https:\/\/xn--kbrsglobalstore-7kcc.com\/tr\/wp-json\/wp\/v2\/media\/32253"}],"wp:attachment":[{"href":"https:\/\/xn--kbrsglobalstore-7kcc.com\/tr\/wp-json\/wp\/v2\/media?parent=32239"}],"wp:term":[{"taxonomy":"product_brand","embeddable":true,"href":"https:\/\/xn--kbrsglobalstore-7kcc.com\/tr\/wp-json\/wp\/v2\/product_brand?post=32239"},{"taxonomy":"product_cat","embeddable":true,"href":"https:\/\/xn--kbrsglobalstore-7kcc.com\/tr\/wp-json\/wp\/v2\/product_cat?post=32239"},{"taxonomy":"product_tag","embeddable":true,"href":"https:\/\/xn--kbrsglobalstore-7kcc.com\/tr\/wp-json\/wp\/v2\/product_tag?post=32239"}],"curies":[{"name":"wp","href":"https:\/\/api.w.org\/{rel}","templated":true}]}}