{"id":32238,"date":"2025-12-09T21:53:48","date_gmt":"2025-12-09T21:53:48","guid":{"rendered":"https:\/\/xn--kbrsglobalstore-7kcc.com\/?post_type=product&#038;p=32238"},"modified":"2025-12-17T20:14:03","modified_gmt":"2025-12-17T20:14:03","slug":"1pc-handmade-white-5-petal-flower-pendant-necklace-1-pair-earrings-1-ring-1-bracelet-1-bangle-jewelry-set-for-women","status":"publish","type":"product","link":"https:\/\/xn--kbrsglobalstore-7kcc.com\/tr\/urun\/1pc-handmade-white-5-petal-flower-pendant-necklace-1-pair-earrings-1-ring-1-bracelet-1-bangle-jewelry-set-for-women\/","title":{"rendered":"1 adet El Yap\u0131m\u0131 Beyaz 5 Yaprakl\u0131 \u00c7i\u00e7ek Kolye, 1 \u00c7ift K\u00fcpe, 1 Y\u00fcz\u00fck, 1 Bileklik, 1 Bilezikten Olu\u015fan Kad\u0131n Tak\u0131 Seti"},"content":{"rendered":"<div class=\"ds-message _63c77b1\">\n<div class=\"ds-markdown\">\n<p class=\"ds-markdown-paragraph translation-block\">El yap\u0131m\u0131 5 yaprakl\u0131 \u00e7i\u00e7ek tak\u0131 seti ile zarif, el i\u015f\u00e7ili\u011fi g\u00fczelli\u011fini kucaklay\u0131n. Bu eksiksiz koleksiyon, kusursuz beyaz bir kaplamada titizlikle i\u015flenmi\u015f b\u00fcy\u00fcleyici be\u015f yaprakl\u0131 \u00e7i\u00e7ek motifine sahiptir ve uyumlu kolye ucu, k\u00fcpe, y\u00fcz\u00fck, bileklik ve bilezikten olu\u015fmaktad\u0131r.<\/p>\n<p class=\"ds-markdown-paragraph\">Her bir par\u00e7a, \u00f6zenli el i\u015f\u00e7ili\u011fini yans\u0131tarak, hem zamans\u0131z hem de taze, uyumlu ve feminen bir g\u00f6r\u00fcn\u00fcm ortaya koyuyor. Zarif \u00e7i\u00e7ek deseni, \u00e7ok y\u00f6nl\u00fc bir \u015f\u0131kl\u0131k sunarak, g\u00fcnl\u00fck kullan\u0131m, \u00f6zel g\u00fcnler veya ki\u015fisel bir dokunu\u015f ta\u015f\u0131yan d\u00fc\u015f\u00fcnceli bir hediye olarak uygun hale getiriyor.<\/p>\n<p class=\"ds-markdown-paragraph\">Detaylara ve incelikli zarafete \u00f6nem veren kad\u0131nlar i\u00e7in m\u00fckemmel bir kombinasyon. Botanik bir g\u00f6r\u00fcn\u00fcm i\u00e7in par\u00e7alar\u0131 birlikte, el yap\u0131m\u0131 bir dokunu\u015fla herhangi bir k\u0131yafeti tamamlamak i\u00e7in ise ayr\u0131 ayr\u0131 giyebilirsiniz.<\/p>\n<\/div>\n<\/div>\n<div class=\"ds-theme\"><\/div>\n<div class=\"ds-flex _0a3d93b\">\n<div class=\"ds-flex _965abe9 _54866f7\">\n<div class=\"db183363 ds-icon-button ds-icon-button--m ds-icon-button--sizing-container\" tabindex=\"0\" role=\"button\" aria-disabled=\"false\">\n<div class=\"ds-icon-button__hover-bg\"><\/div>\n<div class=\"ds-icon\"><\/div>\n<div class=\"ds-focus-ring\"><\/div>\n<\/div>\n<div class=\"db183363 ds-icon-button ds-icon-button--m ds-icon-button--sizing-container\" tabindex=\"0\" role=\"button\" aria-disabled=\"false\">\n<div class=\"ds-icon-button__hover-bg\"><\/div>\n<div class=\"ds-icon\"><\/div>\n<div class=\"ds-focus-ring\"><\/div>\n<\/div>\n<div class=\"db183363 ds-icon-button ds-icon-button--m ds-icon-button--sizing-container\" tabindex=\"0\" role=\"button\" aria-disabled=\"false\">\n<div class=\"ds-icon-button__hover-bg\"><\/div>\n<div class=\"ds-icon\"><\/div>\n<div class=\"ds-focus-ring\"><\/div>\n<\/div>\n<div class=\"db183363 ds-icon-button ds-icon-button--m ds-icon-button--sizing-container\" tabindex=\"0\" role=\"button\" aria-disabled=\"false\">\n<div class=\"ds-icon-button__hover-bg\"><\/div>\n<div class=\"ds-icon\"><\/div>\n<div class=\"ds-focus-ring\"><\/div>\n<\/div>\n<div class=\"db183363 ds-icon-button ds-icon-button--m ds-icon-button--sizing-container\" tabindex=\"0\" role=\"button\" aria-disabled=\"false\">\n<div class=\"ds-icon-button__hover-bg\"><\/div>\n<div class=\"ds-icon\"><\/div>\n<\/div>\n<\/div>\n<\/div>","protected":false},"excerpt":{"rendered":"<p>Embrace delicate, handcrafted beauty with the Handmade 5-Petal Flower Jewelry Set. This complete collection features a charming\u00a0five-petal flower motif\u00a0meticulously crafted in a pristine\u00a0white finish, appearing across a coordinating\u00a0necklace with pendant, earrings, ring, bracelet, and bangle. Each piece reflects artisanal care, resulting in a cohesive, feminine look that\u2019s both timeless and fresh. The subtle floral design [&hellip;]<\/p>","protected":false},"featured_media":32248,"comment_status":"open","ping_status":"closed","template":"","meta":{"_monsterinsights_skip_tracking":false,"_monsterinsights_sitenote_active":false,"_monsterinsights_sitenote_note":"","_monsterinsights_sitenote_category":0},"product_brand":[],"product_cat":[15,130,114],"product_tag":[],"class_list":{"0":"post-32238","1":"product","2":"type-product","3":"status-publish","4":"has-post-thumbnail","6":"product_cat-uncategorized","7":"product_cat-jewelary-and-accessorues","8":"product_cat-jewelry-and-accessories","10":"first","11":"instock","12":"shipping-taxable","13":"purchasable","14":"product-type-simple"},"aioseo_notices":[],"_links":{"self":[{"href":"https:\/\/xn--kbrsglobalstore-7kcc.com\/tr\/wp-json\/wp\/v2\/product\/32238","targetHints":{"allow":["GET"]}}],"collection":[{"href":"https:\/\/xn--kbrsglobalstore-7kcc.com\/tr\/wp-json\/wp\/v2\/product"}],"about":[{"href":"https:\/\/xn--kbrsglobalstore-7kcc.com\/tr\/wp-json\/wp\/v2\/types\/product"}],"replies":[{"embeddable":true,"href":"https:\/\/xn--kbrsglobalstore-7kcc.com\/tr\/wp-json\/wp\/v2\/comments?post=32238"}],"wp:featuredmedia":[{"embeddable":true,"href":"https:\/\/xn--kbrsglobalstore-7kcc.com\/tr\/wp-json\/wp\/v2\/media\/32248"}],"wp:attachment":[{"href":"https:\/\/xn--kbrsglobalstore-7kcc.com\/tr\/wp-json\/wp\/v2\/media?parent=32238"}],"wp:term":[{"taxonomy":"product_brand","embeddable":true,"href":"https:\/\/xn--kbrsglobalstore-7kcc.com\/tr\/wp-json\/wp\/v2\/product_brand?post=32238"},{"taxonomy":"product_cat","embeddable":true,"href":"https:\/\/xn--kbrsglobalstore-7kcc.com\/tr\/wp-json\/wp\/v2\/product_cat?post=32238"},{"taxonomy":"product_tag","embeddable":true,"href":"https:\/\/xn--kbrsglobalstore-7kcc.com\/tr\/wp-json\/wp\/v2\/product_tag?post=32238"}],"curies":[{"name":"wp","href":"https:\/\/api.w.org\/{rel}","templated":true}]}}