{"id":32219,"date":"2025-12-08T21:16:52","date_gmt":"2025-12-08T21:16:52","guid":{"rendered":"https:\/\/xn--kbrsglobalstore-7kcc.com\/?post_type=product&#038;p=32219"},"modified":"2025-12-17T20:24:54","modified_gmt":"2025-12-17T20:24:54","slug":"a-new-fall-and-winter-fashion-letter-print-large-capacity-tote-bag-zipper-opening-lightweight-minimalist-hardware-pendant-shoulder-bag-suitable-for-womens-daily-life-casual-commuting-work-and","status":"publish","type":"product","link":"https:\/\/xn--kbrsglobalstore-7kcc.com\/tr\/urun\/a-new-fall-and-winter-fashion-letter-print-large-capacity-tote-bag-zipper-opening-lightweight-minimalist-hardware-pendant-shoulder-bag-suitable-for-womens-daily-life-casual-commuting-work-and\/","title":{"rendered":"Yeni Sonbahar ve K\u0131\u015f Modas\u0131 Harf Bask\u0131l\u0131, B\u00fcy\u00fck Kapasiteli Al\u0131\u015fveri\u015f \u00c7antas\u0131"},"content":{"rendered":"<div class=\"dad65929\">\n<div class=\"_4f9bf79 d7dc56a8 _43c05b5\">\n<div class=\"ds-message _63c77b1\">\n<div class=\"ds-markdown\">\n<p class=\"ds-markdown-paragraph translation-block\">Sonbahar\/K\u0131\u015f Harf Bask\u0131l\u0131 Tote \u00c7anta ile stil ve kullan\u0131\u015fl\u0131l\u0131\u011f\u0131 zahmetsizce birle\u015ftirin. Bu geni\u015f \u00e7anta, dayan\u0131kl\u0131 kuma\u015f \u00fczerine cesur, her yeri kaplayan harf bask\u0131s\u0131na sahiptir ve g\u00fcnl\u00fck ihtiya\u00e7lar\u0131n\u0131z\u0131, i\u015f belgelerinizi veya \u00f6\u011frenci kitaplar\u0131n\u0131z\u0131 ta\u015f\u0131mak i\u00e7in ideal olan geni\u015f, a\u00e7\u0131k bir i\u00e7 hacim sunar; t\u00fcm bunlar kullan\u0131\u015fl\u0131 bir \u00fcst fermuar kapatma sistemiyle g\u00fcvence alt\u0131na al\u0131nm\u0131\u015ft\u0131r.<\/p>\n<p class=\"ds-markdown-paragraph translation-block\">Hafif ve minimalist bir sil\u00fcetle tasarlanan bu \u00e7anta, \u00e7ok y\u00f6nl\u00fc ta\u015f\u0131ma se\u00e7enekleri i\u00e7in rahat \u00fcst tutma saplar\u0131na ve \u00e7\u0131kar\u0131labilir metal ask\u0131l\u0131 omuz ask\u0131s\u0131na sahiptir. \u015e\u0131k tasar\u0131m\u0131, g\u00fcnl\u00fck hayattan profesyonel i\u015fe gidip gelmeye ve \u00f6\u011frenci kullan\u0131m\u0131na kadar sorunsuz bir ge\u00e7i\u015f sa\u011flar.<\/p>\n<p class=\"ds-markdown-paragraph translation-block\">Hafif ve minimalist bir sil\u00fcetle tasarlanm\u0131\u015f bu \u00e7anta, \u00e7ok y\u00f6nl\u00fc ta\u015f\u0131ma se\u00e7enekleri i\u00e7in rahat \u00fcst tutma saplar\u0131na ve metal ask\u0131l\u0131 omuz ask\u0131s\u0131na sahiptir. \u015e\u0131k tasar\u0131m, g\u00fcnl\u00fck hayattan profesyonel i\u015fe gidi\u015f-d\u00f6n\u00fc\u015f ve \u00f6\u011frenci kullan\u0131m\u0131 kadar sorunsuz bir ge\u00e7i\u015f sa\u011flar.<\/p>\n<\/div>\n<\/div>\n<div class=\"ds-theme\"><\/div>\n<div class=\"ds-flex _0a3d93b\">\n<div class=\"ds-flex _965abe9 _54866f7\">\n<div class=\"db183363 ds-icon-button ds-icon-button--m ds-icon-button--sizing-container\" tabindex=\"0\" role=\"button\" aria-disabled=\"false\">\n<div class=\"ds-icon-button__hover-bg\"><\/div>\n<div class=\"ds-icon\"><\/div>\n<div class=\"ds-focus-ring\"><\/div>\n<\/div>\n<div class=\"db183363 ds-icon-button ds-icon-button--m ds-icon-button--sizing-container\" tabindex=\"0\" role=\"button\" aria-disabled=\"false\">\n<div class=\"ds-icon-button__hover-bg\"><\/div>\n<div class=\"ds-icon\"><\/div>\n<div class=\"ds-focus-ring\"><\/div>\n<\/div>\n<div class=\"db183363 ds-icon-button ds-icon-button--m ds-icon-button--sizing-container\" tabindex=\"0\" role=\"button\" aria-disabled=\"false\">\n<div class=\"ds-icon-button__hover-bg\"><\/div>\n<div class=\"ds-icon\"><\/div>\n<div class=\"ds-focus-ring\"><\/div>\n<\/div>\n<div class=\"db183363 ds-icon-button ds-icon-button--m ds-icon-button--sizing-container\" tabindex=\"0\" role=\"button\" aria-disabled=\"false\">\n<div class=\"ds-icon-button__hover-bg\"><\/div>\n<div class=\"ds-icon\"><\/div>\n<div class=\"ds-focus-ring\"><\/div>\n<\/div>\n<div class=\"db183363 ds-icon-button ds-icon-button--m ds-icon-button--sizing-container\" tabindex=\"0\" role=\"button\" aria-disabled=\"false\">\n<div class=\"ds-icon-button__hover-bg\"><\/div>\n<div class=\"ds-icon\"><\/div>\n<div class=\"ds-focus-ring\"><\/div>\n<\/div>\n<\/div>\n<div><\/div>\n<\/div>\n<\/div>\n<\/div>\n<div class=\"_871cbca\">\n<div class=\"d72636e2\"><\/div>\n<div class=\"aaff8b8f\">\n<div class=\"_77cefa5 _3d616d3\">\n<div class=\"_020ab5b\">\n<div class=\"_24fad49\">\n<div class=\"ds-scroll-area__gutters\">\n<div class=\"ds-scroll-area__horizontal-gutter\"><\/div>\n<div class=\"ds-scroll-area__vertical-gutter\"><\/div>\n<\/div>\n<p><textarea class=\"_27c9245 ds-scroll-area d96f2d2a\" rows=\"2\" placeholder=\"Message DeepSeek\"><\/textarea><\/p>\n<div class=\"b13855df\"><\/div>\n<\/div>\n<div class=\"ec4f5d61\">\n<div class=\"bf38813a\">\n<div class=\"f02f0e25 ds-icon-button ds-icon-button--l ds-icon-button--sizing-container\" tabindex=\"0\" role=\"button\" aria-disabled=\"false\">\n<div class=\"ds-icon-button__hover-bg\"><\/div>\n<div class=\"ds-icon\"><\/div>\n<\/div>\n<\/div>\n<\/div>\n<\/div>\n<\/div>\n<\/div>\n<\/div>","protected":false},"excerpt":{"rendered":"<p>Effortlessly merge style and practicality with the Fall\/Winter Letter Print Tote Bag. This spacious bag features a\u00a0bold, all-over letter print\u00a0on durable fabric, offering a\u00a0large, open interior\u00a0ideal for carrying daily essentials, work documents, or student books, all secured by a convenient\u00a0top zipper closure. Designed with a\u00a0lightweight, minimalist silhouette, it includes comfortable top handles and a\u00a0detachable hardware [&hellip;]<\/p>","protected":false},"featured_media":32220,"comment_status":"open","ping_status":"closed","template":"","meta":{"_monsterinsights_skip_tracking":false,"_monsterinsights_sitenote_active":false,"_monsterinsights_sitenote_note":"","_monsterinsights_sitenote_category":0},"product_brand":[],"product_cat":[15,122,145],"product_tag":[],"class_list":{"0":"post-32219","1":"product","2":"type-product","3":"status-publish","4":"has-post-thumbnail","6":"product_cat-uncategorized","7":"product_cat-bags-luggages","8":"product_cat-womens-bags","10":"first","11":"instock","12":"shipping-taxable","13":"purchasable","14":"product-type-simple"},"aioseo_notices":[],"_links":{"self":[{"href":"https:\/\/xn--kbrsglobalstore-7kcc.com\/tr\/wp-json\/wp\/v2\/product\/32219","targetHints":{"allow":["GET"]}}],"collection":[{"href":"https:\/\/xn--kbrsglobalstore-7kcc.com\/tr\/wp-json\/wp\/v2\/product"}],"about":[{"href":"https:\/\/xn--kbrsglobalstore-7kcc.com\/tr\/wp-json\/wp\/v2\/types\/product"}],"replies":[{"embeddable":true,"href":"https:\/\/xn--kbrsglobalstore-7kcc.com\/tr\/wp-json\/wp\/v2\/comments?post=32219"}],"wp:featuredmedia":[{"embeddable":true,"href":"https:\/\/xn--kbrsglobalstore-7kcc.com\/tr\/wp-json\/wp\/v2\/media\/32220"}],"wp:attachment":[{"href":"https:\/\/xn--kbrsglobalstore-7kcc.com\/tr\/wp-json\/wp\/v2\/media?parent=32219"}],"wp:term":[{"taxonomy":"product_brand","embeddable":true,"href":"https:\/\/xn--kbrsglobalstore-7kcc.com\/tr\/wp-json\/wp\/v2\/product_brand?post=32219"},{"taxonomy":"product_cat","embeddable":true,"href":"https:\/\/xn--kbrsglobalstore-7kcc.com\/tr\/wp-json\/wp\/v2\/product_cat?post=32219"},{"taxonomy":"product_tag","embeddable":true,"href":"https:\/\/xn--kbrsglobalstore-7kcc.com\/tr\/wp-json\/wp\/v2\/product_tag?post=32219"}],"curies":[{"name":"wp","href":"https:\/\/api.w.org\/{rel}","templated":true}]}}