{"id":32217,"date":"2025-12-08T21:16:39","date_gmt":"2025-12-08T21:16:39","guid":{"rendered":"https:\/\/xn--kbrsglobalstore-7kcc.com\/?post_type=product&#038;p=32217"},"modified":"2025-12-17T20:24:54","modified_gmt":"2025-12-17T20:24:54","slug":"lightweightbusiness-casual-mini-solid-color-quilted-detail-flap-square-shoulder-bagplaid-design-crossbody-bag-simple-purse-with-adjustable-strap-for-teen-girls-women-college-studentsrookies-whit","status":"publish","type":"product","link":"https:\/\/xn--kbrsglobalstore-7kcc.com\/tr\/urun\/lightweightbusiness-casual-mini-solid-color-quilted-detail-flap-square-shoulder-bagplaid-design-crossbody-bag-simple-purse-with-adjustable-strap-for-teen-girls-women-college-studentsrookies-whit\/","title":{"rendered":"Hafif, \u0130\u015f ve G\u00fcnl\u00fck Kullan\u0131ma Uygun Mini D\u00fcz Renk Kapitone Detayl\u0131 Kare Omuz \u00c7antas\u0131, Ekose Desenli \u00c7apraz Ask\u0131l\u0131 \u00c7anta, Gen\u00e7 K\u0131zlar, Kad\u0131nlar, \u00dcniversite \u00d6\u011frencileri, Yeni Mezunlar ve Beyaz Yakal\u0131 \u00c7al\u0131\u015fanlar \u0130\u00e7in Ayarlanabilir Ask\u0131l\u0131 Sade \u00c7anta; Ofis, \u00dcniversite, \u0130\u015f, \u0130\u015fe Gidip Gelme, D\u0131\u015f Mekan, Seyahat, Geziler \u0130\u00e7in M\u00fckemmeldir."},"content":{"rendered":"<div class=\"ds-message _63c77b1\">\n<div class=\"ds-markdown\">\n<p class=\"ds-markdown-paragraph translation-block\">Yeni g\u00fcnl\u00fck vazge\u00e7ilmezinizle tan\u0131\u015f\u0131n: Hafif Kapitone Kare Omuz \u00c7antas\u0131. Bu \u00e7ok y\u00f6nl\u00fc \u00e7anta, sade ve d\u00fcz bir rengi zarif kapitone diki\u015f detaylar\u0131yla ve ince bir ekose desenli kapakla birle\u015ftirerek hem \u015f\u0131k hem de ilgi \u00e7ekici bir g\u00f6r\u00fcn\u00fcm yarat\u0131yor. Kompakt, yap\u0131land\u0131r\u0131lm\u0131\u015f kare \u015fekli, g\u00fcnl\u00fck ihtiya\u00e7lar\u0131n\u0131z i\u00e7in tam do\u011fru miktarda alan sunuyor.<\/p>\n<p class=\"ds-markdown-paragraph translation-block\">Ayarlanabilir ve \u00e7\u0131kar\u0131labilir \u00e7apraz ask\u0131l\u0131 kay\u0131\u015f\u0131 sayesinde, omuzda veya \u00e7apraz olarak rahat\u00e7a ta\u015f\u0131nabilir ve elleriniz serbest kal\u0131r. G\u00fcvenli kapakl\u0131 kapatma sistemi ve i\u00e7 d\u00fczenleme b\u00f6lmesi, e\u015fyalar\u0131n\u0131z\u0131 g\u00fcvenli ve d\u00fczenli tutar.<\/p>\n<p class=\"ds-markdown-paragraph translation-block\">Gen\u00e7 k\u0131zlar\u0131n, \u00fcniversite \u00f6\u011frencilerinin, yeni i\u015fe ba\u015flayanlar\u0131n ve beyaz yakal\u0131 \u00e7al\u0131\u015fanlar\u0131n dinamik ya\u015fam tarz\u0131 i\u00e7in tasarlanan bu \u00fcr\u00fcn, ofis ve i\u015f toplant\u0131lar\u0131ndan \u00fcniversite derslerine, i\u015fe gidip gelmeye ve hafta sonu gezilerine zahmetsizce ge\u00e7i\u015f yapar. Profesyonel tarz ve pratik, g\u00fcnl\u00fck i\u015flevselli\u011fin m\u00fckemmel bir kar\u0131\u015f\u0131m\u0131.<\/p>\n<\/div>\n<\/div>\n<div class=\"ds-theme\"><\/div>\n<div class=\"ds-flex _0a3d93b\">\n<div class=\"ds-flex _965abe9 _54866f7\">\n<div class=\"db183363 ds-icon-button ds-icon-button--m ds-icon-button--sizing-container\" tabindex=\"0\" role=\"button\" aria-disabled=\"false\">\n<div class=\"ds-icon-button__hover-bg\"><\/div>\n<div class=\"ds-icon\"><\/div>\n<div class=\"ds-focus-ring\"><\/div>\n<\/div>\n<div class=\"db183363 ds-icon-button ds-icon-button--m ds-icon-button--sizing-container\" tabindex=\"0\" role=\"button\" aria-disabled=\"false\">\n<div class=\"ds-icon-button__hover-bg\"><\/div>\n<div class=\"ds-icon\"><\/div>\n<div class=\"ds-focus-ring\"><\/div>\n<\/div>\n<div class=\"db183363 ds-icon-button ds-icon-button--m ds-icon-button--sizing-container\" tabindex=\"0\" role=\"button\" aria-disabled=\"false\">\n<div class=\"ds-icon-button__hover-bg\"><\/div>\n<div class=\"ds-icon\"><\/div>\n<div class=\"ds-focus-ring\"><\/div>\n<\/div>\n<div class=\"db183363 ds-icon-button ds-icon-button--m ds-icon-button--sizing-container\" tabindex=\"0\" role=\"button\" aria-disabled=\"false\">\n<div class=\"ds-icon-button__hover-bg\"><\/div>\n<div class=\"ds-icon\"><\/div>\n<div class=\"ds-focus-ring\"><\/div>\n<\/div>\n<div class=\"db183363 ds-icon-button ds-icon-button--m ds-icon-button--sizing-container\" tabindex=\"0\" role=\"button\" aria-disabled=\"false\">\n<div class=\"ds-icon-button__hover-bg\"><\/div>\n<div class=\"ds-icon\"><\/div>\n<\/div>\n<\/div>\n<\/div>","protected":false},"excerpt":{"rendered":"<p>Meet your new everyday essential: the Lightweight Quilted Square Shoulder Bag. This versatile bag combines a\u00a0clean, solid color\u00a0with elegant\u00a0quilted stitching detail\u00a0and a subtle\u00a0plaid-patterned flap, creating a look that&#8217;s both polished and interesting. Its compact,\u00a0structured square shape\u00a0offers just the right amount of space for daily necessities. Equipped with an\u00a0adjustable, detachable crossbody strap, it can be worn [&hellip;]<\/p>","protected":false},"featured_media":32214,"comment_status":"open","ping_status":"closed","template":"","meta":{"_monsterinsights_skip_tracking":false,"_monsterinsights_sitenote_active":false,"_monsterinsights_sitenote_note":"","_monsterinsights_sitenote_category":0},"product_brand":[],"product_cat":[15,122,145],"product_tag":[],"class_list":{"0":"post-32217","1":"product","2":"type-product","3":"status-publish","4":"has-post-thumbnail","6":"product_cat-uncategorized","7":"product_cat-bags-luggages","8":"product_cat-womens-bags","10":"first","11":"instock","12":"shipping-taxable","13":"purchasable","14":"product-type-simple"},"aioseo_notices":[],"_links":{"self":[{"href":"https:\/\/xn--kbrsglobalstore-7kcc.com\/tr\/wp-json\/wp\/v2\/product\/32217","targetHints":{"allow":["GET"]}}],"collection":[{"href":"https:\/\/xn--kbrsglobalstore-7kcc.com\/tr\/wp-json\/wp\/v2\/product"}],"about":[{"href":"https:\/\/xn--kbrsglobalstore-7kcc.com\/tr\/wp-json\/wp\/v2\/types\/product"}],"replies":[{"embeddable":true,"href":"https:\/\/xn--kbrsglobalstore-7kcc.com\/tr\/wp-json\/wp\/v2\/comments?post=32217"}],"wp:featuredmedia":[{"embeddable":true,"href":"https:\/\/xn--kbrsglobalstore-7kcc.com\/tr\/wp-json\/wp\/v2\/media\/32214"}],"wp:attachment":[{"href":"https:\/\/xn--kbrsglobalstore-7kcc.com\/tr\/wp-json\/wp\/v2\/media?parent=32217"}],"wp:term":[{"taxonomy":"product_brand","embeddable":true,"href":"https:\/\/xn--kbrsglobalstore-7kcc.com\/tr\/wp-json\/wp\/v2\/product_brand?post=32217"},{"taxonomy":"product_cat","embeddable":true,"href":"https:\/\/xn--kbrsglobalstore-7kcc.com\/tr\/wp-json\/wp\/v2\/product_cat?post=32217"},{"taxonomy":"product_tag","embeddable":true,"href":"https:\/\/xn--kbrsglobalstore-7kcc.com\/tr\/wp-json\/wp\/v2\/product_tag?post=32217"}],"curies":[{"name":"wp","href":"https:\/\/api.w.org\/{rel}","templated":true}]}}