{"id":32207,"date":"2025-12-08T21:11:03","date_gmt":"2025-12-08T21:11:03","guid":{"rendered":"https:\/\/xn--kbrsglobalstore-7kcc.com\/?post_type=product&#038;p=32207"},"modified":"2025-12-17T20:24:55","modified_gmt":"2025-12-17T20:24:55","slug":"belt-decor-flap-handbag-shoulder-bag","status":"publish","type":"product","link":"https:\/\/xn--kbrsglobalstore-7kcc.com\/tr\/urun\/belt-decor-flap-handbag-shoulder-bag\/","title":{"rendered":"Kemer Detayl\u0131 Kapakl\u0131 El \u00c7antas\u0131 Omuz \u00c7antas\u0131"},"content":{"rendered":"<div class=\"dad65929\">\n<div class=\"_4f9bf79 d7dc56a8 _43c05b5\">\n<div class=\"ds-message _63c77b1\">\n<div class=\"ds-markdown\">\n<p class=\"ds-markdown-paragraph translation-block\">Tarz\u0131n\u0131z\u0131 yap\u0131land\u0131r\u0131lm\u0131\u015f bir zarafetle tan\u0131mlay\u0131n. Kemer Detayl\u0131 Kapakl\u0131 El \u00c7antas\u0131, klasik tasar\u0131m\u0131 modern donan\u0131mla birle\u015ftiren iddial\u0131 bir par\u00e7ad\u0131r. En belirleyici \u00f6zelli\u011fi, \u00f6n kapa\u011f\u0131 s\u0131k\u0131\u015ft\u0131ran belirgin, ayarlanabilir kemer benzeri kay\u0131\u015f\u0131d\u0131r; bu da sil\u00fcete kullan\u0131\u015fl\u0131 bir \u015f\u0131kl\u0131k ve ki\u015fiselle\u015ftirilebilir bir detay katmaktad\u0131r.<\/p>\n<p class=\"ds-markdown-paragraph translation-block\">\u00dcst\u00fcn kaliteli malzemelerden \u00fcretilen bu \u00e7anta, geni\u015f ana b\u00f6lmesinin \u00fczerinde g\u00fcvenli bir kapakl\u0131 kapatma mekanizmas\u0131na sahiptir ve hem \u015f\u0131kl\u0131k hem de kullan\u0131\u015fl\u0131l\u0131k sunar. \u00c7\u0131kar\u0131labilir omuz ask\u0131s\u0131yla tamamlanan \u00e7anta, \u015f\u0131k elde ta\u015f\u0131ma g\u00f6r\u00fcn\u00fcm\u00fcnden rahat \u00e7apraz ask\u0131l\u0131 kullan\u0131ma kadar \u00e7ok y\u00f6nl\u00fc ta\u015f\u0131ma se\u00e7enekleri sunar.<\/p>\n<p class=\"ds-markdown-paragraph\">Herhangi bir k\u0131yafeti tamamlamak i\u00e7in m\u00fckemmel olan bu \u00e7anta, g\u00fcnd\u00fczden geceye, ofisten hafta sonu gezilerine kadar sorunsuz bir ge\u00e7i\u015f sa\u011flar. Cesur detaylar\u0131 ve zamans\u0131z tasar\u0131m\u0131 takdir edenler i\u00e7in olmazsa olmaz bir aksesuar.<\/p>\n<\/div>\n<\/div>\n<div class=\"ds-theme\"><\/div>\n<div class=\"ds-flex _0a3d93b\">\n<div class=\"ds-flex _965abe9 _54866f7\">\n<div class=\"db183363 ds-icon-button ds-icon-button--m ds-icon-button--sizing-container\" tabindex=\"0\" role=\"button\" aria-disabled=\"false\">\n<div class=\"ds-icon-button__hover-bg\"><\/div>\n<div class=\"ds-icon\"><\/div>\n<div class=\"ds-focus-ring\"><\/div>\n<\/div>\n<div class=\"db183363 ds-icon-button ds-icon-button--m ds-icon-button--sizing-container\" tabindex=\"0\" role=\"button\" aria-disabled=\"false\">\n<div class=\"ds-icon-button__hover-bg\"><\/div>\n<div class=\"ds-icon\"><\/div>\n<div class=\"ds-focus-ring\"><\/div>\n<\/div>\n<div class=\"db183363 ds-icon-button ds-icon-button--m ds-icon-button--sizing-container\" tabindex=\"0\" role=\"button\" aria-disabled=\"false\">\n<div class=\"ds-icon-button__hover-bg\"><\/div>\n<div class=\"ds-icon\"><\/div>\n<div class=\"ds-focus-ring\"><\/div>\n<\/div>\n<div class=\"db183363 ds-icon-button ds-icon-button--m ds-icon-button--sizing-container\" tabindex=\"0\" role=\"button\" aria-disabled=\"false\">\n<div class=\"ds-icon-button__hover-bg\"><\/div>\n<div class=\"ds-icon\"><\/div>\n<div class=\"ds-focus-ring\"><\/div>\n<\/div>\n<div class=\"db183363 ds-icon-button ds-icon-button--m ds-icon-button--sizing-container\" tabindex=\"0\" role=\"button\" aria-disabled=\"false\">\n<div class=\"ds-icon-button__hover-bg\"><\/div>\n<div class=\"ds-icon\"><\/div>\n<div class=\"ds-focus-ring\"><\/div>\n<\/div>\n<\/div>\n<div><\/div>\n<\/div>\n<\/div>\n<\/div>\n<div class=\"_871cbca\">\n<div class=\"d72636e2\"><\/div>\n<div class=\"aaff8b8f\">\n<div class=\"_77cefa5 _3d616d3\">\n<div class=\"_020ab5b\">\n<div class=\"_24fad49\">\n<div class=\"ds-scroll-area__gutters\">\n<div class=\"ds-scroll-area__horizontal-gutter\"><\/div>\n<div class=\"ds-scroll-area__vertical-gutter\"><\/div>\n<\/div>\n<\/div>\n<\/div>\n<\/div>\n<\/div>\n<\/div>","protected":false},"excerpt":{"rendered":"<p>Define your look with structured sophistication. The Belt Decor Flap Handbag is a statement piece that combines classic design with modern hardware. Its defining feature is a\u00a0prominent, adjustable belt-like strap\u00a0cinching the front flap, adding a touch of utilitarian chic and customizable detail to the silhouette. Crafted from premium materials, it features a\u00a0secure flap closure\u00a0over a [&hellip;]<\/p>","protected":false},"featured_media":32204,"comment_status":"open","ping_status":"closed","template":"","meta":{"_monsterinsights_skip_tracking":false,"_monsterinsights_sitenote_active":false,"_monsterinsights_sitenote_note":"","_monsterinsights_sitenote_category":0},"product_brand":[],"product_cat":[15,122,145],"product_tag":[],"class_list":{"0":"post-32207","1":"product","2":"type-product","3":"status-publish","4":"has-post-thumbnail","6":"product_cat-uncategorized","7":"product_cat-bags-luggages","8":"product_cat-womens-bags","10":"first","11":"instock","12":"shipping-taxable","13":"purchasable","14":"product-type-simple"},"aioseo_notices":[],"_links":{"self":[{"href":"https:\/\/xn--kbrsglobalstore-7kcc.com\/tr\/wp-json\/wp\/v2\/product\/32207","targetHints":{"allow":["GET"]}}],"collection":[{"href":"https:\/\/xn--kbrsglobalstore-7kcc.com\/tr\/wp-json\/wp\/v2\/product"}],"about":[{"href":"https:\/\/xn--kbrsglobalstore-7kcc.com\/tr\/wp-json\/wp\/v2\/types\/product"}],"replies":[{"embeddable":true,"href":"https:\/\/xn--kbrsglobalstore-7kcc.com\/tr\/wp-json\/wp\/v2\/comments?post=32207"}],"wp:featuredmedia":[{"embeddable":true,"href":"https:\/\/xn--kbrsglobalstore-7kcc.com\/tr\/wp-json\/wp\/v2\/media\/32204"}],"wp:attachment":[{"href":"https:\/\/xn--kbrsglobalstore-7kcc.com\/tr\/wp-json\/wp\/v2\/media?parent=32207"}],"wp:term":[{"taxonomy":"product_brand","embeddable":true,"href":"https:\/\/xn--kbrsglobalstore-7kcc.com\/tr\/wp-json\/wp\/v2\/product_brand?post=32207"},{"taxonomy":"product_cat","embeddable":true,"href":"https:\/\/xn--kbrsglobalstore-7kcc.com\/tr\/wp-json\/wp\/v2\/product_cat?post=32207"},{"taxonomy":"product_tag","embeddable":true,"href":"https:\/\/xn--kbrsglobalstore-7kcc.com\/tr\/wp-json\/wp\/v2\/product_tag?post=32207"}],"curies":[{"name":"wp","href":"https:\/\/api.w.org\/{rel}","templated":true}]}}