{"id":32174,"date":"2025-12-08T21:09:18","date_gmt":"2025-12-08T21:09:18","guid":{"rendered":"https:\/\/xn--kbrsglobalstore-7kcc.com\/?post_type=product&#038;p=32174"},"modified":"2025-12-17T20:24:55","modified_gmt":"2025-12-17T20:24:55","slug":"1-pc-pu-quilted-embroidered-tote-bag-with-scarf-decor-large-capacity-lightweight-versatile-suitable-for-commuting","status":"publish","type":"product","link":"https:\/\/xn--kbrsglobalstore-7kcc.com\/tr\/urun\/1-pc-pu-quilted-embroidered-tote-bag-with-scarf-decor-large-capacity-lightweight-versatile-suitable-for-commuting\/","title":{"rendered":"1 Adet PU Kapitone \u0130\u015flemeli Omuz \u00c7antas\u0131, \u015eal S\u00fcslemeli, Geni\u015f Kapasiteli, Hafif, \u00c7ok Y\u00f6nl\u00fc, \u0130\u015fe Gidip Gelmek \u0130\u00e7in Uygun"},"content":{"rendered":"<div class=\"dad65929\">\n<div class=\"_4f9bf79 d7dc56a8 _43c05b5\">\n<div class=\"ds-message _63c77b1\">\n<div class=\"ds-markdown\">\n<p class=\"ds-markdown-paragraph translation-block\">El i\u015f\u00e7ili\u011fiyle \u00fcretilmi\u015f bu b\u00fcy\u00fck boy \u00e7anta, yumu\u015fak kapitone PU malzemeden \u00fcretilmi\u015f ve zarif nak\u0131\u015flarla s\u00fcslenmi\u015ftir, bu da \u00e7antaya e\u015fsiz, dokulu bir detay katmaktad\u0131r. Ekli dekoratif fular ise renk katarak ki\u015fiselle\u015ftirilebilir bir hava sa\u011flar; fular\u0131 saplara ba\u011flayabilir veya ki\u015fisel bir aksesuar olarak kullanabilirsiniz.<\/p>\n<p class=\"ds-markdown-paragraph translation-block\">El i\u015f\u00e7ili\u011fiyle \u00fcretilmi\u015f bu b\u00fcy\u00fck \u00e7ocuk \u00e7anta, yumu\u015fak kapitone PU ile \u00fcretilmi\u015f ve zarif nak\u0131\u015flarla doludur, bu da \u00e7antaya \u00f6zg\u00fc, dokulu bir detay katmaktad\u0131r. Ekli dekoratif fular ise renk katarak ki\u015fisel olarak \u00e7\u00f6z\u00fclebilir bir hava sa\u011flar; fular\u0131 saplara ba\u011flayabilir veya ki\u015fisel bir aksesuar olarak kullanabilirsiniz.<\/p>\n<p class=\"ds-markdown-paragraph\">Hem kullan\u0131\u015fl\u0131l\u0131\u011f\u0131 hem de el i\u015f\u00e7ili\u011finin inceli\u011fini bir araya getiren, \u015f\u0131k ve i\u015flevsel bir tasar\u0131m par\u00e7as\u0131.<\/p>\n<\/div>\n<\/div>\n<div class=\"ds-theme\"><\/div>\n<div class=\"ds-flex _0a3d93b\">\n<div class=\"ds-flex _965abe9 _54866f7\">\n<div class=\"db183363 ds-icon-button ds-icon-button--m ds-icon-button--sizing-container\" tabindex=\"0\" role=\"button\" aria-disabled=\"false\">\n<div class=\"ds-icon-button__hover-bg\"><\/div>\n<div class=\"ds-icon\"><\/div>\n<div class=\"ds-focus-ring\"><\/div>\n<\/div>\n<div class=\"db183363 ds-icon-button ds-icon-button--m ds-icon-button--sizing-container\" tabindex=\"0\" role=\"button\" aria-disabled=\"false\">\n<div class=\"ds-icon-button__hover-bg\"><\/div>\n<div class=\"ds-icon\"><\/div>\n<div class=\"ds-focus-ring\"><\/div>\n<\/div>\n<div class=\"db183363 ds-icon-button ds-icon-button--m ds-icon-button--sizing-container\" tabindex=\"0\" role=\"button\" aria-disabled=\"false\">\n<div class=\"ds-icon-button__hover-bg\"><\/div>\n<div class=\"ds-icon\"><\/div>\n<div class=\"ds-focus-ring\"><\/div>\n<\/div>\n<div class=\"db183363 ds-icon-button ds-icon-button--m ds-icon-button--sizing-container\" tabindex=\"0\" role=\"button\" aria-disabled=\"false\">\n<div class=\"ds-icon-button__hover-bg\"><\/div>\n<div class=\"ds-icon\"><\/div>\n<div class=\"ds-focus-ring\"><\/div>\n<\/div>\n<div class=\"db183363 ds-icon-button ds-icon-button--m ds-icon-button--sizing-container\" tabindex=\"0\" role=\"button\" aria-disabled=\"false\">\n<div class=\"ds-icon-button__hover-bg\"><\/div>\n<div class=\"ds-icon\"><\/div>\n<div class=\"ds-focus-ring\"><\/div>\n<\/div>\n<\/div>\n<div><\/div>\n<\/div>\n<\/div>\n<\/div>\n<div class=\"_871cbca\">\n<div class=\"d72636e2\"><\/div>\n<div class=\"aaff8b8f\">\n<div class=\"_77cefa5 _3d616d3\">\n<div class=\"_020ab5b\">\n<div class=\"_24fad49\">\n<div class=\"ds-scroll-area__gutters\"><\/div>\n<\/div>\n<\/div>\n<\/div>\n<\/div>\n<\/div>","protected":false},"excerpt":{"rendered":"<p>Elevate your commute with a touch of artisanal charm. This Large Capacity Tote Bag is crafted from soft\u00a0quilted PU material\u00a0and adorned with delicate\u00a0embroidery, adding a unique, textured detail. The attached\u00a0decorative scarf\u00a0provides a pop of color and a customizable flair, allowing you to tie it to the handles or wear it as a personal accent. Designed [&hellip;]<\/p>","protected":false},"featured_media":32199,"comment_status":"open","ping_status":"closed","template":"","meta":{"_monsterinsights_skip_tracking":false,"_monsterinsights_sitenote_active":false,"_monsterinsights_sitenote_note":"","_monsterinsights_sitenote_category":0},"product_brand":[],"product_cat":[15,122,145],"product_tag":[],"class_list":{"0":"post-32174","1":"product","2":"type-product","3":"status-publish","4":"has-post-thumbnail","6":"product_cat-uncategorized","7":"product_cat-bags-luggages","8":"product_cat-womens-bags","10":"first","11":"instock","12":"shipping-taxable","13":"purchasable","14":"product-type-simple"},"aioseo_notices":[],"_links":{"self":[{"href":"https:\/\/xn--kbrsglobalstore-7kcc.com\/tr\/wp-json\/wp\/v2\/product\/32174","targetHints":{"allow":["GET"]}}],"collection":[{"href":"https:\/\/xn--kbrsglobalstore-7kcc.com\/tr\/wp-json\/wp\/v2\/product"}],"about":[{"href":"https:\/\/xn--kbrsglobalstore-7kcc.com\/tr\/wp-json\/wp\/v2\/types\/product"}],"replies":[{"embeddable":true,"href":"https:\/\/xn--kbrsglobalstore-7kcc.com\/tr\/wp-json\/wp\/v2\/comments?post=32174"}],"wp:featuredmedia":[{"embeddable":true,"href":"https:\/\/xn--kbrsglobalstore-7kcc.com\/tr\/wp-json\/wp\/v2\/media\/32199"}],"wp:attachment":[{"href":"https:\/\/xn--kbrsglobalstore-7kcc.com\/tr\/wp-json\/wp\/v2\/media?parent=32174"}],"wp:term":[{"taxonomy":"product_brand","embeddable":true,"href":"https:\/\/xn--kbrsglobalstore-7kcc.com\/tr\/wp-json\/wp\/v2\/product_brand?post=32174"},{"taxonomy":"product_cat","embeddable":true,"href":"https:\/\/xn--kbrsglobalstore-7kcc.com\/tr\/wp-json\/wp\/v2\/product_cat?post=32174"},{"taxonomy":"product_tag","embeddable":true,"href":"https:\/\/xn--kbrsglobalstore-7kcc.com\/tr\/wp-json\/wp\/v2\/product_tag?post=32174"}],"curies":[{"name":"wp","href":"https:\/\/api.w.org\/{rel}","templated":true}]}}