{"id":32173,"date":"2025-12-08T21:02:20","date_gmt":"2025-12-08T21:02:20","guid":{"rendered":"https:\/\/xn--kbrsglobalstore-7kcc.com\/?post_type=product&#038;p=32173"},"modified":"2025-12-17T20:24:55","modified_gmt":"2025-12-17T20:24:55","slug":"fashionable-simple-high-quality-solid-color-single-shoulder-crossbody-handbag-with-high-quality-hardware-for-women-small-square-bag","status":"publish","type":"product","link":"https:\/\/xn--kbrsglobalstore-7kcc.com\/tr\/urun\/fashionable-simple-high-quality-solid-color-single-shoulder-crossbody-handbag-with-high-quality-hardware-for-women-small-square-bag\/","title":{"rendered":"\u015e\u0131k, Sade, Y\u00fcksek Kaliteli D\u00fcz Renk Tek Omuz Ask\u0131l\u0131 \u00c7apraz \u00c7anta, Kad\u0131nlar \u0130\u00e7in Y\u00fcksek Kaliteli Donan\u0131m \u2013 K\u00fc\u00e7\u00fck Kare \u00c7anta"},"content":{"rendered":"<div class=\"ds-message _63c77b1\">\n<div class=\"ds-markdown\">\n<p class=\"ds-markdown-paragraph translation-block\">Minimalist zarafetle g\u00f6r\u00fcn\u00fcm\u00fcn\u00fcz\u00fc geli\u015ftirin. Bu \u015f\u0131k tek omuz ask\u0131l\u0131 \u00e7apraz \u00e7anta, modern stil ve pratik, kompakt boyutun m\u00fckemmel dengesini sunan, \u015f\u0131k k\u00fc\u00e7\u00fck kare sil\u00fcetinde sade, d\u00fcz renkli bir tasar\u0131ma sahiptir.<\/p>\n<p class=\"ds-markdown-paragraph translation-block\">Detaylara \u00f6zen g\u00f6sterilerek \u00fcretilen bu \u00e7anta, g\u00fcvenli bir toka ve ayarlanabilir, \u00e7\u0131kar\u0131labilir bir ask\u0131 dahil olmak \u00fczere y\u00fcksek kaliteli ve dayan\u0131kl\u0131 donan\u0131mlara sahiptir; bu sayede \u015f\u0131k bir \u015fekilde tek omuzda veya rahat bir \u00e7apraz ask\u0131l\u0131 \u00e7anta olarak kullanabilirsiniz. Yap\u0131land\u0131r\u0131lm\u0131\u015f \u015fekli, g\u00fcnl\u00fck ihtiya\u00e7lar\u0131n\u0131z\u0131 ta\u015f\u0131rken formunu korur.<\/p>\n<p class=\"ds-markdown-paragraph\">Zarafeti ve \u00e7ok y\u00f6nl\u00fcl\u00fc\u011f\u00fc \u00f6nemseyen kad\u0131nlar i\u00e7in ideal olan bu \u00e7anta, g\u00fcnd\u00fczden geceye sorunsuz bir ge\u00e7i\u015f sa\u011flar ve hem g\u00fcnl\u00fck k\u0131yafetleri hem de daha \u015f\u0131k kombinleri tamamlar. Kalite \u00f6n planda tutularak \u00fcretilmi\u015f zamans\u0131z bir aksesuar.<\/p>\n<\/div>\n<\/div>\n<div class=\"ds-theme\"><\/div>\n<div class=\"ds-flex _0a3d93b\">\n<div class=\"ds-flex _965abe9 _54866f7\">\n<div class=\"db183363 ds-icon-button ds-icon-button--m ds-icon-button--sizing-container\" tabindex=\"0\" role=\"button\" aria-disabled=\"false\">\n<div class=\"ds-icon-button__hover-bg\"><\/div>\n<div class=\"ds-icon\"><\/div>\n<div class=\"ds-focus-ring\"><\/div>\n<\/div>\n<div class=\"db183363 ds-icon-button ds-icon-button--m ds-icon-button--sizing-container\" tabindex=\"0\" role=\"button\" aria-disabled=\"false\">\n<div class=\"ds-icon-button__hover-bg\"><\/div>\n<div class=\"ds-icon\"><\/div>\n<div class=\"ds-focus-ring\"><\/div>\n<\/div>\n<div class=\"db183363 ds-icon-button ds-icon-button--m ds-icon-button--sizing-container\" tabindex=\"0\" role=\"button\" aria-disabled=\"false\">\n<div class=\"ds-icon-button__hover-bg\"><\/div>\n<div class=\"ds-icon\"><\/div>\n<div class=\"ds-focus-ring\"><\/div>\n<\/div>\n<div class=\"db183363 ds-icon-button ds-icon-button--m ds-icon-button--sizing-container\" tabindex=\"0\" role=\"button\" aria-disabled=\"false\">\n<div class=\"ds-icon-button__hover-bg\"><\/div>\n<div class=\"ds-icon\"><\/div>\n<div class=\"ds-focus-ring\"><\/div>\n<\/div>\n<div class=\"db183363 ds-icon-button ds-icon-button--m ds-icon-button--sizing-container\" tabindex=\"0\" role=\"button\" aria-disabled=\"false\">\n<div class=\"ds-icon-button__hover-bg\"><\/div>\n<div class=\"ds-icon\"><\/div>\n<\/div>\n<\/div>\n<\/div>","protected":false},"excerpt":{"rendered":"<p>Refine your look with minimalist elegance. This Fashionable Single-Shoulder Crossbody Bag features a\u00a0clean, solid color design\u00a0in a chic\u00a0small square silhouette, offering a perfect balance of modern style and practical, compact size. Crafted with attention to detail, it boasts\u00a0high-quality, durable hardware\u00a0including a secure clasp and an\u00a0adjustable, detachable strap, allowing you to wear it elegantly on one [&hellip;]<\/p>","protected":false},"featured_media":32194,"comment_status":"open","ping_status":"closed","template":"","meta":{"_monsterinsights_skip_tracking":false,"_monsterinsights_sitenote_active":false,"_monsterinsights_sitenote_note":"","_monsterinsights_sitenote_category":0},"product_brand":[],"product_cat":[15,122,145],"product_tag":[],"class_list":{"0":"post-32173","1":"product","2":"type-product","3":"status-publish","4":"has-post-thumbnail","6":"product_cat-uncategorized","7":"product_cat-bags-luggages","8":"product_cat-womens-bags","10":"first","11":"instock","12":"shipping-taxable","13":"purchasable","14":"product-type-simple"},"aioseo_notices":[],"_links":{"self":[{"href":"https:\/\/xn--kbrsglobalstore-7kcc.com\/tr\/wp-json\/wp\/v2\/product\/32173","targetHints":{"allow":["GET"]}}],"collection":[{"href":"https:\/\/xn--kbrsglobalstore-7kcc.com\/tr\/wp-json\/wp\/v2\/product"}],"about":[{"href":"https:\/\/xn--kbrsglobalstore-7kcc.com\/tr\/wp-json\/wp\/v2\/types\/product"}],"replies":[{"embeddable":true,"href":"https:\/\/xn--kbrsglobalstore-7kcc.com\/tr\/wp-json\/wp\/v2\/comments?post=32173"}],"wp:featuredmedia":[{"embeddable":true,"href":"https:\/\/xn--kbrsglobalstore-7kcc.com\/tr\/wp-json\/wp\/v2\/media\/32194"}],"wp:attachment":[{"href":"https:\/\/xn--kbrsglobalstore-7kcc.com\/tr\/wp-json\/wp\/v2\/media?parent=32173"}],"wp:term":[{"taxonomy":"product_brand","embeddable":true,"href":"https:\/\/xn--kbrsglobalstore-7kcc.com\/tr\/wp-json\/wp\/v2\/product_brand?post=32173"},{"taxonomy":"product_cat","embeddable":true,"href":"https:\/\/xn--kbrsglobalstore-7kcc.com\/tr\/wp-json\/wp\/v2\/product_cat?post=32173"},{"taxonomy":"product_tag","embeddable":true,"href":"https:\/\/xn--kbrsglobalstore-7kcc.com\/tr\/wp-json\/wp\/v2\/product_tag?post=32173"}],"curies":[{"name":"wp","href":"https:\/\/api.w.org\/{rel}","templated":true}]}}