{"id":32171,"date":"2025-12-08T21:01:08","date_gmt":"2025-12-08T21:01:08","guid":{"rendered":"https:\/\/xn--kbrsglobalstore-7kcc.com\/?post_type=product&#038;p=32171"},"modified":"2025-12-17T20:24:55","modified_gmt":"2025-12-17T20:24:55","slug":"shimeini-1pc-2025-new-european-american-fashion-jacquard-patchwork-tote-bag-large-capacity-travel-bag-shopping-bag-suitable-for-womens-daily-use-work-commute-back-to-school-vacation-holiday","status":"publish","type":"product","link":"https:\/\/xn--kbrsglobalstore-7kcc.com\/tr\/urun\/shimeini-1pc-2025-new-european-american-fashion-jacquard-patchwork-tote-bag-large-capacity-travel-bag-shopping-bag-suitable-for-womens-daily-use-work-commute-back-to-school-vacation-holiday\/","title":{"rendered":"SHIMEINI 1 adet 2025 Yeni Avrupa ve Amerika Modas\u0131 Jakarl\u0131 Yama \u0130\u015flemeli Tote \u00c7anta"},"content":{"rendered":"<p class=\"ds-markdown-paragraph translation-block\">Yeni sezona sanatsal i\u015f\u00e7ili\u011fin bir ifadesiyle ad\u0131m at\u0131n. SHIMEINI 2025 Tote \u00c7anta, Avrupa ve Amerika'dan ilham alan \u00e7arp\u0131c\u0131 bir jakarl\u0131 patchwork tasar\u0131m\u0131 sergiliyor ve ger\u00e7ekten e\u015fsiz, bohem \u015f\u0131kl\u0131\u011f\u0131nda bir estetik i\u00e7in zengin desenleri ve dokular\u0131 bir araya getiriyor.<\/p>\n<p class=\"ds-markdown-paragraph translation-block\">G\u00f6z al\u0131c\u0131 g\u00f6r\u00fcn\u00fcm\u00fcn\u00fcn \u00f6tesinde, \u015fa\u015f\u0131rt\u0131c\u0131 derecede geni\u015f kapasitesiyle ger\u00e7ek hayata uygun olarak tasarlanm\u0131\u015ft\u0131r; seyahat \u00e7antas\u0131, al\u0131\u015fveri\u015f \u00e7antas\u0131 veya g\u00fcnl\u00fck i\u015f arkada\u015f\u0131 olarak m\u00fckemmeldir. Dayan\u0131kl\u0131 yap\u0131s\u0131 ve rahat ask\u0131lar\u0131, i\u015fe gidip gelme, okula d\u00f6n\u00fc\u015f, tatiller, bayram gezileri veya \u015f\u0131k bir bulu\u015fma i\u00e7in idealdir.<\/p>\n<p class=\"ds-markdown-paragraph translation-block\">Sadece bir \u00e7antadan \u00e7ok daha fazlas\u0131; g\u00fcnd\u00fczden geceye zahmetsizce ge\u00e7i\u015f yapabilen \u00e7ok y\u00f6nl\u00fc bir aksesuar. Cesur sanatsall\u0131\u011f\u0131 g\u00fcnl\u00fck i\u015flevsellikle birle\u015ftiren, d\u00fc\u015f\u00fcnceli ve \u015f\u0131k bir hediye.<\/p>","protected":false},"excerpt":{"rendered":"<p>Step into the new season with a statement of artistic craftsmanship. The SHIMEINI 2025 Tote Bag showcases a stunning\u00a0European &amp; American inspired jacquard patchwork design, weaving together rich patterns and textures for a truly unique, bohemian-chic aesthetic. Beyond its eye-catching look, it\u2019s built for real life with a\u00a0surprisingly large capacity, perfect as a\u00a0travel bag, shopping [&hellip;]<\/p>","protected":false},"featured_media":32185,"comment_status":"open","ping_status":"closed","template":"","meta":{"_monsterinsights_skip_tracking":false,"_monsterinsights_sitenote_active":false,"_monsterinsights_sitenote_note":"","_monsterinsights_sitenote_category":0},"product_brand":[],"product_cat":[15,122,145],"product_tag":[],"class_list":{"0":"post-32171","1":"product","2":"type-product","3":"status-publish","4":"has-post-thumbnail","6":"product_cat-uncategorized","7":"product_cat-bags-luggages","8":"product_cat-womens-bags","10":"first","11":"instock","12":"shipping-taxable","13":"purchasable","14":"product-type-simple"},"aioseo_notices":[],"_links":{"self":[{"href":"https:\/\/xn--kbrsglobalstore-7kcc.com\/tr\/wp-json\/wp\/v2\/product\/32171","targetHints":{"allow":["GET"]}}],"collection":[{"href":"https:\/\/xn--kbrsglobalstore-7kcc.com\/tr\/wp-json\/wp\/v2\/product"}],"about":[{"href":"https:\/\/xn--kbrsglobalstore-7kcc.com\/tr\/wp-json\/wp\/v2\/types\/product"}],"replies":[{"embeddable":true,"href":"https:\/\/xn--kbrsglobalstore-7kcc.com\/tr\/wp-json\/wp\/v2\/comments?post=32171"}],"wp:featuredmedia":[{"embeddable":true,"href":"https:\/\/xn--kbrsglobalstore-7kcc.com\/tr\/wp-json\/wp\/v2\/media\/32185"}],"wp:attachment":[{"href":"https:\/\/xn--kbrsglobalstore-7kcc.com\/tr\/wp-json\/wp\/v2\/media?parent=32171"}],"wp:term":[{"taxonomy":"product_brand","embeddable":true,"href":"https:\/\/xn--kbrsglobalstore-7kcc.com\/tr\/wp-json\/wp\/v2\/product_brand?post=32171"},{"taxonomy":"product_cat","embeddable":true,"href":"https:\/\/xn--kbrsglobalstore-7kcc.com\/tr\/wp-json\/wp\/v2\/product_cat?post=32171"},{"taxonomy":"product_tag","embeddable":true,"href":"https:\/\/xn--kbrsglobalstore-7kcc.com\/tr\/wp-json\/wp\/v2\/product_tag?post=32171"}],"curies":[{"name":"wp","href":"https:\/\/api.w.org\/{rel}","templated":true}]}}