{"id":32170,"date":"2025-12-08T21:00:24","date_gmt":"2025-12-08T21:00:24","guid":{"rendered":"https:\/\/xn--kbrsglobalstore-7kcc.com\/?post_type=product&#038;p=32170"},"modified":"2025-12-17T20:24:56","modified_gmt":"2025-12-17T20:24:56","slug":"maternal-and-two-pieces-set-handbag-with-coin-purse-large-capacity-tote-bag-with-embossed-plaid-and-solid-color-design-fashionable-shoulder-bag-for-women-women-bag-with-dime-bag","status":"publish","type":"product","link":"https:\/\/xn--kbrsglobalstore-7kcc.com\/tr\/urun\/maternal-and-two-pieces-set-handbag-with-coin-purse-large-capacity-tote-bag-with-embossed-plaid-and-solid-color-design-fashionable-shoulder-bag-for-women-women-bag-with-dime-bag\/","title":{"rendered":"Anne ve \u0130ki Par\u00e7al\u0131 Set El \u00c7antas\u0131, Bozuk Para C\u00fczdan\u0131, Kabartmal\u0131 Ekose ve D\u00fcz Renk Tasar\u0131ml\u0131 B\u00fcy\u00fck Kapasiteli Tote \u00c7anta, Kad\u0131nlar \u0130\u00e7in \u015e\u0131k Omuz \u00c7antas\u0131, Bozuk Para C\u00fczdanl\u0131 Kad\u0131n \u00c7antas\u0131"},"content":{"rendered":"<div class=\"ds-message _63c77b1\">\n<div class=\"ds-markdown\">\n<p class=\"ds-markdown-paragraph translation-block\">Anneler i\u00e7in tasarlanm\u0131\u015f iki par\u00e7al\u0131 el \u00e7antas\u0131 seti ile d\u00fczeni ve stili m\u00fckemmel bir uyum i\u00e7inde ta\u015f\u0131y\u0131n. Setin merkezinde, \u015f\u0131k kabartmal\u0131 ekose deseni ve d\u00fcz renk panelleriyle kontrast olu\u015fturan geni\u015f bir el \u00e7antas\u0131 yer al\u0131yor; bu da modaya uygun ve \u00e7ok y\u00f6nl\u00fc bir g\u00f6r\u00fcn\u00fcm yarat\u0131yor. G\u00fcnl\u00fck ihtiya\u00e7lar\u0131n\u0131z, i\u015f e\u015fyalar\u0131n\u0131z veya bebek bak\u0131m seti i\u00e7in geni\u015f bir kapasite sunan bu \u00e7anta, ger\u00e7ek bir anne vazge\u00e7ilmezi.<\/p>\n<p class=\"ds-markdown-paragraph translation-block\">Set, kartlar, nakit para veya kozmetik gibi k\u00fc\u00e7\u00fck e\u015fyalar\u0131 g\u00fcvenli ve kolay eri\u015filebilir bir \u015fekilde saklamak i\u00e7in m\u00fckemmel olan, uyumlu bir <strong>\u00e7\u0131kar\u0131labilir bozuk para c\u00fczdan\u0131 veya k\u00fc\u00e7\u00fck \u00e7anta<\/strong> i\u00e7erir. Her iki par\u00e7a da rahat ta\u015f\u0131ma sa\u011flayan, \u015f\u0131k <strong>omuz \u00e7antas\u0131<\/strong> olarak tasarlanm\u0131\u015ft\u0131r.<\/p>\n<p class=\"ds-markdown-paragraph\">Hem modaya hem de i\u015flevselli\u011fe \u00f6nem veren modern kad\u0131nlar i\u00e7in ideal olan bu set, i\u015fe giderken, al\u0131\u015fveri\u015f yaparken veya g\u00fcnl\u00fck gezilerde pratik d\u00fczeni \u00e7a\u011fda\u015f tasar\u0131mla kusursuz bir \u015fekilde birle\u015ftiriyor.<\/p>\n<\/div>\n<\/div>\n<div class=\"ds-theme\"><\/div>\n<div class=\"ds-flex _0a3d93b\">\n<div class=\"ds-flex _965abe9 _54866f7\">\n<div class=\"db183363 ds-icon-button ds-icon-button--m ds-icon-button--sizing-container\" tabindex=\"0\" role=\"button\" aria-disabled=\"false\">\n<div class=\"ds-icon-button__hover-bg\"><\/div>\n<div class=\"ds-icon\"><\/div>\n<div class=\"ds-focus-ring\"><\/div>\n<\/div>\n<div class=\"db183363 ds-icon-button ds-icon-button--m ds-icon-button--sizing-container\" tabindex=\"0\" role=\"button\" aria-disabled=\"false\">\n<div class=\"ds-icon-button__hover-bg\"><\/div>\n<div class=\"ds-icon\"><\/div>\n<div class=\"ds-focus-ring\"><\/div>\n<\/div>\n<div class=\"db183363 ds-icon-button ds-icon-button--m ds-icon-button--sizing-container\" tabindex=\"0\" role=\"button\" aria-disabled=\"false\">\n<div class=\"ds-icon-button__hover-bg\"><\/div>\n<div class=\"ds-icon\"><\/div>\n<div class=\"ds-focus-ring\"><\/div>\n<\/div>\n<div class=\"db183363 ds-icon-button ds-icon-button--m ds-icon-button--sizing-container\" tabindex=\"0\" role=\"button\" aria-disabled=\"false\">\n<div class=\"ds-icon-button__hover-bg\"><\/div>\n<div class=\"ds-icon\"><\/div>\n<div class=\"ds-focus-ring\"><\/div>\n<\/div>\n<div class=\"db183363 ds-icon-button ds-icon-button--m ds-icon-button--sizing-container\" tabindex=\"0\" role=\"button\" aria-disabled=\"false\">\n<div class=\"ds-icon-button__hover-bg\"><\/div>\n<div class=\"ds-icon\"><\/div>\n<\/div>\n<\/div>\n<\/div>","protected":false},"excerpt":{"rendered":"<p>Carry organization and style in perfect harmony with the Maternal Two-Piece Handbag Set. The centerpiece is a\u00a0spacious tote bag\u00a0featuring a chic\u00a0embossed plaid pattern\u00a0contrasted with\u00a0solid color panels, creating a fashionable and versatile look. It offers\u00a0ample capacity\u00a0for all daily essentials, work items, or a diaper kit, making it a true mom-essential. The set includes a matching\u00a0detachable coin [&hellip;]<\/p>","protected":false},"featured_media":32178,"comment_status":"open","ping_status":"closed","template":"","meta":{"_monsterinsights_skip_tracking":false,"_monsterinsights_sitenote_active":false,"_monsterinsights_sitenote_note":"","_monsterinsights_sitenote_category":0},"product_brand":[],"product_cat":[15,122,145],"product_tag":[],"class_list":{"0":"post-32170","1":"product","2":"type-product","3":"status-publish","4":"has-post-thumbnail","6":"product_cat-uncategorized","7":"product_cat-bags-luggages","8":"product_cat-womens-bags","10":"first","11":"instock","12":"shipping-taxable","13":"purchasable","14":"product-type-simple"},"aioseo_notices":[],"_links":{"self":[{"href":"https:\/\/xn--kbrsglobalstore-7kcc.com\/tr\/wp-json\/wp\/v2\/product\/32170","targetHints":{"allow":["GET"]}}],"collection":[{"href":"https:\/\/xn--kbrsglobalstore-7kcc.com\/tr\/wp-json\/wp\/v2\/product"}],"about":[{"href":"https:\/\/xn--kbrsglobalstore-7kcc.com\/tr\/wp-json\/wp\/v2\/types\/product"}],"replies":[{"embeddable":true,"href":"https:\/\/xn--kbrsglobalstore-7kcc.com\/tr\/wp-json\/wp\/v2\/comments?post=32170"}],"wp:featuredmedia":[{"embeddable":true,"href":"https:\/\/xn--kbrsglobalstore-7kcc.com\/tr\/wp-json\/wp\/v2\/media\/32178"}],"wp:attachment":[{"href":"https:\/\/xn--kbrsglobalstore-7kcc.com\/tr\/wp-json\/wp\/v2\/media?parent=32170"}],"wp:term":[{"taxonomy":"product_brand","embeddable":true,"href":"https:\/\/xn--kbrsglobalstore-7kcc.com\/tr\/wp-json\/wp\/v2\/product_brand?post=32170"},{"taxonomy":"product_cat","embeddable":true,"href":"https:\/\/xn--kbrsglobalstore-7kcc.com\/tr\/wp-json\/wp\/v2\/product_cat?post=32170"},{"taxonomy":"product_tag","embeddable":true,"href":"https:\/\/xn--kbrsglobalstore-7kcc.com\/tr\/wp-json\/wp\/v2\/product_tag?post=32170"}],"curies":[{"name":"wp","href":"https:\/\/api.w.org\/{rel}","templated":true}]}}