{"id":32169,"date":"2025-12-08T20:49:51","date_gmt":"2025-12-08T20:49:51","guid":{"rendered":"https:\/\/xn--kbrsglobalstore-7kcc.com\/?post_type=product&#038;p=32169"},"modified":"2025-12-17T20:24:56","modified_gmt":"2025-12-17T20:24:56","slug":"new-fashion-all-match-new-contrast-color-design-indentation-design-large-capacity-double-handle-shoulder-tote-bag-suitable-for-travel-shopping-commuting-to-work-with-scarf-decoration-design-ladies-el","status":"publish","type":"product","link":"https:\/\/xn--kbrsglobalstore-7kcc.com\/tr\/urun\/new-fashion-all-match-new-contrast-color-design-indentation-design-large-capacity-double-handle-shoulder-tote-bag-suitable-for-travel-shopping-commuting-to-work-with-scarf-decoration-design-ladies-el\/","title":{"rendered":"Yeni Moda Her \u015eeye Uyumlu Yeni Kontrast Renk Tasar\u0131m\u0131 Girintisi"},"content":{"rendered":"<div class=\"ds-message _63c77b1\">\n<div class=\"ds-markdown\">\n<p class=\"ds-markdown-paragraph translation-block\">Yeni Moda Kontrast Renkli Tote \u00c7anta ile cesur ve zarif bir tarz yarat\u0131n. Bu dikkat \u00e7ekici par\u00e7a, benzersiz bir \u00fc\u00e7 boyutlu girinti tasar\u0131m\u0131na ve dinamik bir kontrast renk blok desenine sahip olup, bak\u0131\u015flar\u0131 \u00fczerine \u00e7eken modern bir mimari g\u00f6r\u00fcn\u00fcm yarat\u0131yor.<\/p>\n<p class=\"ds-markdown-paragraph translation-block\">Built for the on-the-go lifestyle, it offers\u00a0<strong>surprisingly large capacity<\/strong>\u00a0with a structured silhouette, making it perfect for\u00a0<strong>travel, shopping, or commuting to work<\/strong>. The bag includes\u00a0<strong>dual top handles<\/strong>\u00a0and a\u00a0<strong>detachable shoulder strap<\/strong>\u00a0for versatile carrying, plus a\u00a0<strong>charming decorative scarf<\/strong>\u00a0to add a personalized, chic flair.<\/p>\n<p class=\"ds-markdown-paragraph translation-block\">Bu sadece bir el \u00e7antas\u0131 de\u011fil, hayat\u0131n\u0131z i\u00e7in \u00e7ok y\u00f6nl\u00fc bir <strong>i\u015fe gidip gelirken kullanabilece\u011finiz c\u00fczdan<\/strong>; ofisten hafta sonu maceralar\u0131na kadar d\u00fczenli ve \u015f\u0131k kalman\u0131z\u0131 sa\u011flar. \u0130\u015flevsel sanat\u0131n ger\u00e7ek bir \u00f6rne\u011fi.<\/p>\n<\/div>\n<\/div>\n<div class=\"ds-theme\"><\/div>\n<div class=\"ds-flex _0a3d93b\">\n<div class=\"ds-flex _965abe9 _54866f7\">\n<div class=\"db183363 ds-icon-button ds-icon-button--m ds-icon-button--sizing-container\" tabindex=\"0\" role=\"button\" aria-disabled=\"false\">\n<div class=\"ds-icon-button__hover-bg\"><\/div>\n<div class=\"ds-icon\"><\/div>\n<div class=\"ds-focus-ring\"><\/div>\n<\/div>\n<div class=\"db183363 ds-icon-button ds-icon-button--m ds-icon-button--sizing-container\" tabindex=\"0\" role=\"button\" aria-disabled=\"false\">\n<div class=\"ds-icon-button__hover-bg\"><\/div>\n<div class=\"ds-icon\"><\/div>\n<div class=\"ds-focus-ring\"><\/div>\n<\/div>\n<div class=\"db183363 ds-icon-button ds-icon-button--m ds-icon-button--sizing-container\" tabindex=\"0\" role=\"button\" aria-disabled=\"false\">\n<div class=\"ds-icon-button__hover-bg\"><\/div>\n<div class=\"ds-icon\"><\/div>\n<div class=\"ds-focus-ring\"><\/div>\n<\/div>\n<div class=\"db183363 ds-icon-button ds-icon-button--m ds-icon-button--sizing-container\" tabindex=\"0\" role=\"button\" aria-disabled=\"false\">\n<div class=\"ds-icon-button__hover-bg\"><\/div>\n<div class=\"ds-icon\"><\/div>\n<div class=\"ds-focus-ring\"><\/div>\n<\/div>\n<div class=\"db183363 ds-icon-button ds-icon-button--m ds-icon-button--sizing-container\" tabindex=\"0\" role=\"button\" aria-disabled=\"false\">\n<div class=\"ds-icon-button__hover-bg\"><\/div>\n<div class=\"ds-icon\"><\/div>\n<\/div>\n<\/div>\n<\/div>","protected":false},"excerpt":{"rendered":"<p>Make a bold, elegant statement with the New Fashion Contrast Color Tote Bag. This standout piece features a unique\u00a0three-dimensional indentation design\u00a0and a\u00a0dynamic contrast color block pattern, creating a modern architectural look that turns heads. Built for the on-the-go lifestyle, it offers\u00a0surprisingly large capacity\u00a0with a structured silhouette, making it perfect for\u00a0travel, shopping, or commuting to work. [&hellip;]<\/p>","protected":false},"featured_media":32074,"comment_status":"open","ping_status":"closed","template":"","meta":{"_monsterinsights_skip_tracking":false,"_monsterinsights_sitenote_active":false,"_monsterinsights_sitenote_note":"","_monsterinsights_sitenote_category":0},"product_brand":[],"product_cat":[15,122,145],"product_tag":[],"class_list":{"0":"post-32169","1":"product","2":"type-product","3":"status-publish","4":"has-post-thumbnail","6":"product_cat-uncategorized","7":"product_cat-bags-luggages","8":"product_cat-womens-bags","10":"first","11":"instock","12":"shipping-taxable","13":"purchasable","14":"product-type-simple"},"aioseo_notices":[],"_links":{"self":[{"href":"https:\/\/xn--kbrsglobalstore-7kcc.com\/tr\/wp-json\/wp\/v2\/product\/32169","targetHints":{"allow":["GET"]}}],"collection":[{"href":"https:\/\/xn--kbrsglobalstore-7kcc.com\/tr\/wp-json\/wp\/v2\/product"}],"about":[{"href":"https:\/\/xn--kbrsglobalstore-7kcc.com\/tr\/wp-json\/wp\/v2\/types\/product"}],"replies":[{"embeddable":true,"href":"https:\/\/xn--kbrsglobalstore-7kcc.com\/tr\/wp-json\/wp\/v2\/comments?post=32169"}],"wp:featuredmedia":[{"embeddable":true,"href":"https:\/\/xn--kbrsglobalstore-7kcc.com\/tr\/wp-json\/wp\/v2\/media\/32074"}],"wp:attachment":[{"href":"https:\/\/xn--kbrsglobalstore-7kcc.com\/tr\/wp-json\/wp\/v2\/media?parent=32169"}],"wp:term":[{"taxonomy":"product_brand","embeddable":true,"href":"https:\/\/xn--kbrsglobalstore-7kcc.com\/tr\/wp-json\/wp\/v2\/product_brand?post=32169"},{"taxonomy":"product_cat","embeddable":true,"href":"https:\/\/xn--kbrsglobalstore-7kcc.com\/tr\/wp-json\/wp\/v2\/product_cat?post=32169"},{"taxonomy":"product_tag","embeddable":true,"href":"https:\/\/xn--kbrsglobalstore-7kcc.com\/tr\/wp-json\/wp\/v2\/product_tag?post=32169"}],"curies":[{"name":"wp","href":"https:\/\/api.w.org\/{rel}","templated":true}]}}