{"id":32059,"date":"2025-12-07T01:01:49","date_gmt":"2025-12-07T01:01:49","guid":{"rendered":"https:\/\/xn--kbrsglobalstore-7kcc.com\/?post_type=product&#038;p=32059"},"modified":"2025-12-17T20:24:56","modified_gmt":"2025-12-17T20:24:56","slug":"fashion-crocodile-embossed-flap-bag-shoulder-bag","status":"publish","type":"product","link":"https:\/\/xn--kbrsglobalstore-7kcc.com\/tr\/urun\/fashion-crocodile-embossed-flap-bag-shoulder-bag\/","title":{"rendered":"Moda Timsah Desenli Kapakl\u0131 Omuz \u00c7antas\u0131"},"content":{"rendered":"<div class=\"ds-message _63c77b1\">\n<div class=\"ds-markdown\">\n<p class=\"ds-markdown-paragraph translation-block\">\u015e\u0131kl\u0131\u011f\u0131n\u0131z\u0131, zengin dokusu ve zamans\u0131z tasar\u0131m\u0131yla Fashion Crocodile Embossed Flap Shoulder Bag ile bir \u00fcst seviyeye ta\u015f\u0131y\u0131n. Sofistike bir timsah derisi deseniyle \u00fcretilen bu \u00e7anta, hem klasik hem de \u00e7a\u011fda\u015f bir his uyand\u0131ran l\u00fcks ve \u00fcst d\u00fczey bir g\u00f6r\u00fcn\u00fcm sunuyor.<\/p>\n<p class=\"ds-markdown-paragraph translation-block\">\u015e\u0131k bir \u00f6n kapak kapatma mekanizmas\u0131yla sabitlenen yap\u0131, hem stil hem de pratiklik sunuyor. Rahat ve ayarlanabilir omuz ask\u0131s\u0131yla birle\u015fti\u011finde, g\u00fcnl\u00fck kullan\u0131m i\u00e7in zahmetsiz bir \u00e7ok y\u00f6nl\u00fcl\u00fck sa\u011flayarak, g\u00fcnd\u00fcz i\u015flerinden ak\u015fam \u015f\u0131kl\u0131\u011f\u0131na sorunsuz bir ge\u00e7i\u015f sunuyor.<\/p>\n<p class=\"ds-markdown-paragraph\">Cesur doku ve i\u015flevsel tasar\u0131m\u0131n m\u00fckemmel birle\u015fimi olan bu omuz \u00e7antas\u0131, modern gard\u0131robun olmazsa olmaz bir par\u00e7as\u0131d\u0131r ve her k\u0131yafeti kendinden emin bir zarafetle tamamlamak \u00fczere tasarlanm\u0131\u015ft\u0131r.<\/p>\n<\/div>\n<\/div>\n<div class=\"ds-theme\"><\/div>\n<div class=\"ds-flex _0a3d93b\">\n<div class=\"ds-flex _965abe9 _54866f7\">\n<div class=\"db183363 ds-icon-button ds-icon-button--m ds-icon-button--sizing-container\" tabindex=\"0\" role=\"button\" aria-disabled=\"false\">\n<div class=\"ds-icon-button__hover-bg\"><\/div>\n<div class=\"ds-icon\"><\/div>\n<div class=\"ds-focus-ring\"><\/div>\n<\/div>\n<div class=\"db183363 ds-icon-button ds-icon-button--m ds-icon-button--sizing-container\" tabindex=\"0\" role=\"button\" aria-disabled=\"false\">\n<div class=\"ds-icon-button__hover-bg\"><\/div>\n<div class=\"ds-icon\"><\/div>\n<div class=\"ds-focus-ring\"><\/div>\n<\/div>\n<div class=\"db183363 ds-icon-button ds-icon-button--m ds-icon-button--sizing-container\" tabindex=\"0\" role=\"button\" aria-disabled=\"false\">\n<div class=\"ds-icon-button__hover-bg\"><\/div>\n<div class=\"ds-icon\"><\/div>\n<div class=\"ds-focus-ring\"><\/div>\n<\/div>\n<div class=\"db183363 ds-icon-button ds-icon-button--m ds-icon-button--sizing-container\" tabindex=\"0\" role=\"button\" aria-disabled=\"false\">\n<div class=\"ds-icon-button__hover-bg\"><\/div>\n<div class=\"ds-icon\"><\/div>\n<div class=\"ds-focus-ring\"><\/div>\n<\/div>\n<div class=\"db183363 ds-icon-button ds-icon-button--m ds-icon-button--sizing-container\" tabindex=\"0\" role=\"button\" aria-disabled=\"false\">\n<div class=\"ds-icon-button__hover-bg\"><\/div>\n<div class=\"ds-icon\"><\/div>\n<\/div>\n<\/div>\n<\/div>","protected":false},"excerpt":{"rendered":"<p>Elevate your accessory game with the rich texture and timeless design of the Fashion Crocodile Embossed Flap Shoulder Bag. Crafted with a sophisticated\u00a0crocodile-embossed pattern, this bag delivers a luxurious, high-end look that feels both classic and contemporary. The structured shape is secured with an elegant\u00a0front flap closure, offering both style and practicality. Paired with a [&hellip;]<\/p>","protected":false},"featured_media":32069,"comment_status":"open","ping_status":"closed","template":"","meta":{"_monsterinsights_skip_tracking":false,"_monsterinsights_sitenote_active":false,"_monsterinsights_sitenote_note":"","_monsterinsights_sitenote_category":0},"product_brand":[],"product_cat":[15,122,145],"product_tag":[],"class_list":{"0":"post-32059","1":"product","2":"type-product","3":"status-publish","4":"has-post-thumbnail","6":"product_cat-uncategorized","7":"product_cat-bags-luggages","8":"product_cat-womens-bags","10":"first","11":"instock","12":"shipping-taxable","13":"purchasable","14":"product-type-simple"},"aioseo_notices":[],"_links":{"self":[{"href":"https:\/\/xn--kbrsglobalstore-7kcc.com\/tr\/wp-json\/wp\/v2\/product\/32059","targetHints":{"allow":["GET"]}}],"collection":[{"href":"https:\/\/xn--kbrsglobalstore-7kcc.com\/tr\/wp-json\/wp\/v2\/product"}],"about":[{"href":"https:\/\/xn--kbrsglobalstore-7kcc.com\/tr\/wp-json\/wp\/v2\/types\/product"}],"replies":[{"embeddable":true,"href":"https:\/\/xn--kbrsglobalstore-7kcc.com\/tr\/wp-json\/wp\/v2\/comments?post=32059"}],"wp:featuredmedia":[{"embeddable":true,"href":"https:\/\/xn--kbrsglobalstore-7kcc.com\/tr\/wp-json\/wp\/v2\/media\/32069"}],"wp:attachment":[{"href":"https:\/\/xn--kbrsglobalstore-7kcc.com\/tr\/wp-json\/wp\/v2\/media?parent=32059"}],"wp:term":[{"taxonomy":"product_brand","embeddable":true,"href":"https:\/\/xn--kbrsglobalstore-7kcc.com\/tr\/wp-json\/wp\/v2\/product_brand?post=32059"},{"taxonomy":"product_cat","embeddable":true,"href":"https:\/\/xn--kbrsglobalstore-7kcc.com\/tr\/wp-json\/wp\/v2\/product_cat?post=32059"},{"taxonomy":"product_tag","embeddable":true,"href":"https:\/\/xn--kbrsglobalstore-7kcc.com\/tr\/wp-json\/wp\/v2\/product_tag?post=32059"}],"curies":[{"name":"wp","href":"https:\/\/api.w.org\/{rel}","templated":true}]}}