{"id":32043,"date":"2025-12-06T16:19:11","date_gmt":"2025-12-06T16:19:11","guid":{"rendered":"https:\/\/xn--kbrsglobalstore-7kcc.com\/?post_type=product&#038;p=32043"},"modified":"2025-12-17T20:24:56","modified_gmt":"2025-12-17T20:24:56","slug":"womens-large-capacity-bohemian-crossbody-bag","status":"publish","type":"product","link":"https:\/\/xn--kbrsglobalstore-7kcc.com\/tr\/urun\/womens-large-capacity-bohemian-crossbody-bag\/","title":{"rendered":"Kad\u0131nlar i\u00e7in B\u00fcy\u00fck Kapasiteli Bohem Tarz\u0131 Omuz \u00c7antas\u0131"},"content":{"rendered":"<div class=\"ds-message _63c77b1\">\n<div class=\"ds-markdown\">\n<p class=\"ds-markdown-paragraph translation-block\">Kad\u0131nlar i\u00e7in tasarlanm\u0131\u015f, geni\u015f kapasiteli, bohem tarz\u0131 \u00e7apraz ask\u0131l\u0131 \u00e7anta ile kayg\u0131s\u0131z ve sanatsal bir ruhu kucaklay\u0131n. Bu geni\u015f \u00e7anta, eklektik desenler, p\u00fcsk\u00fcller, nak\u0131\u015flar veya sa\u00e7ak detaylar\u0131yla gezgin ruhunu ve yarat\u0131c\u0131 \u00f6zg\u00fcrl\u00fc\u011f\u00fc yans\u0131tan bir <strong>boho-\u015f\u0131k estetik<\/strong> ile tasarlanm\u0131\u015ft\u0131r.<\/p>\n<p class=\"ds-markdown-paragraph translation-block\">Rahat g\u00f6r\u00fcn\u00fcm\u00fcne aldanmay\u0131n; birden fazla b\u00f6lmesiyle \u015fa\u015f\u0131rt\u0131c\u0131 derecede geni\u015f bir saklama alan\u0131 sunarak g\u00fcnl\u00fck ihtiya\u00e7lar\u0131n\u0131z\u0131, ince bir k\u0131yafetinizi veya pazardan ald\u0131klar\u0131n\u0131z\u0131 ta\u015f\u0131mak i\u00e7in m\u00fckemmeldir. Ayarlanabilir \u00e7apraz ask\u0131l\u0131 kay\u0131\u015f\u0131, t\u00fcm maceralar\u0131n\u0131zda rahat ve elleriniz serbest bir kullan\u0131m sa\u011flar.<\/p>\n<p class=\"ds-markdown-paragraph\">Festivaller, seyahatler veya g\u00fcnl\u00fck k\u0131yafetlere k\u00fcresel bir hava katmak i\u00e7in ideal olan bu \u00e7anta, hem i\u015flevsel hem de \u015f\u0131k. \u00d6zg\u00fcr ruhlu ve pratik kad\u0131nlar i\u00e7in ger\u00e7ek bir yol arkada\u015f\u0131.<\/p>\n<\/div>\n<\/div>\n<div class=\"ds-theme\"><\/div>\n<div class=\"ds-flex _0a3d93b\">\n<div class=\"ds-flex _965abe9 _54866f7\">\n<div class=\"db183363 ds-icon-button ds-icon-button--m ds-icon-button--sizing-container\" tabindex=\"0\" role=\"button\" aria-disabled=\"false\">\n<div class=\"ds-icon-button__hover-bg\"><\/div>\n<div class=\"ds-icon\"><\/div>\n<div class=\"ds-focus-ring\"><\/div>\n<\/div>\n<div class=\"db183363 ds-icon-button ds-icon-button--m ds-icon-button--sizing-container\" tabindex=\"0\" role=\"button\" aria-disabled=\"false\">\n<div class=\"ds-icon-button__hover-bg\"><\/div>\n<div class=\"ds-icon\"><\/div>\n<div class=\"ds-focus-ring\"><\/div>\n<\/div>\n<div class=\"db183363 ds-icon-button ds-icon-button--m ds-icon-button--sizing-container\" tabindex=\"0\" role=\"button\" aria-disabled=\"false\">\n<div class=\"ds-icon-button__hover-bg\"><\/div>\n<div class=\"ds-icon\"><\/div>\n<div class=\"ds-focus-ring\"><\/div>\n<\/div>\n<div class=\"db183363 ds-icon-button ds-icon-button--m ds-icon-button--sizing-container\" tabindex=\"0\" role=\"button\" aria-disabled=\"false\">\n<div class=\"ds-icon-button__hover-bg\"><\/div>\n<div class=\"ds-icon\"><\/div>\n<div class=\"ds-focus-ring\"><\/div>\n<\/div>\n<div class=\"db183363 ds-icon-button ds-icon-button--m ds-icon-button--sizing-container\" tabindex=\"0\" role=\"button\" aria-disabled=\"false\">\n<div class=\"ds-icon-button__hover-bg\"><\/div>\n<div class=\"ds-icon\"><\/div>\n<\/div>\n<\/div>\n<\/div>","protected":false},"excerpt":{"rendered":"<p>Embrace carefree, artistic spirit with the Women&#8217;s Large Capacity Bohemian Crossbody Bag. This spacious bag is designed with a\u00a0boho-chic aesthetic, often featuring eclectic patterns, tassels, embroidery, or fringe details that capture a sense of wanderlust and creative freedom. Don&#8217;t be fooled by its relaxed vibe\u2014it offers\u00a0surprisingly generous storage\u00a0with multiple compartments, making it perfect for carrying [&hellip;]<\/p>","protected":false},"featured_media":32045,"comment_status":"open","ping_status":"closed","template":"","meta":{"_monsterinsights_skip_tracking":false,"_monsterinsights_sitenote_active":false,"_monsterinsights_sitenote_note":"","_monsterinsights_sitenote_category":0},"product_brand":[],"product_cat":[15,122,145],"product_tag":[],"class_list":{"0":"post-32043","1":"product","2":"type-product","3":"status-publish","4":"has-post-thumbnail","6":"product_cat-uncategorized","7":"product_cat-bags-luggages","8":"product_cat-womens-bags","10":"first","11":"instock","12":"shipping-taxable","13":"purchasable","14":"product-type-simple"},"aioseo_notices":[],"_links":{"self":[{"href":"https:\/\/xn--kbrsglobalstore-7kcc.com\/tr\/wp-json\/wp\/v2\/product\/32043","targetHints":{"allow":["GET"]}}],"collection":[{"href":"https:\/\/xn--kbrsglobalstore-7kcc.com\/tr\/wp-json\/wp\/v2\/product"}],"about":[{"href":"https:\/\/xn--kbrsglobalstore-7kcc.com\/tr\/wp-json\/wp\/v2\/types\/product"}],"replies":[{"embeddable":true,"href":"https:\/\/xn--kbrsglobalstore-7kcc.com\/tr\/wp-json\/wp\/v2\/comments?post=32043"}],"wp:featuredmedia":[{"embeddable":true,"href":"https:\/\/xn--kbrsglobalstore-7kcc.com\/tr\/wp-json\/wp\/v2\/media\/32045"}],"wp:attachment":[{"href":"https:\/\/xn--kbrsglobalstore-7kcc.com\/tr\/wp-json\/wp\/v2\/media?parent=32043"}],"wp:term":[{"taxonomy":"product_brand","embeddable":true,"href":"https:\/\/xn--kbrsglobalstore-7kcc.com\/tr\/wp-json\/wp\/v2\/product_brand?post=32043"},{"taxonomy":"product_cat","embeddable":true,"href":"https:\/\/xn--kbrsglobalstore-7kcc.com\/tr\/wp-json\/wp\/v2\/product_cat?post=32043"},{"taxonomy":"product_tag","embeddable":true,"href":"https:\/\/xn--kbrsglobalstore-7kcc.com\/tr\/wp-json\/wp\/v2\/product_tag?post=32043"}],"curies":[{"name":"wp","href":"https:\/\/api.w.org\/{rel}","templated":true}]}}